{"id":1018,"date":"2016-12-29T16:27:47","date_gmt":"2016-12-29T16:27:47","guid":{"rendered":"http:\/\/ac-mastering.fr\/WordPress\/?page_id=1018"},"modified":"2020-09-12T09:20:21","modified_gmt":"2020-09-12T09:20:21","slug":"mastering","status":"publish","type":"page","link":"https:\/\/www.ac-mastering.fr\/WordPress\/services-et-gestion-de-projets\/mastering\/","title":{"rendered":"Mastering"},"content":{"rendered":"<p style=\"text-align: justify;\"><img loading=\"lazy\" decoding=\"async\" class=\"aligncenter wp-image-2865 size-full\" src=\"https:\/\/www.ac-mastering.fr\/WordPress\/wp-content\/uploads\/2016\/12\/Entete-Mastering-01.png\" alt=\"\" width=\"706\" height=\"164\" data-id=\"2865\" srcset=\"https:\/\/www.ac-mastering.fr\/WordPress\/wp-content\/uploads\/2016\/12\/Entete-Mastering-01.png 706w, https:\/\/www.ac-mastering.fr\/WordPress\/wp-content\/uploads\/2016\/12\/Entete-Mastering-01-300x70.png 300w\" sizes=\"auto, (max-width: 706px) 100vw, 706px\" \/><\/p>\n<p style=\"text-align: justify;\">Jean-Michel Rabineau, dirigeant du studio ACM est sp\u00e9cialis\u00e9 dans le mastering depuis plus de 20 ans avec une collaboration aupr\u00e8s de nombreux clients en France et \u00e0 l&rsquo;\u00e9tranger.<br \/>\nCette exp\u00e9rience aupr\u00e8s des artistes, producteurs, Majors, labels, ind\u00e9pendants et auto producteurs a consolid\u00e9 une culture, une approche technique et artistique diversifi\u00e9e (musique classique, jazz, pop, rock, blues, \u00e9lectro, folk, etc&#8230;), les musiques spirituelles et religieuses, les chansons &amp; contes pour enfants, les livres audios, voix off, etc. .<\/p>\n<p style=\"text-align: justify;\">Afin de conserver int\u00e9gralement l&rsquo;identit\u00e9 artistique du projet, le mastering apporte les contr\u00f4les et traitements acoustiques n\u00e9cessaires pour optimiser vos enregistrements selon votre ambiance et votre signature acoustique.<br \/>\nPour cela, d\u00e9livrez-nous vos r\u00e9f\u00e9rences : genre musical, expression acoustique, ambiance sonore ou tout autre effet que vous souhaitez rejoindre.<\/p>\n<p style=\"text-align: justify;\">Le Mastering, activit\u00e9 principale du studio ACM, est accompagn\u00e9e de diff\u00e9rents services de gestion de projet (CD, \u00e9v\u00e8nementiel, bande son, etc.), d\u2019enregistrement, graphisme et production. Pour les clients \u00e0 la recherche d&rsquo;une solution globale ou partielle, le studio ACM propose diff\u00e9rents services.<\/p>\n<p style=\"text-align: right;\"><strong>Voir page <a href=\"https:\/\/www.ac-mastering.fr\/WordPress\/services-et-gestion-de-projets\/\" target=\"_blank\" rel=\"noopener noreferrer\">Services &amp; Gestion de projets<\/a><\/strong><\/p>\n<h4 style=\"text-align: justify;\"><strong>\u00a0C&rsquo;est quoi le mastering ?<\/strong><\/h4>\n<p style=\"text-align: justify;\"><img loading=\"lazy\" decoding=\"async\" class=\"alignright wp-image-2875 size-full\" src=\"https:\/\/www.ac-mastering.fr\/WordPress\/wp-content\/uploads\/2016\/12\/Sequoia-13-e1487687910596.png\" alt=\"\" width=\"300\" height=\"149\" data-id=\"2875\" \/>Le mastering est l&rsquo;ultime pr\u00e9paration avant la production et\/ou diffusion d&rsquo;un enregistrement phonographique quelque soit son origine et sa destination (musique, chant, livres audios, po\u00e9sies, etc.). C&rsquo;est la derni\u00e8re \u00e9tape o\u00f9 l&rsquo;int\u00e9gralit\u00e9 du montage final, de tous les param\u00e8tres acoustiques et sonores sont v\u00e9rifi\u00e9s et pr\u00e9par\u00e9s selon les normes produits mais avant tout selon l&rsquo;identit\u00e9 artistique du client.<br \/>\nPour des compilations avec des titres d&rsquo;origines diff\u00e9rentes, le mastering est \u00e9galement indispensable et souvent plus complexe de part la diversit\u00e9 des sources (ambiance, mix, etc.).<\/p>\n<p style=\"text-align: justify;\">Le mastering s&rsquo;effectue \u00e0 la sortie du mixage sur un enregistrement st\u00e9r\u00e9o sous des formats et d\u00e9finitions variables selon l&rsquo;\u00e9quipement et le choix du studio de mixage.<br \/>\nCe travail est r\u00e9alis\u00e9 dans une pi\u00e8ce disposant d&rsquo;une acoustique neutre et un monitoring de pr\u00e9cision sur un \u00e9quipement analogique &amp; num\u00e9rique calibr\u00e9 pour une \u00e9coute parfaitement objective.<\/p>\n<p style=\"text-align: right;\"><strong>Le studio ACM accepte de nombreux formats, voir <a href=\"https:\/\/www.ac-mastering.fr\/WordPress\/a-savoir\/specifications-acm\/\" target=\"_blank\" rel=\"noopener noreferrer\">nos sp\u00e9cifications<\/a><\/strong><\/p>\n<h4 style=\"text-align: justify;\"><strong>\u00a0Pour quoi faire ?<\/strong><\/h4>\n<p style=\"text-align: justify;\">Le mastering pr\u00e9pare le support final (Master) pour la production CD, Vinyle mais \u00e9galement pour la distribution en ligne sur les plateformes de t\u00e9l\u00e9chargement (itunes, Spotify, Qobuz, Deezer, etc.). Il valorise tous les travaux r\u00e9alis\u00e9s en amont avec une approche plus globale de l&rsquo;enregistrement et avec une priorit\u00e9 constante sur la fid\u00e9lit\u00e9 acoustique et le style original.<\/p>\n<p style=\"text-align: justify;\"><img loading=\"lazy\" decoding=\"async\" class=\"aligncenter wp-image-2903 size-full\" src=\"https:\/\/www.ac-mastering.fr\/WordPress\/wp-content\/uploads\/2016\/12\/Compatibilit\u00e9-et-utilisation-tous-supports-01.png\" alt=\"\" width=\"685\" height=\"182\" data-id=\"2903\" srcset=\"https:\/\/www.ac-mastering.fr\/WordPress\/wp-content\/uploads\/2016\/12\/Compatibilit\u00e9-et-utilisation-tous-supports-01.png 685w, https:\/\/www.ac-mastering.fr\/WordPress\/wp-content\/uploads\/2016\/12\/Compatibilit\u00e9-et-utilisation-tous-supports-01-300x80.png 300w\" sizes=\"auto, (max-width: 685px) 100vw, 685px\" \/><\/p>\n<p style=\"text-align: justify;\">Pour que chaque \u0153uvre soit audible en toutes conditions et sur tous types d&rsquo;\u00e9quipements, certaines r\u00e8gles s&rsquo;imposent. C&rsquo;est l\u00e0 qu&rsquo;intervient l&rsquo;expertise de l&rsquo;ing\u00e9nieur pour que l&rsquo;espace sonore et la couleur soient parfaitement respect\u00e9s.<br \/>\nIl y a plusieurs \u00e9tapes \u00e0 respecter et surtout un cap artistique \u00e0 maintenir. Sur des titres enregistr\u00e9s et mix\u00e9s dans des conditions diff\u00e9rentes (lives, studios) par diff\u00e9rents ing\u00e9nieurs du son, les sources auront une signature sonore diff\u00e9rente.<br \/>\nAu del\u00e0 des diff\u00e9rences d&rsquo;origines et avec tous les titres enregistr\u00e9s et mix\u00e9s au m\u00eame endroit, c&rsquo;est ensuite chaque titre qui a sa propre couleur, sa dynamique et son impact.<br \/>\nLe mastering ne doit pas formater les enregistrements avec une empreinte commerciale ou \u00e0 la mode, mais \u00e0 contre courant avec les comp\u00e9titions \u00e0 la puissance et au rendement sonore de ses derni\u00e8res ann\u00e9es, le travail bien fait consiste \u00e0 conserver l&rsquo;espace et la dynamique de l&rsquo;interpr\u00e9tation originale.<\/p>\n<h4 style=\"text-align: justify;\"><strong>\u00a0Comment \u00e7a marche ?<\/strong><\/h4>\n<p style=\"text-align: justify;\"><img loading=\"lazy\" decoding=\"async\" class=\"alignright wp-image-2871 size-full\" src=\"https:\/\/www.ac-mastering.fr\/WordPress\/wp-content\/uploads\/2016\/12\/Sequoia.png\" alt=\"\" width=\"340\" height=\"300\" data-id=\"2871\" srcset=\"https:\/\/www.ac-mastering.fr\/WordPress\/wp-content\/uploads\/2016\/12\/Sequoia.png 340w, https:\/\/www.ac-mastering.fr\/WordPress\/wp-content\/uploads\/2016\/12\/Sequoia-300x265.png 300w\" sizes=\"auto, (max-width: 340px) 100vw, 340px\" \/>Le mastering peut apporter de nombreuses modifications de configuration et de structure sur l&rsquo;enregistrement original avec diff\u00e9rents outils et m\u00e9thodes propre \u00e0 chaque studio.<br \/>\nPour cela, il y a deux protocoles\/process qui cohabitent : le num\u00e9rique et l&rsquo;analogique.<br \/>\nLe studio ACM a choisi une configuration en majorit\u00e9 num\u00e9rique pour des raisons de fiabilit\u00e9 mais aussi de performances et d&rsquo;ouverture. M\u00eame si de nombreux professionnels choisissent la sommation analogique pour certains traitements, aujourd&rsquo;hui les algorithmes des logiciels (DAW et plugins professionnels) ont rejoint voire d\u00e9pass\u00e9 les solutions \u00e9lectroniques analogiques.<br \/>\nUn second avantage sur les solutions num\u00e9riques et non des moindres, c&rsquo;est la maintenance, la calibration et l&rsquo;\u00e9volution des outils. Obtenir le meilleur r\u00e9sultat est bien le premier objectif fix\u00e9. Les moyens (m\u00e9thodes et outils) sont d\u00e9terminants mais c&rsquo;est l&rsquo;utilisation que l&rsquo;on en fait\u00a0 et l&rsquo;expertise de l&rsquo;ing\u00e9nieur (et ses deux oreilles) qui garantiront du r\u00e9sultat.<\/p>\n<p style=\"text-align: justify;\">Pour commencer, \u00e0 r\u00e9ception des \u00e9l\u00e9ments du client, ceux-ci sont syst\u00e9matiquement identifi\u00e9s et charg\u00e9s sur le serveur s\u00e9curis\u00e9 du studio. Cela garanti une int\u00e9grit\u00e9 totale des \u00e9l\u00e9ments lors de leur exploitation. Pour les titres transf\u00e9r\u00e9s par FTP, un checksum est syst\u00e9matiquement demand\u00e9 garantissant ainsi l&rsquo;int\u00e9grit\u00e9 des fichiers transf\u00e9r\u00e9s (voir \u00a7 1 de nos <a href=\"https:\/\/www.ac-mastering.fr\/WordPress\/a-savoir\/specifications-acm\/\" target=\"_blank\" rel=\"noopener noreferrer\">sp\u00e9cifications<\/a>).<br \/>\nPour approfondir l&rsquo;\u00e9quilibre et les traitements n\u00e9cessaires, la solution du \u00ab\u00a0Stem Mastering\u00a0\u00bb permet \u00e0 pr\u00e9sent de travailler d&rsquo;une mani\u00e8re plus dirig\u00e9e en utilisant les sous-groupes du mixage. Cette m\u00e9thode permet en effet d&rsquo;aller plus loin dans l&rsquo;\u00e9quilibre et l&rsquo;espace sonore.<\/p>\n<p style=\"text-align: justify;\">Il n&rsquo;y a pas de miracles au mastering, une prise de son, un enregistrement mal pr\u00e9par\u00e9s ne pourront pas \u00eatre \u00ab\u00a0restaur\u00e9s\u00a0\u00bb au mastering. L&rsquo;approche technique du mastering doit \u00eatre\u00a0 pr\u00e9cise, respectueuse et se pratique avec une approche diff\u00e9rente du mixage. Cependant certains param\u00e8tres peuvent \u00eatre corrig\u00e9s ou am\u00e9lior\u00e9s comme vous pourrez le voir dans les 3 chapitres ci-dessous.<\/p>\n<hr \/>\n<p style=\"text-align: justify;\"><span style=\"font-size: 18pt;\"><strong>Liste des principales \u00e9tapes r\u00e9alis\u00e9es au mastering :<\/strong><\/span><\/p>\n<h3 style=\"text-align: justify;\"><span style=\"font-size: 14pt;\"><strong>\u00a01. CONTROLE RECEPTION :<\/strong><\/span><\/h3>\n<p style=\"text-align: justify;\">Selon les \u00e9carts rencontr\u00e9s lors du contr\u00f4le r\u00e9ception, un rapport d\u00e9taill\u00e9 est transmis au client pour validation avec les principaux contr\u00f4les suivants :<\/p>\n<p style=\"text-align: justify;\">&#8211; environnement &amp; bruits r\u00e9siduels : parasites, souffle, ronflette, clics, craquements, claquements sourds, bruits de bouche, sifflantes, respiration, bruit micro ou instrument, bruit d&rsquo;ambiance, bruit de fond, etc. <img loading=\"lazy\" decoding=\"async\" class=\"alignright wp-image-2882 size-full\" src=\"https:\/\/www.ac-mastering.fr\/WordPress\/wp-content\/uploads\/2016\/12\/Sequoia_01.png\" alt=\"\" width=\"340\" height=\"300\" data-id=\"2882\" srcset=\"https:\/\/www.ac-mastering.fr\/WordPress\/wp-content\/uploads\/2016\/12\/Sequoia_01.png 340w, https:\/\/www.ac-mastering.fr\/WordPress\/wp-content\/uploads\/2016\/12\/Sequoia_01-300x265.png 300w\" sizes=\"auto, (max-width: 340px) 100vw, 340px\" \/><br \/>\n<strong>Avec l&rsquo;accord du client, l&rsquo;\u00e9limination de ces d\u00e9fauts peut demander un travail de restauration sonore suppl\u00e9mentaire<br \/>\n(voir page<a href=\"https:\/\/www.ac-mastering.fr\/WordPress\/services-et-gestion-de-projets\/projet-en-studio\/\" target=\"_blank\" rel=\"noopener noreferrer\"> Projet en studio<\/a>)<\/strong><br \/>\n&#8211; montage : ordre des titres, coupures (d\u00e9but ou fin tronqu\u00e9e), encha\u00eenements,<br \/>\n&#8211; expression en d\u00e9but ou fin de titre (fades in et fades out),<br \/>\n&#8211; contr\u00f4le de la phase, de la compatibilit\u00e9 mono et de l&rsquo;\u00e9quilibre panoramique,<br \/>\n&#8211; chute de niveau, Drop Out,<br \/>\n&#8211; distorsion, saturation,<br \/>\n&#8211; sources analogiques : bruit de bande analogique (fr\u00e9quence de raisonnance), flutter,\u00a0 pleurage (vitesse instable),<br \/>\n&#8211; effet\/traitement sonore perturbateur,<br \/>\n&#8211; etc.<\/p>\n<p style=\"text-align: justify;\">Les coordonn\u00e9es du ou des studios de mixage peuvent \u00eatre transmises au studio ACM. En cas de contrainte ou probl\u00e8me technique, c&rsquo;est plus judicieux de traiter en direct.<\/p>\n<h3 style=\"text-align: justify;\"><span style=\"font-size: 14pt;\"><strong>\u00a02. TRAITEMENTS :<\/strong><\/span><\/h3>\n<p style=\"text-align: justify;\">En accord avec le client, les diff\u00e9rents param\u00e8tres d\u00e9tect\u00e9s au contr\u00f4le seront corrig\u00e9s.<br \/>\nS<span style=\"color: #000000;\">elon le style musical et les choix artistiques du client, sans perturber l&rsquo;\u00e9quilibre du mixage, des traitements acoustiques &amp; sonores peuvent \u00eatre apport\u00e9s :<\/span><img loading=\"lazy\" decoding=\"async\" class=\"alignright wp-image-2888 size-full\" src=\"https:\/\/www.ac-mastering.fr\/WordPress\/wp-content\/uploads\/2016\/12\/Flux-1-e1487689480873.png\" alt=\"\" width=\"322\" height=\"233\" data-id=\"2888\" \/><\/p>\n<p style=\"text-align: justify;\">&#8211; volume\/gain avec un niveau raisonnable (selon les recommandations EBU R128) tout en respectant la dynamique et l&rsquo;expression,<br \/>\n&#8211; dynamique (compression\/expansion globale ou multibande, limiteur),<br \/>\n&#8211; \u00e9galisation,<br \/>\n&#8211; image st\u00e9r\u00e9o,<br \/>\n&#8211; suppression des sifflantes (d\u00e9esseur),<br \/>\n&#8211; r\u00e9duction de bruits,<br \/>\n&#8211; effets : r\u00e9verbe, etc.<\/p>\n<h3 style=\"text-align: left;\"><span style=\"font-size: 14pt;\"><strong>\u00a03. FINALISATION DU MASTER :<\/strong><\/span><\/h3>\n<p style=\"text-align: justify;\">L&rsquo;\u00e9tape la plus d\u00e9licate consiste \u00e0 harmoniser la totalit\u00e9 des titres tout en pr\u00e9servant l&rsquo;\u00e9quilibre artistique.<br \/>\nPour terminer, il reste la structure g\u00e9n\u00e9rale du master \u00e0 param\u00e9trer avec les param\u00e8tres ci-dessous transmis par \u00e9crit au studio (formulaire \u00ab\u00a0Tracklist\u00a0\u00bb disponible <a href=\"https:\/\/ac-mastering.fr\/WordPress\/wp-content\/uploads\/2016\/12\/PR3301-CDA-F01-Tracklist-CD-Audio.xlsx\" target=\"_blank\" rel=\"noopener noreferrer\">ici<\/a>) :<\/p>\n<p style=\"text-align: justify; padding-left: 30px;\">&#8211; liste des titres dans l&rsquo;ordre choisi (de 1 \u00e0 99 pour un CD audio),<br \/>\n&#8211; dur\u00e9e de chaque titre<br \/>\n&#8211; les pauses (pr\u00e9sence et dur\u00e9e en fonction de l&rsquo;ambiance artistique),<br \/>\n&#8211; conversion (dithering) haute qualit\u00e9 au format de sortie demand\u00e9 (ex : 16 bits \/ 44.1 KHz pour un CD audio)<br \/>\n&#8211; si disponible, UPC\/EAN Code (13 digits),<br \/>\n&#8211; codes ISRC,<br \/>\n&#8211; donn\u00e9es CD-TEXT (formulaire disponible <a href=\"https:\/\/ac-mastering.fr\/WordPress\/wp-content\/uploads\/2016\/12\/PR3301-CDA-F02-Donn\u00e9es-CD-TEXT.xlsx\" target=\"_blank\" rel=\"noopener noreferrer\">ici<\/a> ),<br \/>\n&#8211; configuration originale (titre cach\u00e9,<br \/>\n&#8211; int\u00e9gration de donn\u00e9es informatiques (CD Extra) : fichiers PDF, images, etc.,<\/p>\n<h6 style=\"padding-left: 30px;\"><img loading=\"lazy\" decoding=\"async\" class=\"alignleft wp-image-846 size-full\" src=\"https:\/\/www.ac-mastering.fr\/WordPress\/wp-content\/uploads\/2016\/12\/Panneau-Attention-jaune-e1484065761586.png\" alt=\"\" width=\"50\" height=\"50\" \/><strong>les informations identifi\u00e9es lors de la reconnaissance de titres sur Freedb ou CDDB (sur PC ou MAC) sont externes au master. Ces donn\u00e9es regroup\u00e9es sur la base Gracenote sont notamment utilis\u00e9e par des plateformes comme itunes, Spotify et SenseMe.<\/strong><\/h6>\n<p><strong>IMPORTANT :<\/strong> toutes ces donn\u00e9es doivent \u00eatre imp\u00e9rativement communiqu\u00e9es au studio pour la r\u00e9alisation du devis.<\/p>\n<p style=\"text-align: justify; padding-left: 30px;\"><img loading=\"lazy\" decoding=\"async\" class=\"alignleft wp-image-2861\" src=\"https:\/\/www.ac-mastering.fr\/WordPress\/wp-content\/uploads\/2016\/12\/CD-DDP-1-01-e1590850061175.png\" alt=\"\" width=\"110\" height=\"192\" data-id=\"2861\" \/><\/p>\n<p style=\"text-align: justify;\">Le master est enregistr\u00e9 et sauvegard\u00e9 au format DDP (Disc Dscription Protocol) et un BAT au format CD audio est syst\u00e9matiquement envoy\u00e9 au client.<br \/>\nUn BAT \u00e9coute est transmis au client pour validation \u00e9crite et toute demande d&rsquo;ajustement sera apport\u00e9e sans frais suppl\u00e9mentaire avec un second BAT obligatoire.<\/p>\n<p style=\"text-align: justify;\">Toutes autres modifications demand\u00e9es en dehors des corrections initiales faites par le studio ACM seront factur\u00e9es au temps pass\u00e9 selon le tarif en vigueur et confirm\u00e9es par le biais d&rsquo;un nouveau devis.<\/p>\n<p style=\"text-align: justify;\">A r\u00e9ception du BAT par \u00e9crit, le master DDP est exp\u00e9di\u00e9 au client ou directement au presseur soit par transfert FTP ou Aspera, soit en colissimo.<\/p>\n<p style=\"text-align: center;\">Les travaux de mastering sont r\u00e9alis\u00e9s sur un montant forfaitaire par titre. Les autres travaux (montage, mixage, restauration\/conversion, etc.) sont factur\u00e9s au temps pass\u00e9 selon le tarif horaire en vigueur.<\/p>\n<p style=\"text-align: center;\"><strong>Pour tout projet ou demande de renseignements, merci de remplir le formulaire<br \/>\n<a href=\"https:\/\/ac-mastering.fr\/WordPress\/contact\/realisez-votre-demande\/\" target=\"_blank\" rel=\"noopener noreferrer\">R\u00e9alisez votre demande<\/a><\/strong><\/p>\n","protected":false},"excerpt":{"rendered":"<p>Jean-Michel Rabineau, dirigeant du studio ACM est sp\u00e9cialis\u00e9 dans le mastering depuis plus de 20 ans avec une collaboration aupr\u00e8s de nombreux clients en France et \u00e0 l&rsquo;\u00e9tranger. Cette exp\u00e9rience aupr\u00e8s des artistes, producteurs, Majors, labels, ind\u00e9pendants et auto producteurs&hellip; <\/p>\n","protected":false},"author":1,"featured_media":0,"parent":87,"menu_order":1,"comment_status":"closed","ping_status":"closed","template":"","meta":{"footnotes":""},"class_list":["post-1018","page","type-page","status-publish","hentry"],"_links":{"self":[{"href":"https:\/\/www.ac-mastering.fr\/WordPress\/wp-json\/wp\/v2\/pages\/1018","targetHints":{"allow":["GET"]}}],"collection":[{"href":"https:\/\/www.ac-mastering.fr\/WordPress\/wp-json\/wp\/v2\/pages"}],"about":[{"href":"https:\/\/www.ac-mastering.fr\/WordPress\/wp-json\/wp\/v2\/types\/page"}],"author":[{"embeddable":true,"href":"https:\/\/www.ac-mastering.fr\/WordPress\/wp-json\/wp\/v2\/users\/1"}],"replies":[{"embeddable":true,"href":"https:\/\/www.ac-mastering.fr\/WordPress\/wp-json\/wp\/v2\/comments?post=1018"}],"version-history":[{"count":182,"href":"https:\/\/www.ac-mastering.fr\/WordPress\/wp-json\/wp\/v2\/pages\/1018\/revisions"}],"predecessor-version":[{"id":4622,"href":"https:\/\/www.ac-mastering.fr\/WordPress\/wp-json\/wp\/v2\/pages\/1018\/revisions\/4622"}],"up":[{"embeddable":true,"href":"https:\/\/www.ac-mastering.fr\/WordPress\/wp-json\/wp\/v2\/pages\/87"}],"wp:attachment":[{"href":"https:\/\/www.ac-mastering.fr\/WordPress\/wp-json\/wp\/v2\/media?parent=1018"}],"curies":[{"name":"wp","href":"https:\/\/api.w.org\/{rel}","templated":true}]}}