{"id":2063,"date":"2017-02-02T11:16:07","date_gmt":"2017-02-02T11:16:07","guid":{"rendered":"http:\/\/ac-mastering.fr\/WordPress\/?page_id=2063"},"modified":"2020-09-12T09:27:48","modified_gmt":"2020-09-12T09:27:48","slug":"authoring","status":"publish","type":"page","link":"https:\/\/www.ac-mastering.fr\/WordPress\/services-et-gestion-de-projets\/authoring\/","title":{"rendered":"Authoring"},"content":{"rendered":"<p style=\"text-align: justify;\"><img loading=\"lazy\" decoding=\"async\" class=\"aligncenter wp-image-2909 size-full\" src=\"https:\/\/www.ac-mastering.fr\/WordPress\/wp-content\/uploads\/2017\/02\/Entete-Authoring-01-01.png\" alt=\"\" width=\"706\" height=\"164\" data-id=\"2909\" srcset=\"https:\/\/www.ac-mastering.fr\/WordPress\/wp-content\/uploads\/2017\/02\/Entete-Authoring-01-01.png 706w, https:\/\/www.ac-mastering.fr\/WordPress\/wp-content\/uploads\/2017\/02\/Entete-Authoring-01-01-300x70.png 300w\" sizes=\"auto, (max-width: 706px) 100vw, 706px\" \/><\/p>\n<p style=\"text-align: justify;\">L&rsquo;authoring permet de pr\u00e9parer la structure d&rsquo;un DVD ou Blu-ray en incluant l&rsquo;encodage vid\u00e9o, les codes d\u2019interaction, et toutes solutions d&rsquo;inserts : menus, chapitres, audio, photos, sous-titrages, g\u00e9n\u00e9riques, multi-langue audio, bonus, etc. .<\/p>\n<hr \/>\n<p style=\"text-align: justify;\"><img loading=\"lazy\" decoding=\"async\" class=\"alignleft wp-image-2921 size-medium\" src=\"https:\/\/www.ac-mastering.fr\/WordPress\/wp-content\/uploads\/2017\/02\/Authoring-Menu-300x159.png\" alt=\"\" width=\"300\" height=\"159\" data-id=\"2921\" srcset=\"https:\/\/www.ac-mastering.fr\/WordPress\/wp-content\/uploads\/2017\/02\/Authoring-Menu-300x159.png 300w, https:\/\/www.ac-mastering.fr\/WordPress\/wp-content\/uploads\/2017\/02\/Authoring-Menu.png 640w\" sizes=\"auto, (max-width: 300px) 100vw, 300px\" \/>Ce process permet de finaliser le contenu sur un master au format choisi par le client pour duplication, pressage ou distribution en ligne.<\/p>\n<p style=\"text-align: justify;\">Nous disposons d&rsquo;une compatibilit\u00e9 totale avec la station de mastering. Nous pouvons ainsi travailler \u00e0 la fois sur le traitement vid\u00e9o puis sur les fichiers audio et cela sur tous les formats de fichiers :<\/p>\n<p style=\"text-align: justify;\">voir <a href=\"https:\/\/ac-mastering.fr\/WordPress\/a-savoir\/specifications-acm\/\" target=\"_blank\" rel=\"noopener noreferrer\">nos sp\u00e9cifications<\/a>.<\/p>\n<p style=\"text-align: justify;\"><img loading=\"lazy\" decoding=\"async\" class=\"alignright wp-image-2912 size-full\" src=\"https:\/\/www.ac-mastering.fr\/WordPress\/wp-content\/uploads\/2017\/02\/Authoring-DVD-BD-02.png\" alt=\"\" width=\"277\" height=\"182\" data-id=\"2912\" \/><\/p>\n<p style=\"text-align: justify;\">Pour la bonne prise en charge des \u00e9l\u00e9ments et l&rsquo;int\u00e9gration de toutes les donn\u00e9es n\u00e9cessaires \u00e0 la conception de votre master vid\u00e9o, nous mettons \u00e0 votre disposition le formulaire \u00ab\u00a0Composition vid\u00e9o\u00a0\u00bb (voir ci-dessous) qui nous permettra de r\u00e9cup\u00e9rer les informations n\u00e9cessaires au montage complet de votre projet.<\/p>\n<p style=\"text-align: justify;\">Ce fichier est au format Excel pour vous permettre, si n\u00e9cessaire, d&rsquo;ajouter autant de lignes que de composants souhait\u00e9s selon les\u00a0 cat\u00e9gories suivantes :<br \/>\n&#8211; Page 1 : titre, r\u00e9f\u00e9rence, support du projet, menus et options de navigation, chapitres,<br \/>\n+ liste de \u00e9l\u00e9ments \u00e0 int\u00e9grer (cahier des charges) : vid\u00e9o, photo, audio, texte, etc.<br \/>\n&#8211; Page 2 : logigramme reprenant la totalit\u00e9 des chapitres, index, bonus.<\/p>\n<p style=\"text-align: justify;\">Pour t\u00e9l\u00e9charger le formulaire, merci de cliquer sur le bouton ci-dessous.<\/p>\n<p><a href=\"https:\/\/www.ac-mastering.fr\/WordPress\/wp-content\/uploads\/2017\/02\/PR3301-DVV-F01-Authoring-Conception-support-vid\u00e9o.xlsx\" target=\"_blank\" rel=\"noopener noreferrer\"><img loading=\"lazy\" decoding=\"async\" class=\"aligncenter wp-image-798 size-full\" src=\"https:\/\/www.ac-mastering.fr\/WordPress\/wp-content\/uploads\/2016\/12\/Document-1-e1598369755890.png\" alt=\"\" width=\"50\" height=\"50\" data-id=\"798\" \/><\/a><\/p>\n","protected":false},"excerpt":{"rendered":"<p>L&rsquo;authoring permet de pr\u00e9parer la structure d&rsquo;un DVD ou Blu-ray en incluant l&rsquo;encodage vid\u00e9o, les codes d\u2019interaction, et toutes solutions d&rsquo;inserts : menus, chapitres, audio, photos, sous-titrages, g\u00e9n\u00e9riques, multi-langue audio, bonus, etc. . Ce process permet de finaliser le contenu&hellip; <\/p>\n","protected":false},"author":1,"featured_media":0,"parent":87,"menu_order":2,"comment_status":"closed","ping_status":"closed","template":"","meta":{"footnotes":""},"class_list":["post-2063","page","type-page","status-publish","hentry"],"_links":{"self":[{"href":"https:\/\/www.ac-mastering.fr\/WordPress\/wp-json\/wp\/v2\/pages\/2063","targetHints":{"allow":["GET"]}}],"collection":[{"href":"https:\/\/www.ac-mastering.fr\/WordPress\/wp-json\/wp\/v2\/pages"}],"about":[{"href":"https:\/\/www.ac-mastering.fr\/WordPress\/wp-json\/wp\/v2\/types\/page"}],"author":[{"embeddable":true,"href":"https:\/\/www.ac-mastering.fr\/WordPress\/wp-json\/wp\/v2\/users\/1"}],"replies":[{"embeddable":true,"href":"https:\/\/www.ac-mastering.fr\/WordPress\/wp-json\/wp\/v2\/comments?post=2063"}],"version-history":[{"count":52,"href":"https:\/\/www.ac-mastering.fr\/WordPress\/wp-json\/wp\/v2\/pages\/2063\/revisions"}],"predecessor-version":[{"id":4629,"href":"https:\/\/www.ac-mastering.fr\/WordPress\/wp-json\/wp\/v2\/pages\/2063\/revisions\/4629"}],"up":[{"embeddable":true,"href":"https:\/\/www.ac-mastering.fr\/WordPress\/wp-json\/wp\/v2\/pages\/87"}],"wp:attachment":[{"href":"https:\/\/www.ac-mastering.fr\/WordPress\/wp-json\/wp\/v2\/media?parent=2063"}],"curies":[{"name":"wp","href":"https:\/\/api.w.org\/{rel}","templated":true}]}}