{"id":3364,"date":"2017-04-19T08:48:53","date_gmt":"2017-04-19T08:48:53","guid":{"rendered":"http:\/\/ac-mastering.fr\/WordPress\/?page_id=3364"},"modified":"2020-08-25T16:12:31","modified_gmt":"2020-08-25T16:12:31","slug":"gabarits-specifications-pao","status":"publish","type":"page","link":"https:\/\/www.ac-mastering.fr\/WordPress\/a-savoir\/specifications-acm\/gabarits-specifications-pao\/","title":{"rendered":"Gabarits &#038; sp\u00e9cifications PAO"},"content":{"rendered":"<p>Pour garantir la conformit\u00e9 de vos fichiers PAO, vous trouverez sur cette page les sp\u00e9cifications techniques accompagn\u00e9es des gabarits.<\/p>\n<p>Avant d&rsquo;utiliser les fichiers ci-dessous, merci de consulter les recommandations PAO suivantes :<strong><br \/>\n<\/strong><\/p>\n<p><a href=\"https:\/\/www.ac-mastering.fr\/WordPress\/wp-content\/uploads\/2017\/04\/ACMPAO01.pdf\" target=\"_blank\" rel=\"noopener noreferrer\"><img loading=\"lazy\" decoding=\"async\" class=\"aligncenter wp-image-743 size-full\" src=\"https:\/\/www.ac-mastering.fr\/WordPress\/wp-content\/uploads\/2016\/12\/Presse-papiers-1-e1486720380823.png\" alt=\"\" width=\"50\" height=\"50\" data-id=\"1277\" \/><\/a><strong>IMPORTANT :<\/strong> en cas d&rsquo;incompatibilit\u00e9 avec les fichiers EPS, les ouvrir dans Illustrator puis les r\u00e9enregistrer.<\/p>\n<h4><strong>\u00a01. <\/strong>Disque<strong><br \/>\n<\/strong><\/h4>\n<p style=\"text-align: left; padding-left: 30px;\"><span style=\"font-size: 12pt; color: #ff6600;\"><em>BASE EN MAINTENANCE &#8230;<\/em><\/span><\/p>\n<table style=\"width: 903px; border-color: #ffffff; background-color: #fa7420;\">\n<thead>\n<tr style=\"height: 10px;\">\n<td style=\"background-color: #696565; text-align: center; width: 389.5px;\">\n<p><span style=\"font-size: 10pt; color: #ffffff;\"><br \/>\nD\u00e9signation<\/span><\/p>\n<\/td>\n<td style=\"background-color: #696565; text-align: center; width: 159.5px;\">\n<p><span style=\"font-size: 10pt; color: #ffffff;\"><br \/>\nR\u00e9f\u00e9rence<br \/>\n<\/span><\/p>\n<\/td>\n<td style=\"background-color: #696565; text-align: center; width: 108px;\">\n<p><span style=\"font-size: 10pt; color: #ffffff;\">Sp\u00e9cification<br \/>\nformat PDF<\/span><\/p>\n<\/td>\n<td style=\"background-color: #696565; text-align: center; width: 110px;\">\n<p><span style=\"font-size: 10pt; color: #ffffff;\">Gabarit<\/span><br \/>\n<span style=\"font-size: 10pt; color: #ffffff;\"> Format EPS<\/span><\/p>\n<\/td>\n<\/tr>\n<\/thead>\n<tbody>\n<tr style=\"height: 24px;\">\n<td style=\"width: 389.5px; height: 24px;\">Etiquette CD &#8211; DVD &#8211; Blu-ray : <strong>Pressage &#8211; 116 x 18<br \/>\n<\/strong><\/td>\n<td style=\"width: 159.5px; height: 24px;\">ACMETIQUETTE01<\/td>\n<td style=\"width: 108px; height: 24px; text-align: center;\"><\/td>\n<td style=\"width: 110px; height: 24px; text-align: center;\"><\/td>\n<\/tr>\n<tr style=\"height: 24px;\">\n<td style=\"width: 389.5px; height: 24px;\">Etiquette CD &#8211; DVD &#8211; Blu-ray : <strong>Pressage &#8211; 116 x 22<\/strong><\/td>\n<td style=\"width: 159.5px; height: 24px;\">ACMETIQUETTE02<\/td>\n<td style=\"width: 108px; height: 24px; text-align: center;\"><\/td>\n<td style=\"width: 110px; height: 24px; text-align: center;\"><\/td>\n<\/tr>\n<tr style=\"height: 24px;\">\n<td style=\"width: 389.5px; height: 24px;\">Etiquette CD &#8211; DVD &#8211; Blu-ray : <strong>Duplication &#8211; 118,5 x 18<br \/>\n<\/strong><\/td>\n<td style=\"width: 159.5px; height: 24px;\">ACMETIQUETTE03<\/td>\n<td style=\"width: 108px; height: 24px; text-align: center;\"><\/td>\n<td style=\"width: 110px; height: 24px; text-align: center;\"><\/td>\n<\/tr>\n<tr style=\"height: 24px;\">\n<td style=\"width: 389.5px; height: 24px;\">Etiquette CD &#8211; DVD &#8211; Blu-ray : <strong>Duplication &#8211; 118,5 x 22<br \/>\n<\/strong><\/td>\n<td style=\"width: 159.5px; height: 24px;\">ACMETIQUETTE04<\/td>\n<td style=\"width: 108px; height: 24px; text-align: center;\"><\/td>\n<td style=\"width: 110px; height: 24px; text-align: center;\"><\/td>\n<\/tr>\n<tr style=\"height: 24px;\">\n<td style=\"width: 389.5px; height: 24px;\">Etiquette Vinyle 12&Prime; \/ 30 cm<\/td>\n<td style=\"width: 159.5px; height: 24px;\">ACMETIQUETTE05<\/td>\n<td style=\"width: 108px; height: 24px; text-align: center;\"><\/td>\n<td style=\"width: 110px; height: 24px; text-align: center;\"><\/td>\n<\/tr>\n<tr style=\"height: 24px;\">\n<td style=\"width: 389.5px; height: 24px;\">Etiquette Vinyle 7&Prime; \/ 17 cm<\/td>\n<td style=\"width: 159.5px; height: 24px;\">ACMETIQUETTE06<\/td>\n<td style=\"width: 108px; height: 24px; text-align: center;\"><\/td>\n<td style=\"width: 110px; height: 24px; text-align: center;\"><\/td>\n<\/tr>\n<\/tbody>\n<\/table>\n<h4><strong>\u00a02. <\/strong>Imprim\u00e9s &amp; Packaging<strong><br \/>\n<\/strong><\/h4>\n<p style=\"text-align: left; padding-left: 30px;\"><span style=\"font-size: 12pt; color: #ff6600;\"><em>BASE EN MAINTENANCE &#8230;<\/em><\/span><\/p>\n<table style=\"width: 908px;\">\n<thead>\n<tr>\n<td style=\"background-color: #696565; text-align: center; width: 393.383px;\">\n<p><span style=\"color: #ffffff; font-size: 10pt;\"><br \/>\nD\u00e9signation<\/span><\/p>\n<\/td>\n<td style=\"background-color: #696565; text-align: center; width: 162.617px;\">\n<p><span style=\"color: #ffffff; font-size: 10pt;\"><br \/>\nR\u00e9f\u00e9rence<br \/>\n<\/span><\/p>\n<\/td>\n<td style=\"background-color: #696565; text-align: center; width: 112px;\">\n<p><span style=\"color: #ffffff; font-size: 10pt;\">Sp\u00e9cification<br \/>\nformat PDF<\/span><\/p>\n<\/td>\n<td style=\"background-color: #696565; text-align: center; width: 118px;\">\n<p><span style=\"color: #ffffff; font-size: 10pt;\">Gabarit<\/span><br \/>\n<span style=\"color: #ffffff; font-size: 10pt;\"> Format EPS<\/span><\/p>\n<\/td>\n<\/tr>\n<\/thead>\n<tbody>\n<tr>\n<td style=\"width: 393.383px;\">Jaquette STANDARD CD &#8211; <strong>115 x 115<br \/>\n<\/strong><\/td>\n<td style=\"width: 162.617px;\">ACMJAQUETTE01<\/td>\n<td style=\"width: 112px;\"><\/td>\n<td style=\"width: 118px;\"><\/td>\n<\/tr>\n<tr>\n<td style=\"width: 393.383px;\">Jaquette DVD Boitier A5 &#8211; Tranche 14 mm<\/td>\n<td style=\"width: 162.617px;\">ACMJAQUETTE02<\/td>\n<td style=\"width: 112px;\"><\/td>\n<td style=\"width: 118px;\"><\/td>\n<\/tr>\n<tr>\n<td style=\"width: 393.383px;\">Pochette CD &#8211; <strong>124 x 124<\/strong><\/td>\n<td style=\"width: 162.617px;\">ACMPOCHETTE01<\/td>\n<td style=\"width: 112px;\"><\/td>\n<td style=\"width: 118px;\"><\/td>\n<\/tr>\n<tr>\n<td style=\"width: 393.383px;\">Pochette DVD &#8211; <strong>138 x 187<\/strong><\/td>\n<td style=\"width: 162.617px;\">ACMPOCHETTE02<\/td>\n<td style=\"width: 112px;\"><\/td>\n<td style=\"width: 118px;\"><\/td>\n<\/tr>\n<tr>\n<td style=\"width: 393.383px;\">Digipack 2 volets &#8211; 4 pages 1 plateau \u00e0 droite<\/td>\n<td style=\"width: 162.617px;\">ACMDIGIPACKCD01<\/td>\n<td style=\"width: 112px;\"><\/td>\n<td style=\"width: 118px;\"><\/td>\n<\/tr>\n<tr>\n<td style=\"width: 393.383px;\">Digipack 2 volets &#8211; 4 pages 1 plateau \u00e0 droite, 1 livret \u00e0 gauche<\/td>\n<td style=\"width: 162.617px;\">ACMDIGIPACKCD02<\/td>\n<td style=\"width: 112px;\"><\/td>\n<td style=\"width: 118px;\"><\/td>\n<\/tr>\n<\/tbody>\n<\/table>\n<h4><strong>\u00a03. <\/strong>Logos &amp; ligne Copyright<\/h4>\n<p><a href=\"https:\/\/www.ac-mastering.fr\/WordPress\/wp-content\/uploads\/2017\/04\/ACMLOGO01.pdf\" target=\"_blank\" rel=\"noopener noreferrer\"><img loading=\"lazy\" decoding=\"async\" class=\"aligncenter wp-image-743 size-full\" src=\"https:\/\/www.ac-mastering.fr\/WordPress\/wp-content\/uploads\/2016\/12\/Presse-papiers-1-e1486720380823.png\" alt=\"\" width=\"50\" height=\"50\" data-id=\"1277\" \/><\/a><\/p>\n","protected":false},"excerpt":{"rendered":"<p>Pour garantir la conformit\u00e9 de vos fichiers PAO, vous trouverez sur cette page les sp\u00e9cifications techniques accompagn\u00e9es des gabarits. Avant d&rsquo;utiliser les fichiers ci-dessous, merci de consulter les recommandations PAO suivantes : IMPORTANT : en cas d&rsquo;incompatibilit\u00e9 avec les fichiers&hellip; <\/p>\n","protected":false},"author":1,"featured_media":0,"parent":755,"menu_order":2,"comment_status":"closed","ping_status":"closed","template":"","meta":{"footnotes":""},"class_list":["post-3364","page","type-page","status-publish","hentry"],"_links":{"self":[{"href":"https:\/\/www.ac-mastering.fr\/WordPress\/wp-json\/wp\/v2\/pages\/3364","targetHints":{"allow":["GET"]}}],"collection":[{"href":"https:\/\/www.ac-mastering.fr\/WordPress\/wp-json\/wp\/v2\/pages"}],"about":[{"href":"https:\/\/www.ac-mastering.fr\/WordPress\/wp-json\/wp\/v2\/types\/page"}],"author":[{"embeddable":true,"href":"https:\/\/www.ac-mastering.fr\/WordPress\/wp-json\/wp\/v2\/users\/1"}],"replies":[{"embeddable":true,"href":"https:\/\/www.ac-mastering.fr\/WordPress\/wp-json\/wp\/v2\/comments?post=3364"}],"version-history":[{"count":65,"href":"https:\/\/www.ac-mastering.fr\/WordPress\/wp-json\/wp\/v2\/pages\/3364\/revisions"}],"predecessor-version":[{"id":4614,"href":"https:\/\/www.ac-mastering.fr\/WordPress\/wp-json\/wp\/v2\/pages\/3364\/revisions\/4614"}],"up":[{"embeddable":true,"href":"https:\/\/www.ac-mastering.fr\/WordPress\/wp-json\/wp\/v2\/pages\/755"}],"wp:attachment":[{"href":"https:\/\/www.ac-mastering.fr\/WordPress\/wp-json\/wp\/v2\/media?parent=3364"}],"curies":[{"name":"wp","href":"https:\/\/api.w.org\/{rel}","templated":true}]}}