{"id":3692,"date":"2017-09-18T13:23:18","date_gmt":"2017-09-18T13:23:18","guid":{"rendered":"http:\/\/ac-mastering.fr\/WordPress\/?page_id=3692"},"modified":"2026-02-12T17:26:07","modified_gmt":"2026-02-12T17:26:07","slug":"mentions-legales","status":"publish","type":"page","link":"https:\/\/www.ac-mastering.fr\/WordPress\/a-savoir\/mentions-legales\/","title":{"rendered":"Mentions l\u00e9gales &#8211; Cr\u00e9dits"},"content":{"rendered":"<h5>\u00a0MENTIONS LEGALES<\/h5>\n<p><span style=\"font-size: 14pt;\"><strong><span style=\"font-size: 12pt;\">Si\u00e8ge Social :<\/span> <\/strong><\/span>5 impasse de la Margati\u00e8re 61600 MAGNY LE DESERT<\/p>\n<p><strong>RCS<\/strong> : 809185549 &#8211; ALEN\u00c7ON\u00a0\u00a0\u00a0\u00a0\u00a0\u00a0\u00a0\u00a0\u00a0 <strong>Code APE :<\/strong> 5920Z<\/p>\n<p><strong>T\u00e9l\u00e9phone :<\/strong> 06 72 74 10 38\u00a0\u00a0\u00a0\u00a0\u00a0\u00a0 <strong>E-mail :<\/strong> <a href=\"mailto:contact@ac-mastering.fr\">contact@ac-mastering.fr<\/a><\/p>\n<h5>\u00a0CREDITS<\/h5>\n<p>\u00a9 2026 &#8211; Studio ACM &#8211; Les photos &amp; images utilis\u00e9es sur le site ac-mastering.fr sont libres de droits (source Pixabay) ou sont la propri\u00e9t\u00e9 de Jean-Michel Rabineau.<\/p>\n<p>Les logos N&amp;B utilis\u00e9s lors de la conception de ce site ont \u00e9t\u00e9 con\u00e7us par Freepik et distribu\u00e9s par Flaticon.<\/p>\n","protected":false},"excerpt":{"rendered":"<p>\u00a0MENTIONS LEGALES Si\u00e8ge Social : 5 impasse de la Margati\u00e8re 61600 MAGNY LE DESERT RCS : 809185549 &#8211; ALEN\u00c7ON\u00a0\u00a0\u00a0\u00a0\u00a0\u00a0\u00a0\u00a0\u00a0 Code APE : 5920Z T\u00e9l\u00e9phone : 06 72 74 10 38\u00a0\u00a0\u00a0\u00a0\u00a0\u00a0 E-mail : contact@ac-mastering.fr \u00a0CREDITS \u00a9 2026 &#8211; Studio ACM &#8211;&hellip; <\/p>\n","protected":false},"author":1,"featured_media":0,"parent":95,"menu_order":8,"comment_status":"closed","ping_status":"closed","template":"","meta":{"footnotes":""},"class_list":["post-3692","page","type-page","status-publish","hentry"],"_links":{"self":[{"href":"https:\/\/www.ac-mastering.fr\/WordPress\/wp-json\/wp\/v2\/pages\/3692","targetHints":{"allow":["GET"]}}],"collection":[{"href":"https:\/\/www.ac-mastering.fr\/WordPress\/wp-json\/wp\/v2\/pages"}],"about":[{"href":"https:\/\/www.ac-mastering.fr\/WordPress\/wp-json\/wp\/v2\/types\/page"}],"author":[{"embeddable":true,"href":"https:\/\/www.ac-mastering.fr\/WordPress\/wp-json\/wp\/v2\/users\/1"}],"replies":[{"embeddable":true,"href":"https:\/\/www.ac-mastering.fr\/WordPress\/wp-json\/wp\/v2\/comments?post=3692"}],"version-history":[{"count":27,"href":"https:\/\/www.ac-mastering.fr\/WordPress\/wp-json\/wp\/v2\/pages\/3692\/revisions"}],"predecessor-version":[{"id":5051,"href":"https:\/\/www.ac-mastering.fr\/WordPress\/wp-json\/wp\/v2\/pages\/3692\/revisions\/5051"}],"up":[{"embeddable":true,"href":"https:\/\/www.ac-mastering.fr\/WordPress\/wp-json\/wp\/v2\/pages\/95"}],"wp:attachment":[{"href":"https:\/\/www.ac-mastering.fr\/WordPress\/wp-json\/wp\/v2\/media?parent=3692"}],"curies":[{"name":"wp","href":"https:\/\/api.w.org\/{rel}","templated":true}]}}