{"id":3868,"date":"2018-10-04T15:03:22","date_gmt":"2018-10-04T15:03:22","guid":{"rendered":"http:\/\/ac-mastering.fr\/WordPress\/?page_id=3868"},"modified":"2020-09-12T09:36:44","modified_gmt":"2020-09-12T09:36:44","slug":"projets-pedagogiques","status":"publish","type":"page","link":"https:\/\/www.ac-mastering.fr\/WordPress\/services-et-gestion-de-projets\/projets-pedagogiques\/","title":{"rendered":"Projets p\u00e9dagogiques"},"content":{"rendered":"<h4><strong>\u00a0INTERVENTION EN MILIEU SCOLAIRE ET CENTRES DE FORMATIONS<\/strong><\/h4>\n<p style=\"text-align: justify;\">Le Studio ACM vous propose un accompagnement technique pour l&rsquo;enregistrement et la reproduction sur tout ou partie de vos projets : chorale, musique, th\u00e9\u00e2tre, spectacle, expositions, travaux audiovisuels, reportages\/pr\u00e9sentations p\u00e9dagogiques, etc.<br \/>\nEnregistrement, montage et duplication de vos CD ou DVD sur site (en 1 heure), le Studio ACM peut vous accompagner \u00e9galement pour la fabrication de vos imprim\u00e9s et la distribution digitale.<\/p>\n<p style=\"text-align: justify;\">Nous avons travaill\u00e9 avec plusieurs acad\u00e9mies pour mettre en place une solution et des outils professionnels adapt\u00e9s \u00e0 ce type d&rsquo;intervention avec une charte de bonne conduite et un accompagnement tout au long du projet formalis\u00e9 sur un devis clair et d\u00e9taill\u00e9.<\/p>\n<p><img loading=\"lazy\" decoding=\"async\" class=\"size-full wp-image-3851 aligncenter\" src=\"http:\/\/ac-mastering.fr\/WordPress\/wp-content\/uploads\/2018\/10\/Image-Intro-590-x-210-.jpg\" alt=\"\" width=\"590\" height=\"210\" data-id=\"3851\" srcset=\"https:\/\/www.ac-mastering.fr\/WordPress\/wp-content\/uploads\/2018\/10\/Image-Intro-590-x-210-.jpg 590w, https:\/\/www.ac-mastering.fr\/WordPress\/wp-content\/uploads\/2018\/10\/Image-Intro-590-x-210--300x107.jpg 300w\" sizes=\"auto, (max-width: 590px) 100vw, 590px\" \/><\/p>\n<p style=\"text-align: center;\"><span style=\"font-size: 10pt;\">Dans le cadre de \u00ab\u00a0La chorale \u00e0 l&rsquo;\u00e9cole, au coll\u00e8ge et au lyc\u00e9e\u00a0\u00bb du \u00ab\u00a0plan chorale\u00a0\u00bb, <\/span><br \/>\n<span style=\"font-size: 10pt;\">l&rsquo;enseignement et la pratique de la chorale va offrir de nouvelles perspectives artistiques<\/span><br \/>\n<span style=\"font-size: 10pt;\">pour les enseignants et les \u00e9l\u00e8ves.<\/span><em><br \/>\n<\/em><\/p>\n<p style=\"text-align: justify;\">Gr\u00e2ce aux travaux r\u00e9alis\u00e9s par les enseignants et les \u00e9l\u00e8ves :<br \/>\n\u2022 chant, composition, \u00e9criture,<br \/>\n\u2022 dessin, peintures, cr\u00e9ation &amp; arts graphiques de la pochette, etc. ,<br \/>\n\u2022 ou pour tout autre projet p\u00e9dagogique,<br \/>\nle Studio ACM vous accompagne dans la r\u00e9alisation technique du projet.<\/p>\n<\/p>\n<h3 style=\"text-align: center;\"><span style=\"font-size: 24pt;\"><strong>Mais nos services sur un projet artistique<\/strong><\/span><\/h3>\n<h3 style=\"text-align: center;\"><span style=\"font-size: 24pt;\"><strong>ne s&rsquo;arr\u00eatent pas l\u00e0&#8230;<br \/>\n<\/strong><\/span><\/h3>\n<p style=\"text-align: justify;\">Les nouvelles technologies font partie de notre quotidien et sont accessibles \u00e0 tous (en lecture mais aussi en \u00ab\u00a0enregistrement&#8230;\u00a0\u00bb) \u00e0 partir de nos appareils connect\u00e9s : vid\u00e9os, photos, selfies, musiques, films, etc.<br \/>\nPour mieux comprendre les ressources, les r\u00e8gles d&rsquo;utilisations et l&rsquo;organisation n\u00e9cessaire \u00e0 tout type de projet artistique, nous avons d\u00e9velopp\u00e9 une prestation p\u00e9dagogique :<\/p>\n<h2 style=\"text-align: center;\"><em>\u00ab\u00a0Enregistrez et partagez votre projet artistique\u00a0\u00bb<\/em><\/h2>\n<p style=\"text-align: justify;\">dans laquelle les \u00e9l\u00e8ves &amp; les enseignants pourront d\u00e9couvrir et participer \u00e0 la r\u00e9alisation technique de leur projet artistique (sonore et\/ou audiovisuel).<br \/>\nCelui-ci peut \u00eatre accompagn\u00e9 d&rsquo;une pr\u00e9sentation interactive et multim\u00e9dia sp\u00e9cialement adapt\u00e9e aux \u00e9l\u00e8ves selon leur niveau : maternelle, \u00e9l\u00e9mentaire, coll\u00e8ge, lyc\u00e9e, centre de formation.<\/p>\n<h2 style=\"text-align: justify;\"><strong>Un peu de th\u00e9orie :<\/strong><\/h2>\n<p style=\"text-align: justify;\">De l&rsquo;enregistrement jusqu&rsquo;\u00e0 la fabrication du CD dans votre \u00e9tablissement sur une dur\u00e9e minimum de 6 heures (selon le nombre de titres et la dimension du projet), ce programme permet \u00e9galement de pr\u00e9senter les cat\u00e9gories artistiques, la propri\u00e9t\u00e9 intellectuelle, la production et les principaux partenaires qui permettent de r\u00e9aliser un projet artistique.<\/p>\n<h2 style=\"text-align: justify;\"><strong>Passage \u00e0 la pratique :<\/strong>\u00a0 place aux artistes et \u00e0 la technique<\/h2>\n<p style=\"text-align: justify;\">Travaux r\u00e9alis\u00e9s avec la participation des \u00e9l\u00e8ves &amp; enseignants :<br \/>\n<strong>Enregistrement, mixage, mastering, production du CD, distribution digitale et fabrication des imprim\u00e9s.<\/strong><\/p>\n<p style=\"text-align: justify;\">Cette journ\u00e9e est non seulement un moyen de fixer tout le travail r\u00e9alis\u00e9 et pr\u00e9par\u00e9 en amont par les \u00e9l\u00e8ves et les enseignants mais c&rsquo;est aussi une exp\u00e9rience formidable et interactive qui permet de d\u00e9couvrir et r\u00e9aliser l&rsquo;int\u00e9gralit\u00e9 d&rsquo;un projet artistique.<\/p>\n<h6><\/h6>\n<h6 style=\"text-align: center;\"><strong><span style=\"font-size: 18pt;\">Pour tous vos travaux d&rsquo;\u00e9dition ou reproduction sonore et audiovisuel : <\/span><br \/>\n<span style=\"font-size: 18pt;\">duplication, montage vid\u00e9o ou multim\u00e9dia, num\u00e9risation, etc\u2026<\/span><\/strong><\/h6>\n<\/p>\n<h6 style=\"padding-left: 30px;\"><span style=\"font-size: 14pt;\"><img loading=\"lazy\" decoding=\"async\" class=\"alignleft wp-image-846 size-full\" src=\"https:\/\/www.ac-mastering.fr\/WordPress\/wp-content\/uploads\/2016\/12\/Panneau-Attention-jaune-e1484065761586.png\" alt=\"\" width=\"50\" height=\"50\" data-id=\"846\" \/><\/span><\/h6>\n<h6><span style=\"font-size: 14pt;\">n&rsquo;h\u00e9sitez pas \u00e0 transf\u00e9r<\/span><span style=\"font-size: 14pt;\">er cette page en cliquant sur le bouton ci-dessous :\u00a0<\/span><\/h6>\n<h6 style=\"padding-left: 120px;\"><strong><span style=\"font-size: 14pt;\">\u2022 Equipe p\u00e9dagogique (professeurs de chant, musique, art plastique, etc.)<\/span><\/strong><\/h6>\n<h6 style=\"padding-left: 120px;\"><strong><span style=\"font-size: 14pt;\">\u2022 Responsables de l\u2019Association des Parents d\u2019El\u00e8ves de votre \u00e9tablissement<\/span><\/strong><\/h6>\n<h6><a href=\"mailto:?subject=Studio \u00e0 contacter\" target=\"_blank\" rel=\"noopener noreferrer\"><img loading=\"lazy\" decoding=\"async\" class=\"aligncenter wp-image-3960\" title=\"Transfert vers le(s) contact(s) de votre choix via votre messagerie\" src=\"http:\/\/ac-mastering.fr\/WordPress\/wp-content\/uploads\/2018\/10\/images-150x150.png\" alt=\"\" width=\"55\" height=\"55\" data-id=\"3960\" srcset=\"https:\/\/www.ac-mastering.fr\/WordPress\/wp-content\/uploads\/2018\/10\/images-150x150.png 150w, https:\/\/www.ac-mastering.fr\/WordPress\/wp-content\/uploads\/2018\/10\/images.png 225w\" sizes=\"auto, (max-width: 55px) 100vw, 55px\" \/><\/a><\/h6>\n","protected":false},"excerpt":{"rendered":"<p>\u00a0INTERVENTION EN MILIEU SCOLAIRE ET CENTRES DE FORMATIONS Le Studio ACM vous propose un accompagnement technique pour l&rsquo;enregistrement et la reproduction sur tout ou partie de vos projets : chorale, musique, th\u00e9\u00e2tre, spectacle, expositions, travaux audiovisuels, reportages\/pr\u00e9sentations p\u00e9dagogiques, etc. Enregistrement,&hellip; <\/p>\n","protected":false},"author":1,"featured_media":0,"parent":87,"menu_order":4,"comment_status":"closed","ping_status":"closed","template":"","meta":{"footnotes":""},"class_list":["post-3868","page","type-page","status-publish","hentry"],"_links":{"self":[{"href":"https:\/\/www.ac-mastering.fr\/WordPress\/wp-json\/wp\/v2\/pages\/3868","targetHints":{"allow":["GET"]}}],"collection":[{"href":"https:\/\/www.ac-mastering.fr\/WordPress\/wp-json\/wp\/v2\/pages"}],"about":[{"href":"https:\/\/www.ac-mastering.fr\/WordPress\/wp-json\/wp\/v2\/types\/page"}],"author":[{"embeddable":true,"href":"https:\/\/www.ac-mastering.fr\/WordPress\/wp-json\/wp\/v2\/users\/1"}],"replies":[{"embeddable":true,"href":"https:\/\/www.ac-mastering.fr\/WordPress\/wp-json\/wp\/v2\/comments?post=3868"}],"version-history":[{"count":163,"href":"https:\/\/www.ac-mastering.fr\/WordPress\/wp-json\/wp\/v2\/pages\/3868\/revisions"}],"predecessor-version":[{"id":4633,"href":"https:\/\/www.ac-mastering.fr\/WordPress\/wp-json\/wp\/v2\/pages\/3868\/revisions\/4633"}],"up":[{"embeddable":true,"href":"https:\/\/www.ac-mastering.fr\/WordPress\/wp-json\/wp\/v2\/pages\/87"}],"wp:attachment":[{"href":"https:\/\/www.ac-mastering.fr\/WordPress\/wp-json\/wp\/v2\/media?parent=3868"}],"curies":[{"name":"wp","href":"https:\/\/api.w.org\/{rel}","templated":true}]}}