{"id":406,"date":"2016-11-01T09:46:48","date_gmt":"2016-11-01T09:46:48","guid":{"rendered":"http:\/\/ac-mastering.fr\/WordPress\/?page_id=406"},"modified":"2020-09-12T09:10:45","modified_gmt":"2020-09-12T09:10:45","slug":"qui-sommes-nous","status":"publish","type":"page","link":"https:\/\/www.ac-mastering.fr\/WordPress\/accueil\/qui-sommes-nous\/","title":{"rendered":"Qui sommes-nous ?"},"content":{"rendered":"<p><img loading=\"lazy\" decoding=\"async\" class=\"wp-image-4412 size-thumbnail alignleft\" src=\"https:\/\/www.ac-mastering.fr\/WordPress\/wp-content\/uploads\/2020\/05\/empreinte-digitale_03-150x150.png\" alt=\"\" width=\"150\" height=\"150\" data-id=\"4412\" srcset=\"https:\/\/www.ac-mastering.fr\/WordPress\/wp-content\/uploads\/2020\/05\/empreinte-digitale_03-150x150.png 150w, https:\/\/www.ac-mastering.fr\/WordPress\/wp-content\/uploads\/2020\/05\/empreinte-digitale_03-300x300.png 300w, https:\/\/www.ac-mastering.fr\/WordPress\/wp-content\/uploads\/2020\/05\/empreinte-digitale_03-230x230.png 230w, https:\/\/www.ac-mastering.fr\/WordPress\/wp-content\/uploads\/2020\/05\/empreinte-digitale_03.png 512w\" sizes=\"auto, (max-width: 150px) 100vw, 150px\" \/><\/p>\n<p style=\"text-align: justify;\">Le studio ACM est un studio de mastering &amp; authoring sp\u00e9cialis\u00e9 dans la r\u00e9alisation de projets artistiques (musicaux, audiovisuels, multim\u00e9dias &amp; \u00e9v\u00e8nementiels) qui peut selon vos besoins prendre en charge le mastering mais \u00e9galement l&rsquo;int\u00e9gralit\u00e9 de votre projet (enregistrement, mixage, montage, num\u00e9risation &amp; restauration tous supports, fichiers graphiques, production et\/ou encodage pour plateformes de Distribution Digitale).<\/p>\n<p style=\"text-align: justify;\">Apr\u00e8s plus de 25 ans d&rsquo;exp\u00e9rience dans le mastering &amp; l&rsquo;industrie du disque (Audio, Vid\u00e9o, ROM), Jean-Michel Rabineau, musicien et ing\u00e9nieur du son, a ouvert le studio ACM d\u00e9but 2017 pour se rapprocher davantage des artistes &amp; professionnels avec une offre de services techniques globale pouvant prendre en charge tout ou partie du projet.<\/p>\n<p style=\"text-align: justify;\">La passion et la pratique de la musique, de l&rsquo;acoustique, du son, des nouvelles technologies, l&rsquo;\u00e9coute et le conseil client sont les axes majeurs autour desquels Jean-Michel saura vous accompagner, avec la m\u00eame consid\u00e9ration et le m\u00eame professionnalisme quelque soit votre structure\/organisation et la dimension de votre projet.<\/p>\n<p style=\"text-align: justify;\">Le spectacle et la musique vivante n&rsquo;ont jamais \u00e9t\u00e9 aussi appr\u00e9ci\u00e9s et recherch\u00e9s par le public. Le studio ACM met \u00e0 votre disposition les outils et solutions professionnels pour promouvoir et distribuer vos \u0153uvres, votre identit\u00e9, sans fronti\u00e8res, sans limites artistiques ou contraintes techniques.<\/p>\n<p><img loading=\"lazy\" decoding=\"async\" class=\"aligncenter size-full wp-image-4405\" src=\"https:\/\/www.ac-mastering.fr\/WordPress\/wp-content\/uploads\/2020\/05\/Qui-sommes-nous_2.50_75.jpg\" alt=\"\" width=\"1139\" height=\"530\" data-id=\"4405\" srcset=\"https:\/\/www.ac-mastering.fr\/WordPress\/wp-content\/uploads\/2020\/05\/Qui-sommes-nous_2.50_75.jpg 1139w, https:\/\/www.ac-mastering.fr\/WordPress\/wp-content\/uploads\/2020\/05\/Qui-sommes-nous_2.50_75-300x140.jpg 300w, https:\/\/www.ac-mastering.fr\/WordPress\/wp-content\/uploads\/2020\/05\/Qui-sommes-nous_2.50_75-1024x476.jpg 1024w, https:\/\/www.ac-mastering.fr\/WordPress\/wp-content\/uploads\/2020\/05\/Qui-sommes-nous_2.50_75-768x357.jpg 768w\" sizes=\"auto, (max-width: 1139px) 100vw, 1139px\" \/><\/p>\n<p style=\"text-align: justify;\">\n<p style=\"text-align: justify;\">Selon la configuration de votre projet, le studio ACM peut enregistrer :<br \/>\n&#8211; dans ses locaux,<br \/>\n&#8211; directement chez vous ou sur le site de votre choix (voix, concert, spectacle, cin\u00e9sc\u00e9nie, pi\u00e8ce de th\u00e9\u00e2tre, conf\u00e9rence, etc.).<\/p>\n<p style=\"text-align: justify;\">De l&rsquo;enregistrement \u00e0 la diffusion de votre contenu (production physique ou distribution digitale), au del\u00e0 du mastering le studio ACM vous propose \u00e9galement l&rsquo;\u00e9dition &amp; l&rsquo;authoring vid\u00e9o, la r\u00e9alisation de vos fichiers graphiques et la totalit\u00e9 des travaux techniques et administratifs li\u00e9s \u00e0 votre projet.<\/p>\n<p>Le studio ACM peut donc intervenir sur une ou plusieurs \u00e9tapes de votre projet en apportant le conseil et une description compl\u00e8te des travaux \u00e0 accomplir au travers de nos devis &amp; <a href=\"https:\/\/www.ac-mastering.fr\/WordPress\/a-savoir\/cgv\/\" target=\"_blank\" rel=\"noopener noreferrer\">CGV<\/a>.<\/p>\n","protected":false},"excerpt":{"rendered":"<p>Le studio ACM est un studio de mastering &amp; authoring sp\u00e9cialis\u00e9 dans la r\u00e9alisation de projets artistiques (musicaux, audiovisuels, multim\u00e9dias &amp; \u00e9v\u00e8nementiels) qui peut selon vos besoins prendre en charge le mastering mais \u00e9galement l&rsquo;int\u00e9gralit\u00e9 de votre projet (enregistrement, mixage,&hellip; <\/p>\n","protected":false},"author":1,"featured_media":0,"parent":35,"menu_order":1,"comment_status":"closed","ping_status":"closed","template":"","meta":{"footnotes":""},"class_list":["post-406","page","type-page","status-publish","hentry"],"_links":{"self":[{"href":"https:\/\/www.ac-mastering.fr\/WordPress\/wp-json\/wp\/v2\/pages\/406","targetHints":{"allow":["GET"]}}],"collection":[{"href":"https:\/\/www.ac-mastering.fr\/WordPress\/wp-json\/wp\/v2\/pages"}],"about":[{"href":"https:\/\/www.ac-mastering.fr\/WordPress\/wp-json\/wp\/v2\/types\/page"}],"author":[{"embeddable":true,"href":"https:\/\/www.ac-mastering.fr\/WordPress\/wp-json\/wp\/v2\/users\/1"}],"replies":[{"embeddable":true,"href":"https:\/\/www.ac-mastering.fr\/WordPress\/wp-json\/wp\/v2\/comments?post=406"}],"version-history":[{"count":86,"href":"https:\/\/www.ac-mastering.fr\/WordPress\/wp-json\/wp\/v2\/pages\/406\/revisions"}],"predecessor-version":[{"id":4616,"href":"https:\/\/www.ac-mastering.fr\/WordPress\/wp-json\/wp\/v2\/pages\/406\/revisions\/4616"}],"up":[{"embeddable":true,"href":"https:\/\/www.ac-mastering.fr\/WordPress\/wp-json\/wp\/v2\/pages\/35"}],"wp:attachment":[{"href":"https:\/\/www.ac-mastering.fr\/WordPress\/wp-json\/wp\/v2\/media?parent=406"}],"curies":[{"name":"wp","href":"https:\/\/api.w.org\/{rel}","templated":true}]}}