{"id":427,"date":"2016-11-05T14:57:01","date_gmt":"2016-11-05T14:57:01","guid":{"rendered":"http:\/\/ac-mastering.fr\/WordPress\/?page_id=427"},"modified":"2026-02-12T16:02:10","modified_gmt":"2026-02-12T16:02:10","slug":"ou-sommes-nous","status":"publish","type":"page","link":"https:\/\/www.ac-mastering.fr\/WordPress\/accueil\/ou-sommes-nous\/","title":{"rendered":"O\u00f9 sommes-nous ?"},"content":{"rendered":"<p><img loading=\"lazy\" decoding=\"async\" class=\"alignleft wp-image-350\" src=\"https:\/\/www.ac-mastering.fr\/WordPress\/wp-content\/uploads\/2016\/10\/placeholder-150x150.png\" alt=\"placeholder\" width=\"120\" height=\"120\" srcset=\"https:\/\/www.ac-mastering.fr\/WordPress\/wp-content\/uploads\/2016\/10\/placeholder-150x150.png 150w, https:\/\/www.ac-mastering.fr\/WordPress\/wp-content\/uploads\/2016\/10\/placeholder-300x300.png 300w, https:\/\/www.ac-mastering.fr\/WordPress\/wp-content\/uploads\/2016\/10\/placeholder-230x230.png 230w, https:\/\/www.ac-mastering.fr\/WordPress\/wp-content\/uploads\/2016\/10\/placeholder.png 512w\" sizes=\"auto, (max-width: 120px) 100vw, 120px\" \/><\/p>\n<p style=\"text-align: justify;\">Le studio ACM est situ\u00e9 dans l&rsquo;Orne (Normandie) 5 impasse de la Margati\u00e8re \u00e0 Magny le D\u00e9sert en plein c\u0153ur du bocage, aux portes de la for\u00eat d&rsquo;Andaine.<\/p>\n<p style=\"text-align: justify;\"><img loading=\"lazy\" decoding=\"async\" class=\"aligncenter wp-image-3088\" src=\"http:\/\/ac-mastering.fr\/WordPress\/wp-content\/uploads\/2016\/11\/Carte_01-01.png\" width=\"700\" height=\"450\" data-id=\"3088\" srcset=\"https:\/\/www.ac-mastering.fr\/WordPress\/wp-content\/uploads\/2016\/11\/Carte_01-01.png 1140w, https:\/\/www.ac-mastering.fr\/WordPress\/wp-content\/uploads\/2016\/11\/Carte_01-01-300x193.png 300w, https:\/\/www.ac-mastering.fr\/WordPress\/wp-content\/uploads\/2016\/11\/Carte_01-01-768x494.png 768w, https:\/\/www.ac-mastering.fr\/WordPress\/wp-content\/uploads\/2016\/11\/Carte_01-01-1024x658.png 1024w\" sizes=\"auto, (max-width: 700px) 100vw, 700px\" \/><\/p>\n<p style=\"text-align: justify;\">Pour nous localiser, <a href=\"https:\/\/www.ac-mastering.fr\/WordPress\/contact\/nos-coordonnees\/\" target=\"_blank\" rel=\"noopener noreferrer\">cliquez ici.<\/a><\/p>\n<p style=\"text-align: justify;\"><img loading=\"lazy\" decoding=\"async\" class=\"size-full wp-image-3482 aligncenter\" src=\"http:\/\/ac-mastering.fr\/WordPress\/wp-content\/uploads\/2016\/11\/Photo-Studio-ACM-Page-accueil_3-01.jpg\" alt=\"\" width=\"1375\" height=\"642\" data-id=\"3482\" srcset=\"https:\/\/www.ac-mastering.fr\/WordPress\/wp-content\/uploads\/2016\/11\/Photo-Studio-ACM-Page-accueil_3-01.jpg 1375w, https:\/\/www.ac-mastering.fr\/WordPress\/wp-content\/uploads\/2016\/11\/Photo-Studio-ACM-Page-accueil_3-01-300x140.jpg 300w, https:\/\/www.ac-mastering.fr\/WordPress\/wp-content\/uploads\/2016\/11\/Photo-Studio-ACM-Page-accueil_3-01-768x359.jpg 768w, https:\/\/www.ac-mastering.fr\/WordPress\/wp-content\/uploads\/2016\/11\/Photo-Studio-ACM-Page-accueil_3-01-1024x478.jpg 1024w\" sizes=\"auto, (max-width: 1375px) 100vw, 1375px\" \/><\/p>\n<p style=\"text-align: justify;\">L&rsquo;int\u00e9gralit\u00e9 du site est s\u00e9curis\u00e9 avec un acc\u00e8s contr\u00f4l\u00e9 et un syst\u00e8me de surveillance vid\u00e9o r\u00e9pondant aux exigences r\u00e9glementaires.<\/p>\n<p style=\"text-align: justify;\"><img loading=\"lazy\" decoding=\"async\" class=\"alignright wp-image-3025\" src=\"http:\/\/ac-mastering.fr\/WordPress\/wp-content\/uploads\/2016\/11\/Acc\u00e8s-Ascenseur-50-50-50.jpg\" width=\"199\" height=\"150\" data-id=\"3025\" srcset=\"https:\/\/www.ac-mastering.fr\/WordPress\/wp-content\/uploads\/2016\/11\/Acc\u00e8s-Ascenseur-50-50-50.jpg 602w, https:\/\/www.ac-mastering.fr\/WordPress\/wp-content\/uploads\/2016\/11\/Acc\u00e8s-Ascenseur-50-50-50-300x226.jpg 300w\" sizes=\"auto, (max-width: 199px) 100vw, 199px\" \/><img loading=\"lazy\" decoding=\"async\" class=\"alignleft wp-image-3029\" src=\"http:\/\/ac-mastering.fr\/WordPress\/wp-content\/uploads\/2016\/11\/Vue-ext\u00e9rieure-50-50-50.jpg\" width=\"265\" height=\"150\" data-id=\"3029\" srcset=\"https:\/\/www.ac-mastering.fr\/WordPress\/wp-content\/uploads\/2016\/11\/Vue-ext\u00e9rieure-50-50-50.jpg 648w, https:\/\/www.ac-mastering.fr\/WordPress\/wp-content\/uploads\/2016\/11\/Vue-ext\u00e9rieure-50-50-50-300x170.jpg 300w\" sizes=\"auto, (max-width: 265px) 100vw, 265px\" \/><\/p>\n<p style=\"text-align: justify;\">Les locaux sont \u00e9quip\u00e9s d&rsquo;un acc\u00e8s aux personnes \u00e0 mobilit\u00e9 r\u00e9duite et disposent d&rsquo;un environnement ventil\u00e9 et climatis\u00e9, d&rsquo;un \u00e9clairage naturel avec une vue grand angle sur la campagne et la for\u00eat d&rsquo;Andaine.<\/p>\n<hr \/>\n<p style=\"text-align: justify;\">Nous avons aussi la possibilit\u00e9 de travailler chez vous, ou sur n&rsquo;importe quel site de votre choix selon vos disponibilit\u00e9s et les exigences de votre projet. Si n\u00e9cessaire, les conditions de d\u00e9placement, de restauration &amp; h\u00e9bergement seront d\u00e9taill\u00e9es dans votre devis.<\/p>\n","protected":false},"excerpt":{"rendered":"<p>Le studio ACM est situ\u00e9 dans l&rsquo;Orne (Normandie) 5 impasse de la Margati\u00e8re \u00e0 Magny le D\u00e9sert en plein c\u0153ur du bocage, aux portes de la for\u00eat d&rsquo;Andaine. Pour nous localiser, cliquez ici. L&rsquo;int\u00e9gralit\u00e9 du site est s\u00e9curis\u00e9 avec un&hellip; <\/p>\n","protected":false},"author":1,"featured_media":0,"parent":35,"menu_order":2,"comment_status":"closed","ping_status":"closed","template":"","meta":{"footnotes":""},"class_list":["post-427","page","type-page","status-publish","hentry"],"_links":{"self":[{"href":"https:\/\/www.ac-mastering.fr\/WordPress\/wp-json\/wp\/v2\/pages\/427","targetHints":{"allow":["GET"]}}],"collection":[{"href":"https:\/\/www.ac-mastering.fr\/WordPress\/wp-json\/wp\/v2\/pages"}],"about":[{"href":"https:\/\/www.ac-mastering.fr\/WordPress\/wp-json\/wp\/v2\/types\/page"}],"author":[{"embeddable":true,"href":"https:\/\/www.ac-mastering.fr\/WordPress\/wp-json\/wp\/v2\/users\/1"}],"replies":[{"embeddable":true,"href":"https:\/\/www.ac-mastering.fr\/WordPress\/wp-json\/wp\/v2\/comments?post=427"}],"version-history":[{"count":45,"href":"https:\/\/www.ac-mastering.fr\/WordPress\/wp-json\/wp\/v2\/pages\/427\/revisions"}],"predecessor-version":[{"id":5037,"href":"https:\/\/www.ac-mastering.fr\/WordPress\/wp-json\/wp\/v2\/pages\/427\/revisions\/5037"}],"up":[{"embeddable":true,"href":"https:\/\/www.ac-mastering.fr\/WordPress\/wp-json\/wp\/v2\/pages\/35"}],"wp:attachment":[{"href":"https:\/\/www.ac-mastering.fr\/WordPress\/wp-json\/wp\/v2\/media?parent=427"}],"curies":[{"name":"wp","href":"https:\/\/api.w.org\/{rel}","templated":true}]}}