{"id":432,"date":"2016-11-05T15:00:37","date_gmt":"2016-11-05T15:00:37","guid":{"rendered":"http:\/\/ac-mastering.fr\/WordPress\/?page_id=432"},"modified":"2020-09-12T09:15:47","modified_gmt":"2020-09-12T09:15:47","slug":"que-faisons-nous","status":"publish","type":"page","link":"https:\/\/www.ac-mastering.fr\/WordPress\/accueil\/que-faisons-nous\/","title":{"rendered":"Que faisons-nous ?"},"content":{"rendered":"<p style=\"text-align: justify;\"><img loading=\"lazy\" decoding=\"async\" class=\"alignleft wp-image-354\" src=\"https:\/\/www.ac-mastering.fr\/WordPress\/wp-content\/uploads\/2016\/10\/settings-3-2-150x150.png\" alt=\"settings-3-2\" width=\"130\" height=\"130\" srcset=\"https:\/\/www.ac-mastering.fr\/WordPress\/wp-content\/uploads\/2016\/10\/settings-3-2-150x150.png 150w, https:\/\/www.ac-mastering.fr\/WordPress\/wp-content\/uploads\/2016\/10\/settings-3-2-300x300.png 300w, https:\/\/www.ac-mastering.fr\/WordPress\/wp-content\/uploads\/2016\/10\/settings-3-2-230x230.png 230w, https:\/\/www.ac-mastering.fr\/WordPress\/wp-content\/uploads\/2016\/10\/settings-3-2.png 512w\" sizes=\"auto, (max-width: 130px) 100vw, 130px\" \/><\/p>\n<p style=\"text-align: justify;\">Pour r\u00e9pondre au mieux \u00e0 vos demandes, le Studio ACM dispose d&rsquo;une structure adapt\u00e9e \u00e0 vos projets avec les outils et solutions d&rsquo;aujourd&rsquo;hui pour les clients d&rsquo;hier, aujourd&rsquo;hui et demain.<\/p>\n<p style=\"text-align: justify;\">Avec plus de 25 ans d&rsquo;exp\u00e9rience, Jean-Michel vous apporte les conseils et solutions adapt\u00e9s \u00e0 votre projet.<\/p>\n<p style=\"text-align: justify;\"><div tabindex=\"0\" class=\"cycloneslider cycloneslider-template-standard cycloneslider-width-full\" id=\"cycloneslider-studio-acm-1\" > <div class=\"cycloneslider-slides cycle-slideshow\" data-cycle-allow-wrap=\"true\" data-cycle-dynamic-height=\"off\" data-cycle-auto-height=\"872:215\" data-cycle-auto-height-easing=\"null\" data-cycle-auto-height-speed=\"250\" data-cycle-delay=\"0\" data-cycle-easing=\"\" data-cycle-fx=\"fade\" data-cycle-hide-non-active=\"true\" data-cycle-log=\"false\" data-cycle-next=\"#cycloneslider-studio-acm-1 .cycloneslider-next\" data-cycle-pager=\"#cycloneslider-studio-acm-1 .cycloneslider-pager\" data-cycle-pause-on-hover=\"true\" data-cycle-prev=\"#cycloneslider-studio-acm-1 .cycloneslider-prev\" data-cycle-slides=\"&gt; div\" data-cycle-speed=\"1000\" data-cycle-swipe=\"1\" data-cycle-tile-count=\"7\" data-cycle-tile-delay=\"100\" data-cycle-tile-vertical=\"true\" data-cycle-timeout=\"4500\" > <div class=\"cycloneslider-slide cycloneslider-slide-image\" > <img decoding=\"async\" src=\"https:\/\/www.ac-mastering.fr\/WordPress\/wp-content\/uploads\/2017\/02\/Entete-site-web-ACM_004_0.png\" alt=\"\" title=\"\" \/> <\/div> <div class=\"cycloneslider-slide cycloneslider-slide-image\" > <img decoding=\"async\" src=\"https:\/\/www.ac-mastering.fr\/WordPress\/wp-content\/uploads\/2017\/02\/Entete-site-web-ACM_004_1.png\" alt=\"\" title=\"\" \/> <\/div> <div class=\"cycloneslider-slide cycloneslider-slide-image\" > <img decoding=\"async\" src=\"https:\/\/www.ac-mastering.fr\/WordPress\/wp-content\/uploads\/2017\/02\/Entete-site-web-ACM_004_2.png\" alt=\"\" title=\"\" \/> <\/div> <div class=\"cycloneslider-slide cycloneslider-slide-image\" > <img decoding=\"async\" src=\"https:\/\/www.ac-mastering.fr\/WordPress\/wp-content\/uploads\/2017\/02\/Entete-site-web-ACM_004_3.png\" alt=\"\" title=\"\" \/> <\/div> <div class=\"cycloneslider-slide cycloneslider-slide-image\" > <img decoding=\"async\" src=\"https:\/\/www.ac-mastering.fr\/WordPress\/wp-content\/uploads\/2017\/02\/Entete-site-web-ACM_004_4.png\" alt=\"\" title=\"\" \/> <\/div> <div class=\"cycloneslider-slide cycloneslider-slide-image\" > <img decoding=\"async\" src=\"https:\/\/www.ac-mastering.fr\/WordPress\/wp-content\/uploads\/2017\/02\/Entete-site-web-ACM_004_6.png\" alt=\"\" title=\"\" \/> <\/div> <div class=\"cycloneslider-slide cycloneslider-slide-image\" > <img decoding=\"async\" src=\"https:\/\/www.ac-mastering.fr\/WordPress\/wp-content\/uploads\/2017\/02\/Entete-site-web-ACM_004_5.png\" alt=\"\" title=\"\" \/> <\/div> <\/div> <div class=\"cycloneslider-pager\"><\/div> <a href=\"#\" class=\"cycloneslider-prev\"> <span class=\"arrow\"><\/span> <\/a> <a href=\"#\" class=\"cycloneslider-next\"> <span class=\"arrow\"><\/span> <\/a> <\/div><\/p>\n<p style=\"text-align: justify;\"><a href=\"http:\/\/ac-mastering.fr\/WordPress\/services-et-gestion-de-projets\/\" target=\"_blank\" rel=\"noopener noreferrer\"><img loading=\"lazy\" decoding=\"async\" class=\"aligncenter wp-image-3150 size-full\" src=\"http:\/\/ac-mastering.fr\/WordPress\/wp-content\/uploads\/2016\/08\/Sch\u00e9ma-g\u00e9n\u00e9ral-ACM_2.jpg\" alt=\"\" width=\"842\" height=\"637\" data-id=\"3150\" srcset=\"https:\/\/www.ac-mastering.fr\/WordPress\/wp-content\/uploads\/2016\/08\/Sch\u00e9ma-g\u00e9n\u00e9ral-ACM_2.jpg 842w, https:\/\/www.ac-mastering.fr\/WordPress\/wp-content\/uploads\/2016\/08\/Sch\u00e9ma-g\u00e9n\u00e9ral-ACM_2-300x227.jpg 300w, https:\/\/www.ac-mastering.fr\/WordPress\/wp-content\/uploads\/2016\/08\/Sch\u00e9ma-g\u00e9n\u00e9ral-ACM_2-768x581.jpg 768w\" sizes=\"auto, (max-width: 842px) 100vw, 842px\" \/><\/a><\/p>\n<p style=\"text-align: justify;\"><strong>PRINCIPALES PRESTATIONS :<\/strong><\/p>\n<p style=\"text-align: justify; padding-left: 30px;\"><strong>&#8211; Enregistrement chez vous ou sur le site de votre choix :<\/strong><br \/>\nsalle de concerts, cabaret, conservatoire, Ets scolaire, salle de congr\u00e8s, site touristique, religieux, etc.<br \/>\n<strong>&#8211; Enregistrement au studio ACM (voix, instruments) :<\/strong> livres audio, doublage, voix off,<br \/>\n<strong>&#8211; Montage, mixage, transfert, restauration :<\/strong> nombreux formats accept\u00e9s<br \/>\n<strong>&#8211; Bande son pour spectacle :<\/strong> cin\u00e9sc\u00e9nie \/ son et lumi\u00e8re, danse, cirque, \u00e9questre, one man show, etc.<br \/>\n<strong>&#8211; Fond sonore :<\/strong> cin\u00e9ma, film\/vid\u00e9o, jeux vid\u00e9o, exposition, d\u00e9fil\u00e9, site web<br \/>\n<strong>&#8211; Mastering<\/strong><br \/>\n<strong>&#8211; Annonce\/message publicitaire :<\/strong> CV multim\u00e9dia, message t\u00e9l\u00e9phonique, publicit\u00e9<br \/>\n<strong>&#8211; Enregistrement, montage et pr\u00e9paration d&rsquo;enregistrements pour guides audio multilingues<br \/>\n<\/strong>(visites guid\u00e9es, sites touristiques)<br \/>\n<strong>&#8211; Post-Production &amp; Authoring vid\u00e9o<\/strong><br \/>\n<strong>&#8211; R\u00e9alisation des fichiers graphiques &amp; PAO<\/strong><br \/>\n<strong>&#8211; Production CD Audio, CD ROM, CD Extra,<\/strong> (vinyles 17 &amp; 30 cm : sous-traitance gravure &amp; pressage)<br \/>\n<strong>&#8211; Production DVD Vid\u00e9o, DVD ROM, DVD Audio, Blu-ray<\/strong><br \/>\n<strong>&#8211; Distribution<\/strong> (normalisation fichiers pour plateformes de t\u00e9l\u00e9chargement &amp; streaming)<br \/>\n<strong>&#8211; Conseil, formation &amp; maintenance<\/strong><\/p>\n<p style=\"text-align: justify;\">Avant le lancement de votre projet, un devis sera \u00e9tabli avec le d\u00e9tail des prestations demand\u00e9es et les donn\u00e9es techniques associ\u00e9es.<br \/>\nPour chaque composant (master, fichier graphique), \u00e0 la fin des travaux un BAT (Bon A Tirer) vous sera transmis pour validation finale.<br \/>\nConcernant le master audio, le BAT est remis au client en 2 exemplaires au format CD Audio. Il est \u00e9galement possible de r\u00e9aliser le BAT Master sous 2 formats diff\u00e9rents : 1 CD audio pour l&rsquo;\u00e9coute client plus un CD ROM format DDP pour le presseur. Ce second format garanti l&rsquo;int\u00e9gralit\u00e9 des donn\u00e9es et la parfaite exploitation du contenu au pr\u00e9-mastering.<br \/>\n<em>(voir d\u00e9tails sur la page <a href=\"https:\/\/www.ac-mastering.fr\/WordPress\/services-et-gestion-de-projets\/mastering\/\" target=\"_blank\" rel=\"noopener noreferrer\">Mastering<\/a>)<\/em><\/p>\n<p style=\"text-align: justify;\">Toute modification du contenu suppl\u00e9mentaire \u00e0 la demande initiale entra\u00eene syst\u00e9matiquement un nouveau devis (pour traitements suppl\u00e9mentaires) et un nouveau BAT qui seront factur\u00e9s selon le tarif en vigueur.<br \/>\n<em>(voir d\u00e9tails dans nos <a href=\"https:\/\/www.ac-mastering.fr\/WordPress\/a-savoir\/cgv\/\" target=\"_blank\" rel=\"noopener noreferrer\">CGV<\/a> sur la page <a href=\"https:\/\/www.ac-mastering.fr\/WordPress\/a-savoir\/\" target=\"_blank\" rel=\"noopener noreferrer\">A savoir&#8230;<\/a>)<\/em><\/p>\n<p style=\"text-align: justify;\">Le studio ACM peut \u00e9galement vous accompagner dans vos d\u00e9marches administratives (licences, SACEM\/SDRM, etc.) en contr\u00f4lant la conformit\u00e9 de vos \u00e9l\u00e9ments (contenus &amp; contenants) li\u00e9s \u00e0 votre projet. Pour cela le studio dispose d&rsquo;un acc\u00e8s aupr\u00e8s des organismes sp\u00e9cialis\u00e9s fran\u00e7ais et internationaux.<br \/>\nPour plus de renseignements, consultez le chapitre \u00ab\u00a0Autorisations &amp; licences\u00a0\u00bb sur la page <a href=\"https:\/\/www.ac-mastering.fr\/WordPress\/a-savoir\/documentations\/\" target=\"_blank\" rel=\"noopener noreferrer\">documentations<\/a>.<\/p>\n<p style=\"text-align: justify;\">Pour tout renseignement technique et\/ou commercial : <a href=\"mailto:contact@ac-mastering.fr\">contact@ac-mastering.fr<\/a><\/p>\n","protected":false},"excerpt":{"rendered":"<p>Pour r\u00e9pondre au mieux \u00e0 vos demandes, le Studio ACM dispose d&rsquo;une structure adapt\u00e9e \u00e0 vos projets avec les outils et solutions d&rsquo;aujourd&rsquo;hui pour les clients d&rsquo;hier, aujourd&rsquo;hui et demain. Avec plus de 25 ans d&rsquo;exp\u00e9rience, Jean-Michel vous apporte les&hellip; <\/p>\n","protected":false},"author":1,"featured_media":0,"parent":35,"menu_order":3,"comment_status":"closed","ping_status":"closed","template":"","meta":{"footnotes":""},"class_list":["post-432","page","type-page","status-publish","hentry"],"_links":{"self":[{"href":"https:\/\/www.ac-mastering.fr\/WordPress\/wp-json\/wp\/v2\/pages\/432","targetHints":{"allow":["GET"]}}],"collection":[{"href":"https:\/\/www.ac-mastering.fr\/WordPress\/wp-json\/wp\/v2\/pages"}],"about":[{"href":"https:\/\/www.ac-mastering.fr\/WordPress\/wp-json\/wp\/v2\/types\/page"}],"author":[{"embeddable":true,"href":"https:\/\/www.ac-mastering.fr\/WordPress\/wp-json\/wp\/v2\/users\/1"}],"replies":[{"embeddable":true,"href":"https:\/\/www.ac-mastering.fr\/WordPress\/wp-json\/wp\/v2\/comments?post=432"}],"version-history":[{"count":63,"href":"https:\/\/www.ac-mastering.fr\/WordPress\/wp-json\/wp\/v2\/pages\/432\/revisions"}],"predecessor-version":[{"id":4619,"href":"https:\/\/www.ac-mastering.fr\/WordPress\/wp-json\/wp\/v2\/pages\/432\/revisions\/4619"}],"up":[{"embeddable":true,"href":"https:\/\/www.ac-mastering.fr\/WordPress\/wp-json\/wp\/v2\/pages\/35"}],"wp:attachment":[{"href":"https:\/\/www.ac-mastering.fr\/WordPress\/wp-json\/wp\/v2\/media?parent=432"}],"curies":[{"name":"wp","href":"https:\/\/api.w.org\/{rel}","templated":true}]}}