{"id":438,"date":"2016-11-05T15:05:27","date_gmt":"2016-11-05T15:05:27","guid":{"rendered":"http:\/\/ac-mastering.fr\/WordPress\/?page_id=438"},"modified":"2025-11-07T17:47:04","modified_gmt":"2025-11-07T17:47:04","slug":"quelles-configurations","status":"publish","type":"page","link":"https:\/\/www.ac-mastering.fr\/WordPress\/accueil\/quelles-configurations\/","title":{"rendered":"Quelles configurations ?"},"content":{"rendered":"<p style=\"text-align: justify;\"><img loading=\"lazy\" decoding=\"async\" class=\"alignleft wp-image-356\" src=\"https:\/\/www.ac-mastering.fr\/WordPress\/wp-content\/uploads\/2016\/10\/settings-cogwheel-150x150.png\" alt=\"settings-cogwheel\" width=\"110\" height=\"110\" srcset=\"https:\/\/www.ac-mastering.fr\/WordPress\/wp-content\/uploads\/2016\/10\/settings-cogwheel-150x150.png 150w, https:\/\/www.ac-mastering.fr\/WordPress\/wp-content\/uploads\/2016\/10\/settings-cogwheel-300x300.png 300w, https:\/\/www.ac-mastering.fr\/WordPress\/wp-content\/uploads\/2016\/10\/settings-cogwheel-230x230.png 230w, https:\/\/www.ac-mastering.fr\/WordPress\/wp-content\/uploads\/2016\/10\/settings-cogwheel.png 512w\" sizes=\"auto, (max-width: 110px) 100vw, 110px\" \/><\/p>\n<p style=\"text-align: justify;\">Le studio ACM est install\u00e9 depuis 2017 dans un environnement privil\u00e9gi\u00e9 au calme, en pleine campagne Normande. Vous y trouverez un \u00e9quipement professionnel au travers d&rsquo;une configuration originale. Le studio est install\u00e9 dans une ancienne \u00e9curie avec \u00e0 l&rsquo;extr\u00e9mit\u00e9 sud un espace d\u00e9tente sous un pr\u00e9au ouvert sur la for\u00eat d&rsquo;Andaine.<\/p>\n<p style=\"text-align: justify;\"><img loading=\"lazy\" decoding=\"async\" class=\"alignleft size-full wp-image-3482\" src=\"http:\/\/ac-mastering.fr\/WordPress\/wp-content\/uploads\/2016\/11\/Photo-Studio-ACM-Page-accueil_3-01.jpg\" alt=\"\" width=\"1375\" height=\"642\" data-id=\"3482\" srcset=\"https:\/\/www.ac-mastering.fr\/WordPress\/wp-content\/uploads\/2016\/11\/Photo-Studio-ACM-Page-accueil_3-01.jpg 1375w, https:\/\/www.ac-mastering.fr\/WordPress\/wp-content\/uploads\/2016\/11\/Photo-Studio-ACM-Page-accueil_3-01-300x140.jpg 300w, https:\/\/www.ac-mastering.fr\/WordPress\/wp-content\/uploads\/2016\/11\/Photo-Studio-ACM-Page-accueil_3-01-768x359.jpg 768w, https:\/\/www.ac-mastering.fr\/WordPress\/wp-content\/uploads\/2016\/11\/Photo-Studio-ACM-Page-accueil_3-01-1024x478.jpg 1024w\" sizes=\"auto, (max-width: 1375px) 100vw, 1375px\" \/><\/p>\n<p style=\"text-align: justify;\">Le studio est install\u00e9 dans une propri\u00e9t\u00e9 totalement close avec acc\u00e8s contr\u00f4l\u00e9 et une surveillance vid\u00e9o.<br \/>\nPour votre confort, le studio est ventil\u00e9 et climatis\u00e9 avec vue sur la campagne &amp; la for\u00eat d&rsquo;Andaine.<\/p>\n<p style=\"text-align: left;\"><strong>Structure des locaux :<\/strong><br \/>\n&#8211; zone de stockage pour mat\u00e9riel &amp; fournitures : \u00e0 votre disposition pour entreposer vos \u00e9quipements<br \/>\n&#8211; ascenseur pour personnes \u00e0 mobilit\u00e9 r\u00e9duite et transfert du mat\u00e9riel au studio<br \/>\n&#8211; Studio A : salle d&rsquo;enregistrement de 30 m2<br \/>\n&#8211; Studio B : cabine acoustique Studio Box de 6 m2<br \/>\n&#8211; Espace d\u00e9tente : pr\u00e9au ouvert plein sud sur la for\u00eat d&rsquo;Andaine<\/p>\n<hr \/>\n<p style=\"text-align: justify;\">Le studio dispose des meilleurs outils et \u00e9quipements dans une configuration offrant une souplesse de travail qui vous laissera totalement disponible pour finaliser sereinement votre projet. Voir liste des principaux outils disponibles en bas de page.<\/p>\n<p style=\"text-align: justify;\">Les r\u00e9seaux \u00e9lectriques et informatiques sont prot\u00e9g\u00e9s puis stabilis\u00e9s pour garantir une alimentation parfaite lors des sessions d&rsquo;enregistrement. Le serveur informatique est totalement isol\u00e9 des connexions ext\u00e9rieures garantissant ainsi une confidentialit\u00e9 et une protection totale de vos donn\u00e9es.<\/p>\n<hr \/>\n<p style=\"text-align: justify;\">Deux r\u00e9gies reli\u00e9es par fibre optique permettent dans un m\u00eame espace, de r\u00e9aliser tout type de prestations.<br \/>\nTous les \u00e9quipements disposent d&rsquo;un niveau d&rsquo;\u00e9coute directe calibr\u00e9 qui permet \u00e0 tout instant de comparer n&rsquo;importe quelle source de mani\u00e8re parfaitement objective.<br \/>\n<img loading=\"lazy\" decoding=\"async\" class=\"alignleft wp-image-4366\" src=\"https:\/\/www.ac-mastering.fr\/WordPress\/wp-content\/uploads\/2020\/05\/Studio_ACM_2020_03_50-1024x576.jpg\" alt=\"\" width=\"500\" height=\"281\" data-id=\"4366\" srcset=\"https:\/\/www.ac-mastering.fr\/WordPress\/wp-content\/uploads\/2020\/05\/Studio_ACM_2020_03_50-1024x576.jpg 1024w, https:\/\/www.ac-mastering.fr\/WordPress\/wp-content\/uploads\/2020\/05\/Studio_ACM_2020_03_50-300x169.jpg 300w, https:\/\/www.ac-mastering.fr\/WordPress\/wp-content\/uploads\/2020\/05\/Studio_ACM_2020_03_50-768x432.jpg 768w, https:\/\/www.ac-mastering.fr\/WordPress\/wp-content\/uploads\/2020\/05\/Studio_ACM_2020_03_50-1536x864.jpg 1536w, https:\/\/www.ac-mastering.fr\/WordPress\/wp-content\/uploads\/2020\/05\/Studio_ACM_2020_03_50.jpg 2016w\" sizes=\"auto, (max-width: 500px) 100vw, 500px\" \/><\/p>\n<p style=\"text-align: justify;\">La premi\u00e8re r\u00e9gie audio\/vid\u00e9o HD est install\u00e9e dans une cabine acoustique isol\u00e9e (-44 dB, r\u00e9verb\u00e9ration \u00e0 0,21 sec) ventil\u00e9e et climatis\u00e9e.<\/p>\n<p style=\"text-align: justify;\">Les travaux les plus exigeants (mastering, mixages, montages, authoring, contr\u00f4les &amp; mesures acoustiques) sont ainsi r\u00e9alis\u00e9s sans contraintes d&rsquo;environnement avec un niveau d&rsquo;\u00e9coute confortable r\u00e9duisant la fatigue auditive.<\/p>\n<p style=\"text-align: justify;\"><img loading=\"lazy\" decoding=\"async\" class=\"alignright wp-image-3003\" src=\"http:\/\/ac-mastering.fr\/WordPress\/wp-content\/uploads\/2016\/11\/IMG_3173_ShiftN-50-50-75.jpg\" alt=\"\" width=\"150\" height=\"240\" data-id=\"3003\" srcset=\"https:\/\/www.ac-mastering.fr\/WordPress\/wp-content\/uploads\/2016\/11\/IMG_3173_ShiftN-50-50-75.jpg 503w, https:\/\/www.ac-mastering.fr\/WordPress\/wp-content\/uploads\/2016\/11\/IMG_3173_ShiftN-50-50-75-187x300.jpg 187w\" sizes=\"auto, (max-width: 150px) 100vw, 150px\" \/><\/p>\n<hr \/>\n<p style=\"text-align: justify;\">La seconde r\u00e9gie permet de travailler au studio mais aussi chez vous ou sur le site de votre choix (salle de spectacle, conf\u00e9rence, th\u00e9\u00e2tre, \u00e9cole, conservatoire, site \u00e9v\u00e9nementiel ou touristique, etc. ).<\/p>\n<p style=\"text-align: justify;\">Cette station peut enregistrer 40 pistes (voix &amp; instruments) en 24bits\/192Khz :<br \/>\n&#8211; soit sur sc\u00e8ne (avec micros &amp; station multi-paires associ\u00e9e),<br \/>\n&#8211; soit en r\u00e9gie salle\/studio, en parall\u00e8le d&rsquo;une console d\u00e9j\u00e0 install\u00e9e (Dante\/MADI).<br \/>\nCette configuration peut \u00eatre \u00e9tendue selon la configuration du projet.<\/p>\n<p><img loading=\"lazy\" decoding=\"async\" class=\"aligncenter wp-image-4425\" src=\"https:\/\/www.ac-mastering.fr\/WordPress\/wp-content\/uploads\/2020\/05\/IMG_5194_2-scaled-e1590848622507.jpg\" alt=\"\" width=\"700\" height=\"444\" data-id=\"4425\" srcset=\"https:\/\/www.ac-mastering.fr\/WordPress\/wp-content\/uploads\/2020\/05\/IMG_5194_2-scaled-e1590848622507.jpg 2560w, https:\/\/www.ac-mastering.fr\/WordPress\/wp-content\/uploads\/2020\/05\/IMG_5194_2-scaled-e1590848622507-300x190.jpg 300w, https:\/\/www.ac-mastering.fr\/WordPress\/wp-content\/uploads\/2020\/05\/IMG_5194_2-scaled-e1590848622507-1024x650.jpg 1024w, https:\/\/www.ac-mastering.fr\/WordPress\/wp-content\/uploads\/2020\/05\/IMG_5194_2-scaled-e1590848622507-768x488.jpg 768w, https:\/\/www.ac-mastering.fr\/WordPress\/wp-content\/uploads\/2020\/05\/IMG_5194_2-scaled-e1590848622507-1536x975.jpg 1536w, https:\/\/www.ac-mastering.fr\/WordPress\/wp-content\/uploads\/2020\/05\/IMG_5194_2-scaled-e1590848622507-2048x1300.jpg 2048w\" sizes=\"auto, (max-width: 700px) 100vw, 700px\" \/><\/p>\n<p style=\"text-align: justify;\">Une sonorisation et\/ou un enregistrement vid\u00e9o multi-cam peuvent aussi vous \u00eatre propos\u00e9s selon la configuration et l&rsquo;organisation de votre site.<\/p>\n<p style=\"text-align: justify;\">Pour d&rsquo;autres prestations, n&rsquo;h\u00e9sitez pas \u00e0 nous contacter <a href=\"https:\/\/www.ac-mastering.fr\/WordPress\/contact\/\" target=\"_blank\" rel=\"noopener noreferrer\">ici<\/a>.<\/p>\n<p><img loading=\"lazy\" decoding=\"async\" class=\"alignright wp-image-3236 size-full\" src=\"https:\/\/www.ac-mastering.fr\/WordPress\/wp-content\/uploads\/2016\/11\/Photo-identit\u00e9-Studio-ACM-Facebook-01-01-e1492768341511.png\" alt=\"\" width=\"150\" height=\"136\" data-id=\"3236\" \/><\/p>\n<hr \/>\n<h4 style=\"text-align: justify;\"><span style=\"font-size: 24pt;\"><strong>\u00a0 EQUIPEMENTS :<\/strong><\/span><\/h4>\n<table style=\"border-collapse: collapse; width: 100%; height: 318px;\">\n<tbody>\n<tr style=\"height: 88px;\">\n<th style=\"width: 50%; text-align: center; height: 88px; background-color: #b5b1b1;\">\n<h2><strong>AUDIO &#8211; VIDEO<\/strong><\/h2>\n<\/th>\n<th style=\"width: 50%; text-align: center; height: 88px; background-color: #b5b1b1;\">\n<h2><strong>\u00a0INFORMATIQUE<\/strong><\/h2>\n<\/th>\n<\/tr>\n<tr style=\"height: 23px;\">\n<td style=\"width: 50%; height: 23px;\"><strong>MONITORING<\/strong><br \/>\nFOCAL &#8211; TWIN 6BE<br \/>\nPRODIPE &#8211; PRO8 II<\/td>\n<td style=\"width: 50%; height: 23px;\"><strong>STATION REGIE 1<\/strong><br \/>\nPC i9 14900K &#8211; 64 Go RAM<br \/>\nSSD WD 1 To + 4 To<br \/>\nSSD SAMSUNG 2 To 860 EVO<br \/>\nEcran 43 pouces SAMSUNG<br \/>\n2 \u00e9crans PHILIPS 24 pouces<br \/>\n<strong>STATION REGIE 2<br \/>\n<\/strong>PC CASAWAVE &#8211; i5 &#8211; 24 Go RAM<br \/>\nHDD 4 To (SSD +7400 tr\/mn)<br \/>\nSSD SAMSUNG 2 To 860 EVO<br \/>\nRME ARC USB + TotalMix FX<\/td>\n<\/tr>\n<tr style=\"height: 23px;\">\n<td style=\"width: 50%; height: 23px;\"><strong>CONTROLEURS MONITORING<br \/>\n<\/strong>S\u00e9lecteur LTRT Select 12<br \/>\nS\u00e9lecteur Monitoring WHADERFALE PRO WPL26<br \/>\nContr\u00f4leur M\/S, L\/R, R\/L, L+L, R+R, gain monitoring &amp; casques<br \/>\nDistributeur THE T.RACKS DS2418<\/td>\n<td style=\"width: 50%; height: 23px;\"><strong>STATION MOBILE<\/strong><br \/>\nPC ASUS &#8211; i7 &#8211; 16 Go<br \/>\nHD 2 To (SSD + 7400 tr\/mn)<br \/>\nHD SSD SAMSUNG 2 To 860 EVO<br \/>\nRME ARC USB + TotalMix FX<\/td>\n<\/tr>\n<tr style=\"height: 23px;\">\n<td style=\"width: 50%; height: 23px;\"><strong>CASQUES<\/strong><br \/>\nAKG K-371<br \/>\nAUDIO-TECHNICA ATH-M30X<br \/>\nBEYERDYNAMIC DT-770 Pro<br \/>\nSENNHEISER HD25<br \/>\nSONY MDR-7506<br \/>\nSONY MDR-CD380<\/td>\n<td style=\"width: 50%; height: 23px;\"><strong>NAS<\/strong><br \/>\nSYNOLOGY 918+ &#8211; 8 Go &#8211; 48 To<br \/>\nHDD Seagate IRONWOLF PRO<br \/>\nArchitecture 64 bits<br \/>\nRAID 5 &#8211; Cryptage AES 256 bits<\/td>\n<\/tr>\n<tr style=\"height: 23px;\">\n<td style=\"width: 50%; height: 23px;\"><strong>INTERFACES AUDIO NUMERIQUE<\/strong><br \/>\nRME MADIFace XT (394 canaux) \/ 24 bits &#8211; 192 KHz<br \/>\nRME FIREFace UFX+ (188 canaux) \/ 24 bits &#8211; 192 Khz<br \/>\nTC ELECTRONIC &#8211; 24 bits \/ 192 KHz<\/td>\n<td style=\"width: 50%; height: 23px;\"><strong>Logiciels \u00e9dition &amp; Mastering (DAW)<br \/>\n<\/strong>BorisFX &#8211; SEQUOIA Pro 17<br \/>\nBorisFX &#8211; SAMPLITUDE Pro X 8 Suite<\/td>\n<\/tr>\n<tr style=\"height: 23px;\">\n<td style=\"width: 50%; height: 23px;\"><strong>PREAMPLIS<\/strong><br \/>\nRME Micstasy + MADI Card i64M<br \/>\nSM PRO AUDIO &#8211; EP 84<br \/>\nCAMBRIDGE AUDIO 651P<br \/>\nAIYMA T3PRO<br \/>\nPRESONUS Studio Chanel<\/td>\n<td style=\"width: 50%; height: 23px;\"><strong>Logiciels \u00e9dition vid\u00e9o &amp; authoring<\/strong><br \/>\nDavinci Resolve Studio 19<br \/>\nVideo Pro X<br \/>\nPinnacle Studio<br \/>\nproDAD Mercalli V4<br \/>\nNewBlue Video Suite<\/td>\n<\/tr>\n<tr style=\"height: 23px;\">\n<td style=\"width: 50%; height: 23px;\"><strong>CONVERTISSEURS A\/D<\/strong><br \/>\nRME M32 AD (32 canaux \u00e0 96 Khz &#8211; 16 canaux \u00e0 192 Khz)<br \/>\nTC ELECTRONIC &#8211; 24 bits<\/td>\n<td style=\"width: 50%; height: 23px;\"><strong>Logiciels analyse<br \/>\n<\/strong>FLUX-AUDIO &#8211; MIRA<br \/>\nFLUX-AUDIO &#8211; Pure Analyser Essential<br \/>\nFLUX-AUDIO &#8211; Metering<br \/>\nFLUX-AUDIO &#8211; Live Option<\/td>\n<\/tr>\n<tr style=\"height: 23px;\">\n<td style=\"width: 50%; height: 23px;\"><strong>CONVERTISSEUR Num\u00e9rique<br \/>\n<\/strong>ROLAND SRC-2 &#8211; 24 bits &#8211; Dual Chanel &#8211; 44.1 &amp; 48 Khz<\/td>\n<td style=\"width: 50%; height: 23px;\"><\/td>\n<\/tr>\n<tr style=\"height: 23px;\">\n<td style=\"width: 50%; height: 23px;\"><strong>INTERFACE VIDEO A\/N<\/strong><br \/>\n<span class=\"irc_su\" dir=\"ltr\">Pinnacle Studio Ultimate HDV &amp; AVCHD<\/span><\/td>\n<td style=\"width: 50%; height: 23px;\"><\/td>\n<\/tr>\n<tr style=\"height: 23px;\">\n<td style=\"width: 50%; height: 23px;\"><strong>LECTEURS NUMERIQUES<br \/>\n<\/strong>CD SONY CDPD 500<br \/>\nDAT PCM 7040<br \/>\nDAT PCM 7030<br \/>\nMD SONY MDS-E10<br \/>\nMagn\u00e9toscope U-matic DMR4000 &amp; PCM 1630<br \/>\n<strong><br \/>\nLECTEURS ANALOGIQUES<\/strong><strong><br \/>\n<\/strong>Platine Vinyle TECHNICS SL1200 MKII<br \/>\nPlatine Cassette TASCAM 122 MKIII<br \/>\nMagn\u00e9toscope S-VHS S PHILIPS &#8211; VR1100<br \/>\nMagn\u00e9toscope VHS &#8211; SLV SE700<br \/>\nMagn\u00e9toscope Betacam\/Betacam SP SONY &#8211; UV1800P<\/td>\n<td style=\"width: 50%; height: 23px;\"><strong>PLUGINS<br \/>\n<\/strong>ACUSTICA<br \/>\nAUDIO PLUGIN UNION<br \/>\nAUDIOTHING<br \/>\nBABY AUDIO<br \/>\nBLACK ROOSTER AUDIO<br \/>\nBOZ DIGITAL LABS<br \/>\nBRAINWORX<br \/>\nCELEMONY SOFTWARE GmbH<br \/>\nDENISE AUDIO<br \/>\nDMG AUDIO<br \/>\nFABFILTER<br \/>\nFLUX-AUDIO<br \/>\nFUSE AUDIO<br \/>\nIK MULTIMEDIA<br \/>\nIMPULSE RECORD<br \/>\niZOTOPE<br \/>\nKLANGEHLM<br \/>\nMAGIX<br \/>\nNATIVE INSTRUMENTS<br \/>\nPLUGIN ALLIANCE<br \/>\nSOFTUBE<br \/>\nSONIBLE<br \/>\nSOUND DEVICE DIGITAL<br \/>\nSSL<br \/>\nSTEINBERG<br \/>\nTB PRO AUDIO<br \/>\nTC ELECTRONIC<br \/>\nUNIVERSAL AUDIO<\/td>\n<\/tr>\n<tr style=\"height: 23px;\">\n<td style=\"width: 50%; height: 23px;\"><strong>MICROPHONES<\/strong><br \/>\nAKG C414 XLII St\u00e9r\u00e9o Set<br \/>\nAUDIX DP5-A Pack<br \/>\nRODE NT1-A<br \/>\nsE Electronics Z5600A<br \/>\nsE Electronics Reflexion Filter Pro<br \/>\nSHURE SM57<br \/>\nSHURE SM58<br \/>\nSHURE BETA<br \/>\nTBone EM 800<br \/>\nTBone SC 140 St\u00e9r\u00e9o Set<br \/>\nTbone MB60<\/td>\n<td style=\"width: 50%; height: 23px;\"><strong>INSTRUMENTS VIRTUELS<br \/>\n<\/strong>AMPLE SOUND<br \/>\nARTURIA<br \/>\nAUDIOLOUNGE SOFT<br \/>\nBIG FISH AUDIO<br \/>\nCINEMATIC STUDIO SERIES<br \/>\nCINESAMPLE<br \/>\nIK MULTIMEDIA<br \/>\nIMPACT SOUNDWORKS<br \/>\nINDEPENDENCE<br \/>\nKORG<br \/>\nMAGIX<br \/>\nREFX<br \/>\nRED ROOM AUDIO<br \/>\nROLAND<br \/>\nSESSION GUITARIST<br \/>\nSONUSCORE<br \/>\nSONIC SCORES<br \/>\nSPECTRASONICS<br \/>\nSPITFIRE AUDIO<br \/>\nSTEINBERG<br \/>\nSYNAPSE AUDIO<br \/>\nNATIVE INSTRUMENTS (Komplete Ultimate 15&#8230;)<br \/>\nREVOLTA<br \/>\nTOONTRACK<br \/>\nVITA<br \/>\nXLN AUDIO<\/td>\n<\/tr>\n<\/tbody>\n<\/table>\n<p style=\"text-align: justify;\"><strong>\u00a0<\/strong><\/p>\n","protected":false},"excerpt":{"rendered":"<p>Le studio ACM est install\u00e9 depuis 2017 dans un environnement privil\u00e9gi\u00e9 au calme, en pleine campagne Normande. Vous y trouverez un \u00e9quipement professionnel au travers d&rsquo;une configuration originale. Le studio est install\u00e9 dans une ancienne \u00e9curie avec \u00e0 l&rsquo;extr\u00e9mit\u00e9 sud&hellip; <\/p>\n","protected":false},"author":1,"featured_media":0,"parent":35,"menu_order":4,"comment_status":"closed","ping_status":"closed","template":"","meta":{"footnotes":""},"class_list":["post-438","page","type-page","status-publish","hentry"],"_links":{"self":[{"href":"https:\/\/www.ac-mastering.fr\/WordPress\/wp-json\/wp\/v2\/pages\/438","targetHints":{"allow":["GET"]}}],"collection":[{"href":"https:\/\/www.ac-mastering.fr\/WordPress\/wp-json\/wp\/v2\/pages"}],"about":[{"href":"https:\/\/www.ac-mastering.fr\/WordPress\/wp-json\/wp\/v2\/types\/page"}],"author":[{"embeddable":true,"href":"https:\/\/www.ac-mastering.fr\/WordPress\/wp-json\/wp\/v2\/users\/1"}],"replies":[{"embeddable":true,"href":"https:\/\/www.ac-mastering.fr\/WordPress\/wp-json\/wp\/v2\/comments?post=438"}],"version-history":[{"count":333,"href":"https:\/\/www.ac-mastering.fr\/WordPress\/wp-json\/wp\/v2\/pages\/438\/revisions"}],"predecessor-version":[{"id":5028,"href":"https:\/\/www.ac-mastering.fr\/WordPress\/wp-json\/wp\/v2\/pages\/438\/revisions\/5028"}],"up":[{"embeddable":true,"href":"https:\/\/www.ac-mastering.fr\/WordPress\/wp-json\/wp\/v2\/pages\/35"}],"wp:attachment":[{"href":"https:\/\/www.ac-mastering.fr\/WordPress\/wp-json\/wp\/v2\/media?parent=438"}],"curies":[{"name":"wp","href":"https:\/\/api.w.org\/{rel}","templated":true}]}}