{"id":440,"date":"2016-11-05T15:08:20","date_gmt":"2016-11-05T15:08:20","guid":{"rendered":"http:\/\/ac-mastering.fr\/WordPress\/?page_id=440"},"modified":"2020-05-30T14:38:23","modified_gmt":"2020-05-30T14:38:23","slug":"nos-competences","status":"publish","type":"page","link":"https:\/\/www.ac-mastering.fr\/WordPress\/accueil\/nos-competences\/","title":{"rendered":"Nos comp\u00e9tences ?"},"content":{"rendered":"<p style=\"text-align: justify;\"><img loading=\"lazy\" decoding=\"async\" class=\"alignleft wp-image-369 size-thumbnail\" src=\"https:\/\/www.ac-mastering.fr\/WordPress\/wp-content\/uploads\/2016\/10\/mortarboard-150x150.png\" alt=\"mortarboard\" width=\"150\" height=\"150\" srcset=\"https:\/\/www.ac-mastering.fr\/WordPress\/wp-content\/uploads\/2016\/10\/mortarboard-150x150.png 150w, https:\/\/www.ac-mastering.fr\/WordPress\/wp-content\/uploads\/2016\/10\/mortarboard-300x300.png 300w, https:\/\/www.ac-mastering.fr\/WordPress\/wp-content\/uploads\/2016\/10\/mortarboard-230x230.png 230w, https:\/\/www.ac-mastering.fr\/WordPress\/wp-content\/uploads\/2016\/10\/mortarboard.png 512w\" sizes=\"auto, (max-width: 150px) 100vw, 150px\" \/><\/p>\n<p style=\"text-align: justify;\">Jean-Michel Rabineau, ing\u00e9nieur du son, a choisi au travers de sa passion pour la musique et les nouvelles technologies, de travailler en studio. Apr\u00e8s plusieurs ann\u00e9es de formation en audio num\u00e9rique &amp; informatique en France, en Allemagne et aux Pays-Bas, il a rejoint l&rsquo;industrie du disque optique avec la prise en charge du studio, du pr\u00e9-mastering audio, puis des outils informatiques chez le premier presseur ind\u00e9pendant en Europe.<\/p>\n<p style=\"text-align: justify;\">Avec l&rsquo;arriv\u00e9e des contenus num\u00e9riques \u00e0 fortes valeurs (musiques, films, logiciels, &#8230;), la protection des \u0153uvres et de leurs cr\u00e9ateurs est devenue une nouvelle priorit\u00e9. C&rsquo;est ainsi que Jean-Michel a particip\u00e9 \u00e0 la mise en place en France, du premier programme anti-piraterie pour les \u00e9diteurs &amp; producteurs fran\u00e7ais, et europ\u00e9ens.<br \/>\nCette approche a permis de mieux conna\u00eetre, au del\u00e0 des probl\u00e8mes techniques, toutes les difficult\u00e9s et contraintes des clients. La protection des \u0153uvres et des ayants droit est devenue un chapitre majeur dans la relation client avec la participation et le support des organismes sp\u00e9cialis\u00e9s (IFPI, CDSA, SACEM\/SDRM, MCPS, SGAE, GEMA et tous les membres du BIEM, MPA, BSA, &#8230;).<br \/>\nLa mise en place de ce programme international s&rsquo;est parfaitement int\u00e9gr\u00e9e dans une d\u00e9marche qualit\u00e9 et c&rsquo;est ainsi que Jean-Michel a repris en 2009 la responsabilit\u00e9 et le pilotage du management de la qualit\u00e9 (ISO 9001) tout en conservant le support et le conseil technique du mastering aupr\u00e8s des clients.<\/p>\n<p style=\"text-align: justify;\">Ces exp\u00e9riences aux c\u00f4t\u00e9s de nombreux clients fran\u00e7ais &amp; internationaux dans tous les genres musicaux &amp; artistiques, associ\u00e9es \u00e0 la demande grandissante de la part des :<br \/>\n&#8211; artistes auto producteurs,<br \/>\n&#8211; ind\u00e9pendants de la musique vivante (sc\u00e8nes, festivals, &#8230;),<br \/>\n&#8211; \u00e9coles et conservatoires de musique, de danse,<br \/>\n&#8211; professionnels de la musique, du spectacle (cin\u00e9sc\u00e9nie, pyrotechnique, &#8230;)<br \/>\npour une prise en charge technique partielle ou globale de leurs projets, le retour \u00ab\u00a0permanent\u00a0\u00bb aux technologies du mastering, de l&rsquo;authoring, de l\u2019enregistrement, du montage et de toutes les prestations techniques associ\u00e9es est devenu une \u00e9vidence.<\/p>\n<p style=\"text-align: justify;\">Cela fait maintenant plus de 25 ans que Jean-Michel r\u00e9alise le mastering pour de nombreux clients avec une vraie passion pour les enregistrements acoustiques (classique, jazz, musiques traditionnelles, musiques du monde, &#8230;). La majorit\u00e9 de ces clients sont rest\u00e9s fid\u00e8les et poursuivent \u00e0 pr\u00e9sent leur chemin artistique avec le studio ACM.<\/p>\n<p style=\"text-align: justify;\"><img loading=\"lazy\" decoding=\"async\" class=\"alignleft wp-image-1931 size-full\" src=\"https:\/\/www.ac-mastering.fr\/WordPress\/wp-content\/uploads\/2016\/11\/medal-e1485962119502.png\" alt=\"\" width=\"60\" height=\"60\" \/>Cette ma\u00eetrise vous assure une r\u00e9ussite parfaite de tous vos projets avec une exp\u00e9rience, un accompagnement professionnel et une satisfaction garantie.<\/p>\n<h2 style=\"text-align: center;\"><img loading=\"lazy\" decoding=\"async\" class=\"size-full wp-image-2365 aligncenter\" src=\"http:\/\/ac-mastering.fr\/WordPress\/wp-content\/uploads\/2016\/08\/Sigle-Ensemble-valorisons-vos-cr\u00e9ations_2-e1487008131856.png\" alt=\"\" width=\"660\" height=\"154\" data-id=\"2365\" srcset=\"https:\/\/www.ac-mastering.fr\/WordPress\/wp-content\/uploads\/2016\/08\/Sigle-Ensemble-valorisons-vos-cr\u00e9ations_2-e1487008131856.png 660w, https:\/\/www.ac-mastering.fr\/WordPress\/wp-content\/uploads\/2016\/08\/Sigle-Ensemble-valorisons-vos-cr\u00e9ations_2-e1487008131856-300x70.png 300w\" sizes=\"auto, (max-width: 660px) 100vw, 660px\" \/><\/h2>\n","protected":false},"excerpt":{"rendered":"<p>Jean-Michel Rabineau, ing\u00e9nieur du son, a choisi au travers de sa passion pour la musique et les nouvelles technologies, de travailler en studio. Apr\u00e8s plusieurs ann\u00e9es de formation en audio num\u00e9rique &amp; informatique en France, en Allemagne et aux Pays-Bas,&hellip; <\/p>\n","protected":false},"author":1,"featured_media":0,"parent":35,"menu_order":5,"comment_status":"closed","ping_status":"closed","template":"","meta":{"footnotes":""},"class_list":["post-440","page","type-page","status-publish","hentry"],"_links":{"self":[{"href":"https:\/\/www.ac-mastering.fr\/WordPress\/wp-json\/wp\/v2\/pages\/440","targetHints":{"allow":["GET"]}}],"collection":[{"href":"https:\/\/www.ac-mastering.fr\/WordPress\/wp-json\/wp\/v2\/pages"}],"about":[{"href":"https:\/\/www.ac-mastering.fr\/WordPress\/wp-json\/wp\/v2\/types\/page"}],"author":[{"embeddable":true,"href":"https:\/\/www.ac-mastering.fr\/WordPress\/wp-json\/wp\/v2\/users\/1"}],"replies":[{"embeddable":true,"href":"https:\/\/www.ac-mastering.fr\/WordPress\/wp-json\/wp\/v2\/comments?post=440"}],"version-history":[{"count":34,"href":"https:\/\/www.ac-mastering.fr\/WordPress\/wp-json\/wp\/v2\/pages\/440\/revisions"}],"predecessor-version":[{"id":4447,"href":"https:\/\/www.ac-mastering.fr\/WordPress\/wp-json\/wp\/v2\/pages\/440\/revisions\/4447"}],"up":[{"embeddable":true,"href":"https:\/\/www.ac-mastering.fr\/WordPress\/wp-json\/wp\/v2\/pages\/35"}],"wp:attachment":[{"href":"https:\/\/www.ac-mastering.fr\/WordPress\/wp-json\/wp\/v2\/media?parent=440"}],"curies":[{"name":"wp","href":"https:\/\/api.w.org\/{rel}","templated":true}]}}