{"id":587,"date":"2016-12-13T10:12:28","date_gmt":"2016-12-13T10:12:28","guid":{"rendered":"http:\/\/ac-mastering.fr\/WordPress\/?page_id=587"},"modified":"2026-02-12T15:58:48","modified_gmt":"2026-02-12T15:58:48","slug":"nos-coordonnees","status":"publish","type":"page","link":"https:\/\/www.ac-mastering.fr\/WordPress\/contact\/nos-coordonnees\/","title":{"rendered":"Nos coordonn\u00e9es"},"content":{"rendered":"<div tabindex=\"0\" class=\"cycloneslider cycloneslider-template-standard cycloneslider-width-full\" id=\"cycloneslider-studio-acm-1\" > <div class=\"cycloneslider-slides cycle-slideshow\" data-cycle-allow-wrap=\"true\" data-cycle-dynamic-height=\"off\" data-cycle-auto-height=\"872:215\" data-cycle-auto-height-easing=\"null\" data-cycle-auto-height-speed=\"250\" data-cycle-delay=\"0\" data-cycle-easing=\"\" data-cycle-fx=\"fade\" data-cycle-hide-non-active=\"true\" data-cycle-log=\"false\" data-cycle-next=\"#cycloneslider-studio-acm-1 .cycloneslider-next\" data-cycle-pager=\"#cycloneslider-studio-acm-1 .cycloneslider-pager\" data-cycle-pause-on-hover=\"true\" data-cycle-prev=\"#cycloneslider-studio-acm-1 .cycloneslider-prev\" data-cycle-slides=\"&gt; div\" data-cycle-speed=\"1000\" data-cycle-swipe=\"1\" data-cycle-tile-count=\"7\" data-cycle-tile-delay=\"100\" data-cycle-tile-vertical=\"true\" data-cycle-timeout=\"4500\" > <div class=\"cycloneslider-slide cycloneslider-slide-image\" > <img decoding=\"async\" src=\"https:\/\/www.ac-mastering.fr\/WordPress\/wp-content\/uploads\/2017\/02\/Entete-site-web-ACM_004_0.png\" alt=\"\" title=\"\" \/> <\/div> <div class=\"cycloneslider-slide cycloneslider-slide-image\" > <img decoding=\"async\" src=\"https:\/\/www.ac-mastering.fr\/WordPress\/wp-content\/uploads\/2017\/02\/Entete-site-web-ACM_004_1.png\" alt=\"\" title=\"\" \/> <\/div> <div class=\"cycloneslider-slide cycloneslider-slide-image\" > <img decoding=\"async\" src=\"https:\/\/www.ac-mastering.fr\/WordPress\/wp-content\/uploads\/2017\/02\/Entete-site-web-ACM_004_2.png\" alt=\"\" title=\"\" \/> <\/div> <div class=\"cycloneslider-slide cycloneslider-slide-image\" > <img decoding=\"async\" src=\"https:\/\/www.ac-mastering.fr\/WordPress\/wp-content\/uploads\/2017\/02\/Entete-site-web-ACM_004_3.png\" alt=\"\" title=\"\" \/> <\/div> <div class=\"cycloneslider-slide cycloneslider-slide-image\" > <img decoding=\"async\" src=\"https:\/\/www.ac-mastering.fr\/WordPress\/wp-content\/uploads\/2017\/02\/Entete-site-web-ACM_004_4.png\" alt=\"\" title=\"\" \/> <\/div> <div class=\"cycloneslider-slide cycloneslider-slide-image\" > <img decoding=\"async\" src=\"https:\/\/www.ac-mastering.fr\/WordPress\/wp-content\/uploads\/2017\/02\/Entete-site-web-ACM_004_6.png\" alt=\"\" title=\"\" \/> <\/div> <div class=\"cycloneslider-slide cycloneslider-slide-image\" > <img decoding=\"async\" src=\"https:\/\/www.ac-mastering.fr\/WordPress\/wp-content\/uploads\/2017\/02\/Entete-site-web-ACM_004_5.png\" alt=\"\" title=\"\" \/> <\/div> <\/div> <div class=\"cycloneslider-pager\"><\/div> <a href=\"#\" class=\"cycloneslider-prev\"> <span class=\"arrow\"><\/span> <\/a> <a href=\"#\" class=\"cycloneslider-next\"> <span class=\"arrow\"><\/span> <\/a> <\/div>\n<p><span style=\"font-size: 12pt;\">Nous vous remercions d&rsquo;avoir visit\u00e9 et parcouru notre site et vous disons \u00e0 tr\u00e8s bient\u00f4t.<\/span><\/p>\n<p><span style=\"font-size: 12pt;\">Musicalement,<\/span><\/p>\n<p><img loading=\"lazy\" decoding=\"async\" class=\"aligncenter wp-image-2491\" src=\"http:\/\/ac-mastering.fr\/WordPress\/wp-content\/uploads\/2016\/12\/Signature-Jean-Michel-Rabineau-Ing\u00e9nieur-du-son-Dirigeant-Studio-ACM-Vectoris\u00e9e-01.png\" width=\"400\" height=\"145\" data-id=\"2491\" srcset=\"https:\/\/www.ac-mastering.fr\/WordPress\/wp-content\/uploads\/2016\/12\/Signature-Jean-Michel-Rabineau-Ing\u00e9nieur-du-son-Dirigeant-Studio-ACM-Vectoris\u00e9e-01.png 954w, https:\/\/www.ac-mastering.fr\/WordPress\/wp-content\/uploads\/2016\/12\/Signature-Jean-Michel-Rabineau-Ing\u00e9nieur-du-son-Dirigeant-Studio-ACM-Vectoris\u00e9e-01-300x109.png 300w, https:\/\/www.ac-mastering.fr\/WordPress\/wp-content\/uploads\/2016\/12\/Signature-Jean-Michel-Rabineau-Ing\u00e9nieur-du-son-Dirigeant-Studio-ACM-Vectoris\u00e9e-01-768x279.png 768w\" sizes=\"auto, (max-width: 400px) 100vw, 400px\" \/><\/p>\n<p style=\"text-align: center;\"><strong>STUDIO ACM<\/strong><br \/>\n5 impasse de la Margati\u00e8re<br \/>\n61600 MAGNY LE DESERT \u2013 France<\/p>\n<p style=\"text-align: center;\">Tel : <strong>06 72 74 10 38<\/strong><\/p>\n<p style=\"text-align: center;\"><a href=\"http:\/\/www.ac-mastering.fr\" target=\"_blank\" rel=\"noopener noreferrer\">www.ac-mastering.fr<\/a>\u00a0\u00a0 \u2013\u00a0 <a href=\"mailto:contact@ac-mastering.fr\" target=\"_blank\" rel=\"noopener noreferrer\">contact@ac-mastering.fr<\/a><\/p>\n<p style=\"text-align: center;\"><strong>Horaires d&rsquo;ouverture pour un RDV :<\/strong><br \/>\ndu lundi au vendredi : 8:30 \/ 12:30 &#8211; 14:00 \/ 19:30<br \/>\net le samedi : 9:30 \/ 12:30 &#8211; 14:00 \/ 18:00<\/p>\n<hr \/>\n<p style=\"text-align: center;\"><strong>Si\u00e8ge Social :<\/strong> 5 impasse de la Margati\u00e8re 61600 MAGNY LE DESERT &#8211; France &#8211; (33) 06 72 74 10 38<br \/>\n<strong>email :<\/strong> contact@ac-mastering &#8211; <strong>SIRET :<\/strong> 809 185 549 00015 &#8211; <strong>Code APE :<\/strong> 5920Z &#8211; <strong>RCS<\/strong> 809185549 &#8211; ALENCON<\/p>\n<p><img loading=\"lazy\" decoding=\"async\" class=\"wp-image-222 alignnone alignright\" src=\"http:\/\/ac-mastering.fr\/WordPress\/wp-content\/uploads\/2016\/08\/Rose-des-vents_1_1-300x189.png\" alt=\"rose-des-vents_1_1\" width=\"199\" height=\"125\" srcset=\"https:\/\/www.ac-mastering.fr\/WordPress\/wp-content\/uploads\/2016\/08\/Rose-des-vents_1_1-300x189.png 300w, https:\/\/www.ac-mastering.fr\/WordPress\/wp-content\/uploads\/2016\/08\/Rose-des-vents_1_1-768x483.png 768w, https:\/\/www.ac-mastering.fr\/WordPress\/wp-content\/uploads\/2016\/08\/Rose-des-vents_1_1.png 800w\" sizes=\"auto, (max-width: 199px) 100vw, 199px\" \/><\/p>\n<hr \/>\n<p><span style=\"font-size: 18pt;\"><strong><a id=\"geolocalisation\"><\/a>Pour venir nous rencontrer (uniquement sur RDV) :<\/strong><\/span><\/p>\n<p>Pr\u00e9paration de votre itin\u00e9raire : <a href=\"https:\/\/www.google.fr\/maps\/dir\/%27%27\/jean-michel+rabineau\/@48.5495087,-0.3726716,13z\/data=%213m1%214b1%214m8%214m7%211m0%211m5%211m1%211s0x4809ed528d43009d:0x57b00c5e9210dc44%212m2%211d-0.3376523%212d48.549514\" target=\"_blank\" rel=\"noopener noreferrer\">cliquez ici<\/a><\/p>\n<p>Notre situation g\u00e9ographique &amp; coordonn\u00e9es GPS :<\/p>\n<div id=\"wpgmza_map\" class=\"wpgmza_map\" data-settings='{\"id\":\"1\",\"map_title\":\"Studio ACM\",\"map_width\":\"100\",\"map_height\":\"400\",\"map_start_lat\":\"48.588079\",\"map_start_lng\":\"-0.656237\",\"map_start_location\":\"48.588079486445224,-0.6562365312499874\",\"map_start_zoom\":\"9\",\"default_marker\":\"0\",\"type\":\"1\",\"alignment\":\"1\",\"directions_enabled\":\"1\",\"styling_enabled\":\"0\",\"styling_json\":\"\",\"active\":\"0\",\"kml\":\"\",\"bicycle\":\"0\",\"traffic\":\"0\",\"dbox\":\"1\",\"dbox_width\":\"100\",\"listmarkers\":\"0\",\"listmarkers_advanced\":\"0\",\"filterbycat\":\"0\",\"ugm_enabled\":\"0\",\"ugm_category_enabled\":\"0\",\"fusion\":\"\",\"map_width_type\":\"\\\\%\",\"map_height_type\":\"px\",\"mass_marker_support\":\"1\",\"ugm_access\":\"0\",\"order_markers_by\":\"1\",\"order_markers_choice\":\"2\",\"show_user_location\":\"0\",\"default_to\":\"\",\"other_settings\":{\"store_locator_enabled\":2,\"store_locator_distance\":2,\"store_locator_default_radius\":\"10\",\"store_locator_not_found_message\":\"No results found in this location. Please try again.\",\"store_locator_bounce\":1,\"store_locator_query_string\":\"Code Postal \\\/ Adresse\",\"store_locator_default_address\":\"\",\"wpgmza_store_locator_restrict\":\"\",\"map_max_zoom\":\"1\",\"transport_layer\":0,\"wpgmza_theme_data\":\"\",\"wpgmza_show_points_of_interest\":1}}' data-map-id='1' Data-maps-engine='google-maps' data-shortcode-attributes='{\"id\":\"1\"}' style=\"display:block; overflow:auto; width:100%; height:400px; float:left;\"><\/div>\n","protected":false},"excerpt":{"rendered":"<p>Nous vous remercions d&rsquo;avoir visit\u00e9 et parcouru notre site et vous disons \u00e0 tr\u00e8s bient\u00f4t. Musicalement, STUDIO ACM 5 impasse de la Margati\u00e8re 61600 MAGNY LE DESERT \u2013 France Tel : 06 72 74 10 38 www.ac-mastering.fr\u00a0\u00a0 \u2013\u00a0 contact@ac-mastering.fr Horaires&hellip; <\/p>\n","protected":false},"author":1,"featured_media":0,"parent":97,"menu_order":2,"comment_status":"closed","ping_status":"closed","template":"","meta":{"footnotes":""},"class_list":["post-587","page","type-page","status-publish","hentry"],"_links":{"self":[{"href":"https:\/\/www.ac-mastering.fr\/WordPress\/wp-json\/wp\/v2\/pages\/587","targetHints":{"allow":["GET"]}}],"collection":[{"href":"https:\/\/www.ac-mastering.fr\/WordPress\/wp-json\/wp\/v2\/pages"}],"about":[{"href":"https:\/\/www.ac-mastering.fr\/WordPress\/wp-json\/wp\/v2\/types\/page"}],"author":[{"embeddable":true,"href":"https:\/\/www.ac-mastering.fr\/WordPress\/wp-json\/wp\/v2\/users\/1"}],"replies":[{"embeddable":true,"href":"https:\/\/www.ac-mastering.fr\/WordPress\/wp-json\/wp\/v2\/comments?post=587"}],"version-history":[{"count":41,"href":"https:\/\/www.ac-mastering.fr\/WordPress\/wp-json\/wp\/v2\/pages\/587\/revisions"}],"predecessor-version":[{"id":5036,"href":"https:\/\/www.ac-mastering.fr\/WordPress\/wp-json\/wp\/v2\/pages\/587\/revisions\/5036"}],"up":[{"embeddable":true,"href":"https:\/\/www.ac-mastering.fr\/WordPress\/wp-json\/wp\/v2\/pages\/97"}],"wp:attachment":[{"href":"https:\/\/www.ac-mastering.fr\/WordPress\/wp-json\/wp\/v2\/media?parent=587"}],"curies":[{"name":"wp","href":"https:\/\/api.w.org\/{rel}","templated":true}]}}