{"id":761,"date":"2016-12-20T18:56:01","date_gmt":"2016-12-20T18:56:01","guid":{"rendered":"http:\/\/ac-mastering.fr\/WordPress\/?page_id=761"},"modified":"2020-08-25T15:30:48","modified_gmt":"2020-08-25T15:30:48","slug":"documentations","status":"publish","type":"page","link":"https:\/\/www.ac-mastering.fr\/WordPress\/a-savoir\/documentations\/","title":{"rendered":"Documentations"},"content":{"rendered":"<h5>\u00a01. AUTORISATIONS &amp; LICENCES<\/h5>\n<h4><strong>\u00a01.1. DROITS DE REPRODUCTION MECANIQUE (DRM)<\/strong><\/h4>\n<p>Quelques conseils pratiques par type de produit en France. Pour plus d&rsquo;informations : <a href=\"http:\/\/www.sacem.fr\" target=\"_blank\" rel=\"noopener noreferrer\">www.sacem.fr<\/a><\/p>\n<p><strong>AUDIO :<\/strong><br \/>\nLe client doit obtenir une autorisation de reproduction m\u00e9canique aupr\u00e8s de la SDRM, m\u00eame si les produits sont offerts (produits<br \/>\ngratuits, promotionnels).<br \/>\nDemande d\u2019autorisation en ligne (recommand\u00e9) :<a href=\"https:\/\/opo.sacem.fr\/Lang\/FR\/Htmls\/Sacem\/Sacem.html\" target=\"_blank\" rel=\"noopener noreferrer\"> https:\/\/opo.sacem.fr\/Lang\/FR\/Htmls\/Sacem\/Sacem.html<\/a><br \/>\nDemande d\u2019autorisation manuscrite : utiliser le formulaire \u00ab\u00a0Demande d&rsquo;autorisation oeuvre par oeuvre\u00a0\u00bb.<\/p>\n<p><strong>VIDEO :<\/strong><br \/>\nLe client doit obtenir une autorisation de reproduction m\u00e9canique aupr\u00e8s de la SDRM, m\u00eame si les produits sont offerts (produits gratuits, promotionnels).<br \/>\nPlusieurs formulaires de demande d\u2019autorisation oeuvre par oeuvre sont disponibles :<br \/>\n&#8211; vid\u00e9ogrammes destin\u00e9s \u00e0 la vente ou \u00e0 la location pour l\u2019usage priv\u00e9,<br \/>\n&#8211; films d\u2019entreprise, d\u2019institution, d\u2019association\u2026,<br \/>\n&#8211; vid\u00e9ogrammes karaok\u00e9s.<\/p>\n<p>Pour plus d\u2019informations : <a href=\"https:\/\/clients.sacem.fr\/autorisations\/produire-un-dvd-blu-ray\" target=\"_blank\" rel=\"noopener noreferrer\">Produire un DVD ou un Blu-ray<\/a><\/p>\n<p><strong>ROM :<\/strong><br \/>\nLe client doit obtenir une autorisation de reproduction m\u00e9canique pour tout produit multim\u00e9dia contenant des applications, des musiques sous diff\u00e9rents formats (MP3, WAV, AIFF, Midi\u2026), des images, des sc\u00e9narios\u2026 .<\/p>\n<h4><strong>\u00a01.2. DROITS ET PROPRIETE INTELLECTUELLE (DPI)<\/strong><\/h4>\n<p style=\"text-align: justify;\">Pour toute exploitation d&rsquo;une oeuvre originale, d&rsquo;un logo, d&rsquo;une application, d&rsquo;une marque et pour toutes configurations (fond musical sur une vid\u00e9o, logiciels utilitaires\u2026), le client doit disposer des autorisations aupr\u00e8s des ayants droit\/propri\u00e9taires (producteurs ou \u00e9diteurs).<\/p>\n<p>En cas de besoin aupr\u00e8s de producteurs, \u00e9diteurs au tout autre ayant droit, le studio ACM dispose de plusieurs formulaires types :<br \/>\n&#8211; mod\u00e8le de d\u00e9claration,<br \/>\n&#8211; autorisation de reconnaissance des droits par un tiers,<br \/>\n&#8211; \u2026<\/p>\n<p style=\"text-align: justify;\"><strong>IMPORTANT :<\/strong><br \/>\nPour \u00e9viter tout impact sur le d\u00e9lai et la fabrication\/livraison de vos produits, adresser votre demande d&rsquo;autorisation \u00e0 la SDRM\/SESAM le plus t\u00f4t possible afin de la remettre au presseur ou duplicateur avec votre commande.<\/p>\n<p><strong>N&rsquo;h\u00e9sitez pas \u00e0 nous contacter pour tout renseignement ou conseil compl\u00e9mentaires en cliquant sur le lien suivant :<\/strong>\u00a0 <a href=\"mailto:contact@ac-mastering.fr?subject=Autorisation et licences - Demande de renseignement\"><img loading=\"lazy\" decoding=\"async\" class=\"alignnone wp-image-1119\" src=\"https:\/\/www.ac-mastering.fr\/WordPress\/wp-content\/uploads\/2016\/12\/email-e1483513061915.png\" alt=\"\" width=\"30\" height=\"30\" \/><\/a><\/p><\/p>\n","protected":false},"excerpt":{"rendered":"<p>\u00a01. AUTORISATIONS &amp; LICENCES \u00a01.1. DROITS DE REPRODUCTION MECANIQUE (DRM) Quelques conseils pratiques par type de produit en France. Pour plus d&rsquo;informations : www.sacem.fr AUDIO : Le client doit obtenir une autorisation de reproduction m\u00e9canique aupr\u00e8s de la SDRM, m\u00eame&hellip; <\/p>\n","protected":false},"author":1,"featured_media":0,"parent":95,"menu_order":3,"comment_status":"closed","ping_status":"closed","template":"","meta":{"footnotes":""},"class_list":["post-761","page","type-page","status-publish","hentry"],"_links":{"self":[{"href":"https:\/\/www.ac-mastering.fr\/WordPress\/wp-json\/wp\/v2\/pages\/761","targetHints":{"allow":["GET"]}}],"collection":[{"href":"https:\/\/www.ac-mastering.fr\/WordPress\/wp-json\/wp\/v2\/pages"}],"about":[{"href":"https:\/\/www.ac-mastering.fr\/WordPress\/wp-json\/wp\/v2\/types\/page"}],"author":[{"embeddable":true,"href":"https:\/\/www.ac-mastering.fr\/WordPress\/wp-json\/wp\/v2\/users\/1"}],"replies":[{"embeddable":true,"href":"https:\/\/www.ac-mastering.fr\/WordPress\/wp-json\/wp\/v2\/comments?post=761"}],"version-history":[{"count":33,"href":"https:\/\/www.ac-mastering.fr\/WordPress\/wp-json\/wp\/v2\/pages\/761\/revisions"}],"predecessor-version":[{"id":4595,"href":"https:\/\/www.ac-mastering.fr\/WordPress\/wp-json\/wp\/v2\/pages\/761\/revisions\/4595"}],"up":[{"embeddable":true,"href":"https:\/\/www.ac-mastering.fr\/WordPress\/wp-json\/wp\/v2\/pages\/95"}],"wp:attachment":[{"href":"https:\/\/www.ac-mastering.fr\/WordPress\/wp-json\/wp\/v2\/media?parent=761"}],"curies":[{"name":"wp","href":"https:\/\/api.w.org\/{rel}","templated":true}]}}