{"id":836,"date":"2016-12-22T15:47:41","date_gmt":"2016-12-22T15:47:41","guid":{"rendered":"http:\/\/ac-mastering.fr\/WordPress\/?page_id=836"},"modified":"2020-08-25T15:28:44","modified_gmt":"2020-08-25T15:28:44","slug":"demande-douverture-de-compte-ftp","status":"publish","type":"page","link":"https:\/\/www.ac-mastering.fr\/WordPress\/a-savoir\/specifications-acm\/demande-douverture-de-compte-ftp\/","title":{"rendered":"Demande d&rsquo;ouverture de compte FTP"},"content":{"rendered":"<p>Nous vous proposons l&rsquo;ouverture d&rsquo;un compte FTP s\u00e9curis\u00e9 qui sera op\u00e9rationnel dans un d\u00e9lai maximum de 48 heures \u00e0 compter de la r\u00e9ception de votre demande via le formulaire \u00e9lectronique ci-dessous.<\/p>\n<p>D\u00e8s que votre compte sera op\u00e9rationnel, vous en serez inform\u00e9s par e-mail avec dans le corps du message vos donn\u00e9es personnelles : votre identifiant et votre mot de passe.<\/p>\n<hr \/>\n<p><strong>IMPORTANT :<\/strong><\/p>\n<p><strong>Pour garantir la conformit\u00e9 de vos donn\u00e9es, merci de fournir un Cheksum pour chaque fichier transmis.<\/strong><br \/>\nVous trouverez gratuitement sur internet les outils n\u00e9cessaires pour PC &amp; Mac dont voici les liens respectifs :<br \/>\n<a href=\"https:\/\/www.exactfile.com\/\" target=\"_blank\" rel=\"noopener noreferrer\">https:\/\/www.exactfile.com\/<\/a><br \/>\n<a href=\"https:\/\/md5.soft32.fr\/\" target=\"_blank\" rel=\"noopener noreferrer\">https:\/\/md5.soft32.fr\/<\/a><\/p>\n<hr \/>\n<h6 style=\"padding-left: 30px;\"><strong><img loading=\"lazy\" decoding=\"async\" class=\"wp-image-846 size-full alignleft\" src=\"https:\/\/www.ac-mastering.fr\/WordPress\/wp-content\/uploads\/2016\/12\/Panneau-Attention-jaune-e1598369230854.png\" alt=\"\" width=\"50\" height=\"50\" \/><\/strong><\/h6>\n<h6 style=\"padding-left: 120px;\"><strong>Bien respecter la structure des caract\u00e8res majuscules &amp; minuscules de vos donn\u00e9es personnelles<\/strong><br \/>\n<strong> (identifiant &amp; mot de passe).<\/strong><br \/>\n<strong> Sans utilisation de ce compte sur une dur\u00e9e d&rsquo;un mois, pour des raisons de confidentialit\u00e9 et de s\u00e9curit\u00e9, <\/strong><br \/>\n<strong> celui-ci sera ferm\u00e9 automatiquement.<\/strong><\/h6>\n<\/p>\n<h5><strong>\u00a0 FORMULAIRE<br \/>\n<\/strong><\/h5>\n<\/p>\n<p>De mani\u00e8re \u00e0 identifier parfaitement l&rsquo;origine de votre demande et vous ouvrir votre compte FTP dans les meilleurs d\u00e9lais, merci de remplir l&rsquo;int\u00e9gralit\u00e9 des champs ci-dessous (obligatoires) :<\/p>\n\n<div class=\"wpcf7 no-js\" id=\"wpcf7-f4100-o1\" lang=\"fr-FR\" dir=\"ltr\" data-wpcf7-id=\"4100\">\n<div class=\"screen-reader-response\"><p role=\"status\" aria-live=\"polite\" aria-atomic=\"true\"><\/p> <ul><\/ul><\/div>\n<form action=\"\/WordPress\/wp-json\/wp\/v2\/pages\/836#wpcf7-f4100-o1\" method=\"post\" class=\"wpcf7-form init\" aria-label=\"Formulaire de contact\" novalidate=\"novalidate\" data-status=\"init\">\n<fieldset class=\"hidden-fields-container\"><input type=\"hidden\" name=\"_wpcf7\" value=\"4100\" \/><input type=\"hidden\" name=\"_wpcf7_version\" value=\"6.1.5\" \/><input type=\"hidden\" name=\"_wpcf7_locale\" value=\"fr_FR\" \/><input type=\"hidden\" name=\"_wpcf7_unit_tag\" value=\"wpcf7-f4100-o1\" \/><input type=\"hidden\" name=\"_wpcf7_container_post\" value=\"0\" \/><input type=\"hidden\" name=\"_wpcf7_posted_data_hash\" value=\"\" \/><input type=\"hidden\" name=\"_wpcf7_recaptcha_response\" value=\"\" \/>\n<\/fieldset>\n<p><label> Nom client<br \/>\n<span class=\"wpcf7-form-control-wrap\" data-name=\"nom_client\"><input size=\"40\" maxlength=\"400\" class=\"wpcf7-form-control wpcf7-text wpcf7-validates-as-required\" aria-required=\"true\" aria-invalid=\"false\" value=\"\" type=\"text\" name=\"nom_client\" \/><\/span> <\/label><br \/>\n<label> Votre code client ACM (code \u00e0 5 digits pr\u00e9sent sur nos devis\/factures)<br \/>\n<span class=\"wpcf7-form-control-wrap\" data-name=\"code_client\"><input class=\"wpcf7-form-control wpcf7-number wpcf7-validates-as-required wpcf7-validates-as-number\" min=\"1\" max=\"99999\" aria-required=\"true\" aria-invalid=\"false\" value=\"\" type=\"number\" name=\"code_client\" \/><\/span> <\/label><br \/>\n<label><br \/>\n<\/label><label> Volume\/espace serveur demand\u00e9 en Go (mini 1, maximum 50)<br \/>\n<span class=\"wpcf7-form-control-wrap\" data-name=\"volume_ftp\"><input class=\"wpcf7-form-control wpcf7-number wpcf7-validates-as-required wpcf7-validates-as-number\" min=\"1\" max=\"50\" aria-required=\"true\" aria-invalid=\"false\" value=\"\" type=\"number\" name=\"volume_ftp\" \/><\/span> <\/label><br \/>\n<label><br \/>\n<\/label><label> Pr\u00e9nom & nom de la personne en charge du compte FTP<br \/>\n<span class=\"wpcf7-form-control-wrap\" data-name=\"nom_contact\"><input size=\"40\" maxlength=\"400\" class=\"wpcf7-form-control wpcf7-text wpcf7-validates-as-required\" aria-required=\"true\" aria-invalid=\"false\" value=\"\" type=\"text\" name=\"nom_contact\" \/><\/span> <\/label><br \/>\n<label> e-mail<br \/>\n<span class=\"wpcf7-form-control-wrap\" data-name=\"email_client\"><input size=\"40\" maxlength=\"400\" class=\"wpcf7-form-control wpcf7-email wpcf7-validates-as-required wpcf7-text wpcf7-validates-as-email\" aria-required=\"true\" aria-invalid=\"false\" value=\"\" type=\"email\" name=\"email_client\" \/><\/span> <\/label><br \/>\n<label> T\u00e9l\u00e9phone<br \/>\n<span class=\"wpcf7-form-control-wrap\" data-name=\"tel_01\"><input size=\"40\" maxlength=\"400\" class=\"wpcf7-form-control wpcf7-tel wpcf7-validates-as-required wpcf7-text wpcf7-validates-as-tel\" aria-required=\"true\" aria-invalid=\"false\" value=\"\" type=\"tel\" name=\"tel_01\" \/><\/span> <\/label><br \/>\n<label><br \/>\n<\/label><label> Votre message :<br \/>\n<span class=\"wpcf7-form-control-wrap\" data-name=\"your-message\"><textarea cols=\"40\" rows=\"10\" maxlength=\"2000\" class=\"wpcf7-form-control wpcf7-textarea wpcf7-validates-as-required\" aria-required=\"true\" aria-invalid=\"false\" name=\"your-message\"><\/textarea><\/span> <\/label><br \/>\n<label><br \/>\n<input class=\"wpcf7-form-control wpcf7-submit has-spinner\" type=\"submit\" value=\"Envoyer\" \/><\/label>\n<\/p><div class=\"wpcf7-response-output\" aria-hidden=\"true\"><\/div>\n<\/form>\n<\/div>\n\n","protected":false},"excerpt":{"rendered":"<p>Nous vous proposons l&rsquo;ouverture d&rsquo;un compte FTP s\u00e9curis\u00e9 qui sera op\u00e9rationnel dans un d\u00e9lai maximum de 48 heures \u00e0 compter de la r\u00e9ception de votre demande via le formulaire \u00e9lectronique ci-dessous. D\u00e8s que votre compte sera op\u00e9rationnel, vous en serez&hellip; <\/p>\n","protected":false},"author":1,"featured_media":0,"parent":755,"menu_order":1,"comment_status":"closed","ping_status":"closed","template":"","meta":{"footnotes":""},"class_list":["post-836","page","type-page","status-publish","hentry"],"_links":{"self":[{"href":"https:\/\/www.ac-mastering.fr\/WordPress\/wp-json\/wp\/v2\/pages\/836","targetHints":{"allow":["GET"]}}],"collection":[{"href":"https:\/\/www.ac-mastering.fr\/WordPress\/wp-json\/wp\/v2\/pages"}],"about":[{"href":"https:\/\/www.ac-mastering.fr\/WordPress\/wp-json\/wp\/v2\/types\/page"}],"author":[{"embeddable":true,"href":"https:\/\/www.ac-mastering.fr\/WordPress\/wp-json\/wp\/v2\/users\/1"}],"replies":[{"embeddable":true,"href":"https:\/\/www.ac-mastering.fr\/WordPress\/wp-json\/wp\/v2\/comments?post=836"}],"version-history":[{"count":67,"href":"https:\/\/www.ac-mastering.fr\/WordPress\/wp-json\/wp\/v2\/pages\/836\/revisions"}],"predecessor-version":[{"id":4593,"href":"https:\/\/www.ac-mastering.fr\/WordPress\/wp-json\/wp\/v2\/pages\/836\/revisions\/4593"}],"up":[{"embeddable":true,"href":"https:\/\/www.ac-mastering.fr\/WordPress\/wp-json\/wp\/v2\/pages\/755"}],"wp:attachment":[{"href":"https:\/\/www.ac-mastering.fr\/WordPress\/wp-json\/wp\/v2\/media?parent=836"}],"curies":[{"name":"wp","href":"https:\/\/api.w.org\/{rel}","templated":true}]}}