{"id":964,"date":"2016-12-24T11:38:45","date_gmt":"2016-12-24T11:38:45","guid":{"rendered":"http:\/\/ac-mastering.fr\/WordPress\/?page_id=964"},"modified":"2018-10-04T15:04:13","modified_gmt":"2018-10-04T15:04:13","slug":"projet-sur-votre-site","status":"publish","type":"page","link":"https:\/\/www.ac-mastering.fr\/WordPress\/services-et-gestion-de-projets\/projet-sur-votre-site\/","title":{"rendered":"Projet sur votre site"},"content":{"rendered":"<p style=\"text-align: justify;\">Quelque soit la configuration de votre projet, le studio ACM peut intervenir sur tout type de structure :\u00a0 concert, spectacle, chorale, \u00e9cole de musique\/danse, conservatoire, \u00e9tablissement scolaire, conf\u00e9rence, exposition, concours, th\u00e9\u00e2tre, ou tout autre forme de repr\u00e9sentation.<br \/>\nIl est bien entendu indispensable de nous communiquer les coordonn\u00e9es du site pour que nous puissions conna\u00eetre l&rsquo;environnement et les \u00e9quipements disponibles sur site (fiches techniques, plans de feu, etc.).<\/p>\n<p style=\"text-align: justify;\">Nous pouvons m\u00eame intervenir chez vous, dans une salle de r\u00e9p\u00e9tition ou tout autre lieu de votre choix. Le studio ACM dispose d&rsquo;une station mobile parfaitement adapt\u00e9e \u00e0 ce type de situation avec une simplicit\u00e9 et rapidit\u00e9 d&rsquo;installation mais surtout une efficacit\u00e9 redoutable et une qualit\u00e9 Hi-Res.<\/p>\n<p style=\"text-align: justify;\">Nous devrons \u00e9galement conna\u00eetre le nombre d&rsquo;intervenants (interpr\u00e8tes, musiciens, techniciens) avec le plus de d\u00e9tails possible comme le(s) micro(s), instrument(s), ampli(s) utilis\u00e9s et\/ou choisis par chacun. En fonction de toutes ces informations, une configuration sera propos\u00e9e.<\/p>\n<p style=\"text-align: justify;\">Un temps d&rsquo;installation est bien entendu n\u00e9cessaire avec une espace tr\u00e8s r\u00e9duit selon la configuration choisie (minimum 3 m<sup>2<\/sup>). Ensuite la balance et une proposition de retour\/casque sp\u00e9cifique pour chaque participant sera r\u00e9alis\u00e9e.<\/p>\n<p style=\"text-align: justify;\">La sonorisation du site peut \u00e9galement \u00eatre prise en charge avec si n\u00e9cessaire la participations de partenaires professionnels.<\/p>\n<p style=\"text-align: justify;\">Le studio ACM peut aussi dupliquer sur site, en fin de repr\u00e9sentation, un CD ou DVD pour le public ou les participants. Cette prestation est tr\u00e8s appr\u00e9ci\u00e9e dans les concours, les salles de r\u00e9p\u00e9titions et dans les Ets scolaires o\u00f9 les participants repartent avec l&rsquo;enregistrement de la repr\u00e9sentation.<\/p>\n","protected":false},"excerpt":{"rendered":"<p>Quelque soit la configuration de votre projet, le studio ACM peut intervenir sur tout type de structure :\u00a0 concert, spectacle, chorale, \u00e9cole de musique\/danse, conservatoire, \u00e9tablissement scolaire, conf\u00e9rence, exposition, concours, th\u00e9\u00e2tre, ou tout autre forme de repr\u00e9sentation. Il est bien&hellip; <\/p>\n","protected":false},"author":1,"featured_media":0,"parent":87,"menu_order":3,"comment_status":"closed","ping_status":"closed","template":"","meta":{"footnotes":""},"class_list":["post-964","page","type-page","status-publish","hentry"],"_links":{"self":[{"href":"https:\/\/www.ac-mastering.fr\/WordPress\/wp-json\/wp\/v2\/pages\/964","targetHints":{"allow":["GET"]}}],"collection":[{"href":"https:\/\/www.ac-mastering.fr\/WordPress\/wp-json\/wp\/v2\/pages"}],"about":[{"href":"https:\/\/www.ac-mastering.fr\/WordPress\/wp-json\/wp\/v2\/types\/page"}],"author":[{"embeddable":true,"href":"https:\/\/www.ac-mastering.fr\/WordPress\/wp-json\/wp\/v2\/users\/1"}],"replies":[{"embeddable":true,"href":"https:\/\/www.ac-mastering.fr\/WordPress\/wp-json\/wp\/v2\/comments?post=964"}],"version-history":[{"count":45,"href":"https:\/\/www.ac-mastering.fr\/WordPress\/wp-json\/wp\/v2\/pages\/964\/revisions"}],"predecessor-version":[{"id":3870,"href":"https:\/\/www.ac-mastering.fr\/WordPress\/wp-json\/wp\/v2\/pages\/964\/revisions\/3870"}],"up":[{"embeddable":true,"href":"https:\/\/www.ac-mastering.fr\/WordPress\/wp-json\/wp\/v2\/pages\/87"}],"wp:attachment":[{"href":"https:\/\/www.ac-mastering.fr\/WordPress\/wp-json\/wp\/v2\/media?parent=964"}],"curies":[{"name":"wp","href":"https:\/\/api.w.org\/{rel}","templated":true}]}}