{"id":966,"date":"2016-12-24T11:39:24","date_gmt":"2016-12-24T11:39:24","guid":{"rendered":"http:\/\/ac-mastering.fr\/WordPress\/?page_id=966"},"modified":"2020-09-12T09:28:53","modified_gmt":"2020-09-12T09:28:53","slug":"projet-en-studio","status":"publish","type":"page","link":"https:\/\/www.ac-mastering.fr\/WordPress\/services-et-gestion-de-projets\/projet-en-studio\/","title":{"rendered":"Projet en studio"},"content":{"rendered":"<p style=\"text-align: justify;\"><strong>Enregistrement :<\/strong><br \/>\nLe studio ACM dispose d&rsquo;une structure originale compos\u00e9e de deux espaces \u00e9quip\u00e9s de deux r\u00e9gies reli\u00e9es par fibre optique. Cela permet de s\u2019adapter \u00e0 tous types de configurations sans modification et c\u00e2blage interminable.<br \/>\nCette configuration permet d&rsquo;enregistrer :<br \/>\n&#8211; en cabine acoustique de 6 m2 : un soliste (voix et\/ou instrument),<br \/>\n&#8211; dans le studio de 32 m2 :un groupe de 4 \u00e0 5 musiciens, ou une chorale de 10 \u00e0 12 personnes.<\/p>\n<p style=\"text-align: justify;\">Nous pouvons aussi r\u00e9aliser le montage, le mixage, le mastering et l&rsquo;authoring \u00e0 partir d&rsquo;enregistrements r\u00e9alis\u00e9s par votre studio ou prestataire habituel. La majorit\u00e9 des prestations sont r\u00e9alis\u00e9es \u00e0 partir de sources ext\u00e9rieures. Pour garantir la prise en charge de vos fichiers\/supports, n&rsquo;h\u00e9sitez pas \u00e0 consulter <a href=\"https:\/\/ac-mastering.fr\/WordPress\/a-savoir\/specifications-acm\/\" target=\"_blank\" rel=\"noopener noreferrer\">nos sp\u00e9cifications<\/a>.<\/p>\n<p style=\"text-align: justify;\"><strong>Exemples de prestations en studio :<\/strong><br \/>\n\u2013 montage, mixage, transfert, restauration (nombreux formats accept\u00e9s),<br \/>\n\u2013 bande son pour spectacles (cin\u00e9sc\u00e9nie \/ son et lumi\u00e8re, danse, cirque, \u00e9questre, one man show, \u2026),<br \/>\n\u2013 livre audio, doublage, voix off,<br \/>\n\u2013 fond sonore (cin\u00e9ma, film\/vid\u00e9o, jeux vid\u00e9o, exposition, d\u00e9fil\u00e9, site web),<br \/>\n\u2013 CV multim\u00e9dia,<br \/>\n\u2013 annonce\/message publicitaires,<br \/>\n\u2013 enregistrement, montage et pr\u00e9paration d\u2019enregistrements pour guides audio (visites guid\u00e9es, sites touristiques)<br \/>\n\u2013 post-Production &amp; Authoring vid\u00e9o,<\/p>\n<p style=\"text-align: justify;\">Le studio ACM propose de nombreuses prestations artistiques et techniques, n&rsquo;h\u00e9sitez pas \u00e0 consulter les chapitres suivants.<\/p>\n","protected":false},"excerpt":{"rendered":"<p>Enregistrement : Le studio ACM dispose d&rsquo;une structure originale compos\u00e9e de deux espaces \u00e9quip\u00e9s de deux r\u00e9gies reli\u00e9es par fibre optique. Cela permet de s\u2019adapter \u00e0 tous types de configurations sans modification et c\u00e2blage interminable. Cette configuration permet d&rsquo;enregistrer :&hellip; <\/p>\n","protected":false},"author":1,"featured_media":0,"parent":87,"menu_order":4,"comment_status":"closed","ping_status":"closed","template":"","meta":{"footnotes":""},"class_list":["post-966","page","type-page","status-publish","hentry"],"_links":{"self":[{"href":"https:\/\/www.ac-mastering.fr\/WordPress\/wp-json\/wp\/v2\/pages\/966","targetHints":{"allow":["GET"]}}],"collection":[{"href":"https:\/\/www.ac-mastering.fr\/WordPress\/wp-json\/wp\/v2\/pages"}],"about":[{"href":"https:\/\/www.ac-mastering.fr\/WordPress\/wp-json\/wp\/v2\/types\/page"}],"author":[{"embeddable":true,"href":"https:\/\/www.ac-mastering.fr\/WordPress\/wp-json\/wp\/v2\/users\/1"}],"replies":[{"embeddable":true,"href":"https:\/\/www.ac-mastering.fr\/WordPress\/wp-json\/wp\/v2\/comments?post=966"}],"version-history":[{"count":4,"href":"https:\/\/www.ac-mastering.fr\/WordPress\/wp-json\/wp\/v2\/pages\/966\/revisions"}],"predecessor-version":[{"id":4630,"href":"https:\/\/www.ac-mastering.fr\/WordPress\/wp-json\/wp\/v2\/pages\/966\/revisions\/4630"}],"up":[{"embeddable":true,"href":"https:\/\/www.ac-mastering.fr\/WordPress\/wp-json\/wp\/v2\/pages\/87"}],"wp:attachment":[{"href":"https:\/\/www.ac-mastering.fr\/WordPress\/wp-json\/wp\/v2\/media?parent=966"}],"curies":[{"name":"wp","href":"https:\/\/api.w.org\/{rel}","templated":true}]}}