{"id":968,"date":"2016-12-24T11:39:44","date_gmt":"2016-12-24T11:39:44","guid":{"rendered":"http:\/\/ac-mastering.fr\/WordPress\/?page_id=968"},"modified":"2020-09-13T13:20:20","modified_gmt":"2020-09-13T13:20:20","slug":"graphisme-pao","status":"publish","type":"page","link":"https:\/\/www.ac-mastering.fr\/WordPress\/services-et-gestion-de-projets\/graphisme-pao\/","title":{"rendered":"Graphisme &#038; PAO"},"content":{"rendered":"<p style=\"text-align: justify;\">Pour tout type de support imprim\u00e9 (disque, livret, jaquette, fourreau, encart, etc.), le studio ACM peut r\u00e9aliser la cr\u00e9ation graphique et la mise en conformit\u00e9 des fichiers selon les sp\u00e9cifications produits\/imprimeurs.<br \/>\nPour les s\u00e9ries inf\u00e9rieures \u00e0 300 exemplaires, l&rsquo;impression est r\u00e9alis\u00e9e au studio ACM sur un \u00e9quipement professionnel calibr\u00e9.<\/p>\n<p style=\"text-align: justify; padding-left: 30px;\"><img loading=\"lazy\" decoding=\"async\" class=\"alignleft wp-image-846 size-full\" src=\"https:\/\/www.ac-mastering.fr\/WordPress\/wp-content\/uploads\/2016\/12\/Panneau-Attention-jaune-e1484065761586.png\" alt=\"\" width=\"50\" height=\"50\" \/><\/p>\n<h6><strong>Vous trouverez les gabarits &amp; sp\u00e9cifications sur la page suivante :<br \/>\nA savoir &gt; sp\u00e9cifications &gt; <a href=\"https:\/\/ac-mastering.fr\/WordPress\/a-savoir\/specifications-acm\/gabarits-specifications-pao\/\" target=\"_blank\" rel=\"noopener noreferrer\">GABARITS &amp; SPECIFICATIONS<\/a><\/strong><\/h6>\n<\/p>\n<p style=\"text-align: justify;\">Pour les quantit\u00e9s sup\u00e9rieures \u00e0 200 exemplaires, l&rsquo;impression sera r\u00e9alis\u00e9e par un partenaire ou tout autre imprimeur de votre choix selon les sp\u00e9cifications applicables.<\/p>\n<p style=\"text-align: justify;\">Nous pouvons \u00e9galement r\u00e9aliser les fichiers graphiques pour vos supports de communication (logo, carte de visite, flyer, affiche, etc.) et vous accompagner dans vos solutions de communication &amp; marketing.<\/p>\n","protected":false},"excerpt":{"rendered":"<p>Pour tout type de support imprim\u00e9 (disque, livret, jaquette, fourreau, encart, etc.), le studio ACM peut r\u00e9aliser la cr\u00e9ation graphique et la mise en conformit\u00e9 des fichiers selon les sp\u00e9cifications produits\/imprimeurs. Pour les s\u00e9ries inf\u00e9rieures \u00e0 300 exemplaires, l&rsquo;impression est&hellip; <\/p>\n","protected":false},"author":1,"featured_media":0,"parent":87,"menu_order":5,"comment_status":"closed","ping_status":"closed","template":"","meta":{"footnotes":""},"class_list":["post-968","page","type-page","status-publish","hentry"],"_links":{"self":[{"href":"https:\/\/www.ac-mastering.fr\/WordPress\/wp-json\/wp\/v2\/pages\/968","targetHints":{"allow":["GET"]}}],"collection":[{"href":"https:\/\/www.ac-mastering.fr\/WordPress\/wp-json\/wp\/v2\/pages"}],"about":[{"href":"https:\/\/www.ac-mastering.fr\/WordPress\/wp-json\/wp\/v2\/types\/page"}],"author":[{"embeddable":true,"href":"https:\/\/www.ac-mastering.fr\/WordPress\/wp-json\/wp\/v2\/users\/1"}],"replies":[{"embeddable":true,"href":"https:\/\/www.ac-mastering.fr\/WordPress\/wp-json\/wp\/v2\/comments?post=968"}],"version-history":[{"count":18,"href":"https:\/\/www.ac-mastering.fr\/WordPress\/wp-json\/wp\/v2\/pages\/968\/revisions"}],"predecessor-version":[{"id":4634,"href":"https:\/\/www.ac-mastering.fr\/WordPress\/wp-json\/wp\/v2\/pages\/968\/revisions\/4634"}],"up":[{"embeddable":true,"href":"https:\/\/www.ac-mastering.fr\/WordPress\/wp-json\/wp\/v2\/pages\/87"}],"wp:attachment":[{"href":"https:\/\/www.ac-mastering.fr\/WordPress\/wp-json\/wp\/v2\/media?parent=968"}],"curies":[{"name":"wp","href":"https:\/\/api.w.org\/{rel}","templated":true}]}}