{"id":970,"date":"2016-12-24T11:40:27","date_gmt":"2016-12-24T11:40:27","guid":{"rendered":"http:\/\/ac-mastering.fr\/WordPress\/?page_id=970"},"modified":"2020-09-13T13:32:44","modified_gmt":"2020-09-13T13:32:44","slug":"production-distribution","status":"publish","type":"page","link":"https:\/\/www.ac-mastering.fr\/WordPress\/production-distribution\/","title":{"rendered":"PRODUCTION &#038; DISTRIBUTION"},"content":{"rendered":"<h5><strong>\u00a0Production<br \/>\n<\/strong><\/h5>\n<h4><strong>\u00a0<a href=\"https:\/\/ac-mastering.fr\/WordPress\/production-distribution\/disques-optiques-et-vinyles\/\" target=\"_blank\" rel=\"noopener noreferrer\">Disque optique (CD, DVD &amp; Blu-ray) et vinyle (17 &amp; 30 cm)<\/a><\/strong><\/h4>\n<p style=\"text-align: justify;\"><strong>Disque optique :<\/strong> Duplication ou pressage, impression &amp; conditionnement<br \/>\n<strong>Disque vinyle :<\/strong> Nombreuses options : grammage, couleur(s), \u00e9clats, images, formes, etc.<\/p>\n<h4><strong>\u00a0<a href=\"https:\/\/ac-mastering.fr\/WordPress\/production-distribution\/autres-supports\/\" target=\"_blank\" rel=\"noopener noreferrer\">Autres supports<\/a><br \/>\n<\/strong><\/h4>\n<p>Cl\u00e9s USB, disques durs, cartes m\u00e9moires (tous formats)<br \/>\nPossibilit\u00e9 d&rsquo;int\u00e9grer dans votre projet la r\u00e9alisation de goodies (T-shirts, casquettes, affiches, flyers, mugs, etc.).<\/p>\n<h4><strong>\u00a0<a href=\"https:\/\/ac-mastering.fr\/WordPress\/production-distribution\/imprimes-et-packaging\/\" target=\"_blank\" rel=\"noopener noreferrer\">Imprim\u00e9s &amp; packaging<\/a><br \/>\n<\/strong><\/h4>\n<p style=\"text-align: justify;\">Livret, jaquette, encart, pochette, digipack, digifile, etc.<\/p>\n<h5><strong>\u00a0Distribution Digitale<br \/>\n<\/strong><\/h5>\n<p style=\"text-align: justify;\">Pr\u00e9paration des vos enregistrements (fichiers ou autres supports) aux formats\u00a0(FLAC, MP3, OGG, etc.) correspondants aux diff\u00e9rentes plateformes de t\u00e9l\u00e9chargement et streaming (iTunes, Qobuz, Spotify, Soundcloud, Youtube, etc.).<\/p>\n<p>Pour d\u00e9couvrir le service et nos offres, <a href=\"https:\/\/ac-mastering.fr\/WordPress\/production-medias\/distribution-digitale\/\" target=\"_blank\" rel=\"noopener noreferrer\">cliquez ici<\/a><\/p>\n","protected":false},"excerpt":{"rendered":"<p>\u00a0Production \u00a0Disque optique (CD, DVD &amp; Blu-ray) et vinyle (17 &amp; 30 cm) Disque optique : Duplication ou pressage, impression &amp; conditionnement Disque vinyle : Nombreuses options : grammage, couleur(s), \u00e9clats, images, formes, etc. \u00a0Autres supports Cl\u00e9s USB, disques durs,&hellip; <\/p>\n","protected":false},"author":1,"featured_media":0,"parent":0,"menu_order":4,"comment_status":"closed","ping_status":"closed","template":"","meta":{"footnotes":""},"class_list":["post-970","page","type-page","status-publish","hentry"],"_links":{"self":[{"href":"https:\/\/www.ac-mastering.fr\/WordPress\/wp-json\/wp\/v2\/pages\/970","targetHints":{"allow":["GET"]}}],"collection":[{"href":"https:\/\/www.ac-mastering.fr\/WordPress\/wp-json\/wp\/v2\/pages"}],"about":[{"href":"https:\/\/www.ac-mastering.fr\/WordPress\/wp-json\/wp\/v2\/types\/page"}],"author":[{"embeddable":true,"href":"https:\/\/www.ac-mastering.fr\/WordPress\/wp-json\/wp\/v2\/users\/1"}],"replies":[{"embeddable":true,"href":"https:\/\/www.ac-mastering.fr\/WordPress\/wp-json\/wp\/v2\/comments?post=970"}],"version-history":[{"count":35,"href":"https:\/\/www.ac-mastering.fr\/WordPress\/wp-json\/wp\/v2\/pages\/970\/revisions"}],"predecessor-version":[{"id":4641,"href":"https:\/\/www.ac-mastering.fr\/WordPress\/wp-json\/wp\/v2\/pages\/970\/revisions\/4641"}],"wp:attachment":[{"href":"https:\/\/www.ac-mastering.fr\/WordPress\/wp-json\/wp\/v2\/media?parent=970"}],"curies":[{"name":"wp","href":"https:\/\/api.w.org\/{rel}","templated":true}]}}