{"id":972,"date":"2016-12-24T11:42:56","date_gmt":"2016-12-24T11:42:56","guid":{"rendered":"http:\/\/ac-mastering.fr\/WordPress\/?page_id=972"},"modified":"2020-08-25T15:25:40","modified_gmt":"2020-08-25T15:25:40","slug":"gestion-de-commande","status":"publish","type":"page","link":"https:\/\/www.ac-mastering.fr\/WordPress\/a-savoir\/gestion-de-commande\/","title":{"rendered":"Gestion de commande"},"content":{"rendered":"<p>Avant d&rsquo;entrer dans le processus de gestion de votre commande, vous pouvez \u00e0 tout moment consulter nos <a href=\"https:\/\/ac-mastering.fr\/WordPress\/a-savoir\/cgv\/\" target=\"_blank\" rel=\"noopener noreferrer\">CGV<\/a>.<\/p>\n<p style=\"text-align: justify; padding-left: 30px;\"><img loading=\"lazy\" decoding=\"async\" class=\"alignleft wp-image-846 size-full\" src=\"https:\/\/www.ac-mastering.fr\/WordPress\/wp-content\/uploads\/2016\/12\/Panneau-Attention-jaune-e1484065761586.png\" alt=\"\" width=\"50\" height=\"50\" \/><\/p>\n<h6><span style=\"font-size: 10pt;\"><strong>Nous vous rappelons que conform\u00e9ment \u00e0 la loi \u00ab\u00a0informatique et libert\u00e9s\u00a0\u00bb, vous b\u00e9n\u00e9ficiez d\u2019un droit d\u2019acc\u00e8s et de rectification aux informations qui vous concernent. Vous pouvez ainsi \u00e0 tout moment vous opposer au traitement de vos donn\u00e9es informatiques et nous demander le retrait int\u00e9gral de celles-ci en nous adressant un e-mail via le lien suivant :<\/strong>\u00a0 <a href=\"mailto:contact@ac-mastering.fr?subject=Demande de retrait de nos donn\u00e9es informatiques\"><img loading=\"lazy\" decoding=\"async\" class=\"alignnone wp-image-1119\" src=\"https:\/\/www.ac-mastering.fr\/WordPress\/wp-content\/uploads\/2016\/12\/email-e1483513061915.png\" alt=\"\" width=\"30\" height=\"30\" \/><\/a><\/span><\/h6>\n<p>\u00a0<\/p>\n<h5>\u00a0TRAITEMENT DE COMMANDE<\/h5>\n<p style=\"text-align: justify;\">Nous vous pr\u00e9sentons ci-dessous le flux et les conditions de traitement de votre commande pour laquelle, \u00e0 chaque \u00e9tape, le studio ACM vous communiquera les documents suivants :<\/p>\n<h4 style=\"text-align: left;\"><strong>\u00a01. DEVIS<\/strong><\/h4>\n<p style=\"padding-left: 30px; text-align: justify;\">\u00a0A r\u00e9ception d&rsquo;une demande client :<br \/>\u00a0 &#8211; suite \u00e0 un premier contact t\u00e9l\u00e9phonique,<br \/>\u00a0 &#8211; lors d&rsquo;une rencontre au studio (uniquement sur rendez-vous),<br \/>\u00a0 &#8211; via la page \u00ab\u00a0r\u00e9alisez votre demande\u00a0\u00bb\u00a0 lien suivant ou lors d&rsquo;une prise de contact t\u00e9l\u00e9phonique,<br \/>celui-ci recevra syst\u00e9matiquement par e-mail un devis int\u00e9grant toutes les \u00e9tapes et donn\u00e9es techniques n\u00e9cessaires \u00e0 la r\u00e9alisation de son projet.<\/p>\n<p style=\"padding-left: 30px; text-align: justify;\">Selon la distance et la dur\u00e9e de projet r\u00e9alis\u00e9s en dehors du studio, des frais de d\u00e9placement, d&rsquo;h\u00e9bergement et de restauration pourront \u00eatre int\u00e9gr\u00e9s au devis.<\/p>\n<p style=\"padding-left: 30px;\"><strong>Dur\u00e9e de validit\u00e9 du devis :<\/strong> 2 mois.<\/p>\n<p style=\"padding-left: 30px; text-align: justify;\"><strong>IMPORTANT :<\/strong> les d\u00e9lais engag\u00e9s et valid\u00e9s par le client sont sous r\u00e9serve de recevoir l&rsquo;int\u00e9gralit\u00e9 des \u00e9l\u00e9ments \u00e0 la date engag\u00e9e dans le devis ou dans la correspondante formalis\u00e9e par le studio ACM. Tout retard de r\u00e9ception d&rsquo;\u00e9l\u00e9ment retardera le d\u00e9marrage des travaux au minimum d&rsquo;une p\u00e9riode \u00e9quivalente \u00e0 celui-ci.<\/p>\n<p style=\"padding-left: 30px; text-align: justify;\">Le devis contient un num\u00e9ro unique accompagn\u00e9 d&rsquo;un indice qui permettra dans des cas de propositions multiples et\/ou \u00e9volutives, de garantir la confirmation de commande sur la version du devis choisie. <br \/>Ces r\u00e9f\u00e9rences seront syst\u00e9matiquement int\u00e9gr\u00e9es dans l&rsquo;objet du message transmis au client et devront imp\u00e9rativement appara\u00eetre dans la validation de commande avec les pi\u00e8ces &amp; informations suivantes :<br \/>\u00a0 &#8211; devis valid\u00e9 avec la mention \u00ab\u00a0Bon pour accord\u00a0\u00bb,<br \/>\u00a0\u00a0\u00a0\u00a0 ou bon de commande interne au client rappelant imp\u00e9rativement les r\u00e9f\u00e9rences du devis,<br \/>\u00a0 &#8211; date &amp; signature,<br \/>\u00a0 &#8211; r\u00e8glement d&rsquo;un acompte de minimum 50% du montant total devis\u00e9.<\/p>\n<p style=\"text-align: justify; padding-left: 30px;\"><img loading=\"lazy\" decoding=\"async\" class=\"alignleft wp-image-846 size-full\" src=\"https:\/\/www.ac-mastering.fr\/WordPress\/wp-content\/uploads\/2016\/12\/Panneau-Attention-jaune-e1484065761586.png\" alt=\"\" width=\"50\" height=\"50\" \/><\/p>\n<h6 style=\"text-align: left;\"><strong>Tout traitement suppl\u00e9mentaire sera factur\u00e9 selon le taux horaire en vigueur et uniquement apr\u00e8s pr\u00e9sentation d&rsquo;un nouveau devis du studio ACM (avec un indice sup\u00e9rieur) valid\u00e9 par \u00e9crit par le client.<\/strong><\/h6>\n<h4>\u00a0<strong>2. FACTURATION<\/strong><\/h4>\n<p style=\"padding-left: 30px; text-align: justify;\">D\u00e8s la fin de r\u00e9alisation du projet, une facture \u00e9lectronique (format PDF) est envoy\u00e9e au client.<br \/>Pour les projets plus cons\u00e9quents qui se d\u00e9roulent sur une dur\u00e9e sup\u00e9rieure \u00e0 un mois, une facturation interm\u00e9diaire sera mise en place.<\/p>\n<p style=\"text-align: justify; padding-left: 30px;\"><img loading=\"lazy\" decoding=\"async\" class=\"alignleft wp-image-846 size-full\" src=\"https:\/\/www.ac-mastering.fr\/WordPress\/wp-content\/uploads\/2016\/12\/Panneau-Attention-jaune-e1484065761586.png\" alt=\"\" width=\"50\" height=\"50\" \/><\/p>\n<h6 style=\"padding-left: 30px;\"><strong>Selon l&rsquo;article 293B du CGI, le statut \u00ab\u00a0micro entreprise\u00a0\u00bb n&rsquo;applique aucune taxe. Les montants affich\u00e9s sur tous nos documents commerciaux (devis, factures, publicit\u00e9s, etc.) sont HT et correspondent bien au net \u00e0 payer.<\/strong><\/h6>\n<h4><strong>\u00a03. BON DE LIVRAISON<\/strong><\/h4>\n<p style=\"padding-left: 30px; text-align: justify;\">Pour toute livraison d&rsquo;\u00e9l\u00e9ment(s) ou de marchandise(s) :<br \/>\u00a0 &#8211; m\u00e9dias (CD, DVD, BD, &#8230;),<br \/>\u00a0 &#8211; habillages, packagings,<br \/>\u00a0 &#8211; retour \u00e9l\u00e9ments au client (HD, CD, DVD, cl\u00e9 USB, carte m\u00e9moire, &#8230;) contenant la copie des originaux conserv\u00e9s par le client.<br \/><strong>Seules exceptions :<\/strong> les BAT sur support(s) physique(s) ou fichiers transmis via un r\u00e9seau informatique ne sont pas accompagn\u00e9s d&rsquo;un bon de livraison mais uniquement d&rsquo;un e-mail d&rsquo;information.<\/p>\n<p style=\"padding-left: 30px; text-align: justify;\"><strong>RAPPELS :<\/strong> <br \/>&#8211; le studio ACM accepte les originaux <strong>uniquement pour les travaux de restauration<\/strong>.<br \/>&#8211; Les \u00e9l\u00e9ments relatifs \u00e0 une prestation pour laquelle aucune commande n\u2019a \u00e9t\u00e9 pass\u00e9e pendant trois mois seront d\u00e9truits sauf demande \u00e9crite du client. Si le client le souhaite, la conservation des \u00e9l\u00e9ments pourra \u00eatre prolong\u00e9e au-del\u00e0 de ce d\u00e9lai et le co\u00fbt de conservation correspondant sera factur\u00e9 selon le tarif en vigueur.<\/p>\n\n","protected":false},"excerpt":{"rendered":"<p>Avant d&rsquo;entrer dans le processus de gestion de votre commande, vous pouvez \u00e0 tout moment consulter nos CGV. Nous vous rappelons que conform\u00e9ment \u00e0 la loi \u00ab\u00a0informatique et libert\u00e9s\u00a0\u00bb, vous b\u00e9n\u00e9ficiez d\u2019un droit d\u2019acc\u00e8s et de rectification aux informations qui&hellip; <\/p>\n","protected":false},"author":1,"featured_media":0,"parent":95,"menu_order":2,"comment_status":"closed","ping_status":"closed","template":"","meta":{"footnotes":""},"class_list":["post-972","page","type-page","status-publish","hentry"],"_links":{"self":[{"href":"https:\/\/www.ac-mastering.fr\/WordPress\/wp-json\/wp\/v2\/pages\/972","targetHints":{"allow":["GET"]}}],"collection":[{"href":"https:\/\/www.ac-mastering.fr\/WordPress\/wp-json\/wp\/v2\/pages"}],"about":[{"href":"https:\/\/www.ac-mastering.fr\/WordPress\/wp-json\/wp\/v2\/types\/page"}],"author":[{"embeddable":true,"href":"https:\/\/www.ac-mastering.fr\/WordPress\/wp-json\/wp\/v2\/users\/1"}],"replies":[{"embeddable":true,"href":"https:\/\/www.ac-mastering.fr\/WordPress\/wp-json\/wp\/v2\/comments?post=972"}],"version-history":[{"count":95,"href":"https:\/\/www.ac-mastering.fr\/WordPress\/wp-json\/wp\/v2\/pages\/972\/revisions"}],"predecessor-version":[{"id":4588,"href":"https:\/\/www.ac-mastering.fr\/WordPress\/wp-json\/wp\/v2\/pages\/972\/revisions\/4588"}],"up":[{"embeddable":true,"href":"https:\/\/www.ac-mastering.fr\/WordPress\/wp-json\/wp\/v2\/pages\/95"}],"wp:attachment":[{"href":"https:\/\/www.ac-mastering.fr\/WordPress\/wp-json\/wp\/v2\/media?parent=972"}],"curies":[{"name":"wp","href":"https:\/\/api.w.org\/{rel}","templated":true}]}}