{"id":974,"date":"2016-12-24T11:44:27","date_gmt":"2016-12-24T11:44:27","guid":{"rendered":"http:\/\/ac-mastering.fr\/WordPress\/?page_id=974"},"modified":"2024-06-06T05:40:45","modified_gmt":"2024-06-06T05:40:45","slug":"autres-prestations","status":"publish","type":"page","link":"https:\/\/www.ac-mastering.fr\/WordPress\/services-et-gestion-de-projets\/autres-prestations\/","title":{"rendered":"Autres prestations"},"content":{"rendered":"<p style=\"text-align: justify;\">Gr\u00e2ce aux \u00e9quipements derni\u00e8re g\u00e9n\u00e9ration, le studio ACM propose les services et prestations suivantes :<\/p>\n<p style=\"text-align: justify; padding-left: 30px;\">&#8211; Support &amp; gestion administrative de votre projet (conseil, recherche, mise en relation, etc.),<\/p>\n<p style=\"padding-left: 30px;\">&#8211; Transfert &amp; num\u00e9risation : nombreux formats\/supports accept\u00e9s (voir <a href=\"https:\/\/ac-mastering.fr\/WordPress\/a-savoir\/specifications-acm\/\" target=\"_blank\" rel=\"noopener noreferrer\">nos sp\u00e9cifications<\/a>) :<br \/>\n&gt; Audio : vinyle, cassette, bande analogique, Exabyte, DAT, Mindi-Disc, CD<br \/>\n&gt; Vid\u00e9o : VHS, VHS-C, S-VHS, 8mm, Hi8, Betacam, DLT, U-matic, MiniDV, VCD, DVD<br \/>\n&gt; Photo : diapositives, n\u00e9gatifs, supports papier (d\u00e9finition jusqu&rsquo;\u00e0 4800 dpi)<\/p>\n<p style=\"padding-left: 30px;\">&#8211; Restauration sonore avec 2 stations de mastering,<\/p>\n<p style=\"padding-left: 30px;\">&#8211; Restauration vid\u00e9o &amp; photo,<\/p>\n<p style=\"padding-left: 30px;\">&#8211; Sonorisation (en parall\u00e8le d&rsquo;une captation) avec plusieurs configurations selon le site et la dimension du projet.<\/p>\n<p style=\"text-align: justify;\">Nous vous proposons \u00e9galement la fabrication de supports (disques, imprim\u00e9s, goodies, etc.) la normalisation &amp; la distribution de vos fichiers vers les plateformes de t\u00e9l\u00e9chargement &amp; streaming.<br \/>\nN&rsquo;h\u00e9sitez pas \u00e0 consulter notre page <a href=\"https:\/\/ac-mastering.fr\/WordPress\/production-distribution\/\" target=\"_blank\" rel=\"noopener noreferrer\">Production &amp; distribution<\/a>.<\/p>\n","protected":false},"excerpt":{"rendered":"<p>Gr\u00e2ce aux \u00e9quipements derni\u00e8re g\u00e9n\u00e9ration, le studio ACM propose les services et prestations suivantes : &#8211; Support &amp; gestion administrative de votre projet (conseil, recherche, mise en relation, etc.), &#8211; Transfert &amp; num\u00e9risation : nombreux formats\/supports accept\u00e9s (voir nos sp\u00e9cifications)&hellip; <\/p>\n","protected":false},"author":1,"featured_media":0,"parent":87,"menu_order":6,"comment_status":"closed","ping_status":"closed","template":"","meta":{"footnotes":""},"class_list":["post-974","page","type-page","status-publish","hentry"],"_links":{"self":[{"href":"https:\/\/www.ac-mastering.fr\/WordPress\/wp-json\/wp\/v2\/pages\/974","targetHints":{"allow":["GET"]}}],"collection":[{"href":"https:\/\/www.ac-mastering.fr\/WordPress\/wp-json\/wp\/v2\/pages"}],"about":[{"href":"https:\/\/www.ac-mastering.fr\/WordPress\/wp-json\/wp\/v2\/types\/page"}],"author":[{"embeddable":true,"href":"https:\/\/www.ac-mastering.fr\/WordPress\/wp-json\/wp\/v2\/users\/1"}],"replies":[{"embeddable":true,"href":"https:\/\/www.ac-mastering.fr\/WordPress\/wp-json\/wp\/v2\/comments?post=974"}],"version-history":[{"count":19,"href":"https:\/\/www.ac-mastering.fr\/WordPress\/wp-json\/wp\/v2\/pages\/974\/revisions"}],"predecessor-version":[{"id":4916,"href":"https:\/\/www.ac-mastering.fr\/WordPress\/wp-json\/wp\/v2\/pages\/974\/revisions\/4916"}],"up":[{"embeddable":true,"href":"https:\/\/www.ac-mastering.fr\/WordPress\/wp-json\/wp\/v2\/pages\/87"}],"wp:attachment":[{"href":"https:\/\/www.ac-mastering.fr\/WordPress\/wp-json\/wp\/v2\/media?parent=974"}],"curies":[{"name":"wp","href":"https:\/\/api.w.org\/{rel}","templated":true}]}}