{"id":990,"date":"2016-12-24T14:41:32","date_gmt":"2016-12-24T14:41:32","guid":{"rendered":"http:\/\/ac-mastering.fr\/WordPress\/?page_id=990"},"modified":"2026-02-12T16:22:48","modified_gmt":"2026-02-12T16:22:48","slug":"distribution-digitale","status":"publish","type":"page","link":"https:\/\/www.ac-mastering.fr\/WordPress\/production-distribution\/distribution-digitale\/","title":{"rendered":"Distribution Digitale"},"content":{"rendered":"<p style=\"text-align: justify;\">Vous souhaitez diffuser\/distribuer vos enregistrements sur des plateformes de streaming ou t\u00e9l\u00e9chargement ou sur votre propre site web, le studio ACM peut r\u00e9aliser la conversion et la normalisation de vos fichiers selon les sites et formats souhait\u00e9s.<\/p>\n<p style=\"text-align: justify;\">La majorit\u00e9 des plateformes imposent les formats qui seront contr\u00f4l\u00e9s et normalis\u00e9s selon les nouvelles normes comme l&rsquo;EBU R128 avec des niveaux pr\u00e9-calibr\u00e9s.<br \/>\nSelon votre contenu sonore et la plateforme choisie, les formats accept\u00e9s (compress\u00e9s avec ou sans perte), la qualit\u00e9, les diff\u00e9rents param\u00e8tres d&rsquo;encodage et pour finir le prix peuvent varier.<\/p>\n<p style=\"text-align: justify;\">Selon votre choix, le studio ACM peut prendre en charge la normalisation de vos fichiers.<br \/>\nEn revanche, le d\u00e9p\u00f4t des fichiers est en majorit\u00e9 r\u00e9aliser par le producteur et\/ou propri\u00e9taire des \u0153uvres.<\/p>\n<p style=\"text-align: center;\"><img loading=\"lazy\" decoding=\"async\" class=\"aligncenter size-full wp-image-3599\" src=\"http:\/\/ac-mastering.fr\/WordPress\/wp-content\/uploads\/2016\/08\/Actualit\u00e9s-Ligne-haut-01.png\" alt=\"\" width=\"768\" height=\"38\" data-id=\"3599\" srcset=\"https:\/\/www.ac-mastering.fr\/WordPress\/wp-content\/uploads\/2016\/08\/Actualit\u00e9s-Ligne-haut-01.png 768w, https:\/\/www.ac-mastering.fr\/WordPress\/wp-content\/uploads\/2016\/08\/Actualit\u00e9s-Ligne-haut-01-300x15.png 300w\" sizes=\"auto, (max-width: 768px) 100vw, 768px\" \/><strong>Depuis le 1er septembre 2017, le studio ACM est agr\u00e9\u00e9 partenaire par le site de distribution en ligne iMusician<\/strong><br \/>\n<strong>qui met \u00e0 votre disposition plus de 250 plateformes.<\/strong><br \/>\nSelon vos choix et crit\u00e8res techniques associ\u00e9s (formats, bitrate),<br \/>\nnous pouvons pr\u00e9parer vos fichiers normalis\u00e9s pr\u00eats \u00e0 d\u00e9pos\u00e9s sur le site de notre partenaire iMusician.<\/p>\n<p style=\"text-align: center;\"><a href=\"https:\/\/imusician.pro\/fr\/\" target=\"_blank\" rel=\"noopener noreferrer\"><img loading=\"lazy\" decoding=\"async\" class=\"aligncenter wp-image-4944\" src=\"https:\/\/www.ac-mastering.fr\/WordPress\/wp-content\/uploads\/2025\/05\/Logo_regular-1.png\" alt=\"\" width=\"580\" height=\"118\" data-id=\"4944\" srcset=\"https:\/\/www.ac-mastering.fr\/WordPress\/wp-content\/uploads\/2025\/05\/Logo_regular-1.png 1738w, https:\/\/www.ac-mastering.fr\/WordPress\/wp-content\/uploads\/2025\/05\/Logo_regular-1-300x61.png 300w, https:\/\/www.ac-mastering.fr\/WordPress\/wp-content\/uploads\/2025\/05\/Logo_regular-1-1024x209.png 1024w, https:\/\/www.ac-mastering.fr\/WordPress\/wp-content\/uploads\/2025\/05\/Logo_regular-1-768x156.png 768w, https:\/\/www.ac-mastering.fr\/WordPress\/wp-content\/uploads\/2025\/05\/Logo_regular-1-1536x313.png 1536w\" sizes=\"auto, (max-width: 580px) 100vw, 580px\" \/><\/a><\/p>\n<p style=\"text-align: center;\"><a href=\"http:\/\/auth.imusician.pro\/signup?affiliate_partner_token=233937\">Cliquez ici<\/a> pour b\u00e9n\u00e9ficier d&rsquo;un tarif pr\u00e9f\u00e9rentiel sur tous les services iMusician<\/p>\n<p style=\"text-align: center;\"><img loading=\"lazy\" decoding=\"async\" class=\"aligncenter size-full wp-image-3592\" src=\"http:\/\/ac-mastering.fr\/WordPress\/wp-content\/uploads\/2016\/08\/Actualit\u00e9s-Ligne-bas-01.png\" alt=\"\" width=\"768\" height=\"38\" data-id=\"3592\" srcset=\"https:\/\/www.ac-mastering.fr\/WordPress\/wp-content\/uploads\/2016\/08\/Actualit\u00e9s-Ligne-bas-01.png 768w, https:\/\/www.ac-mastering.fr\/WordPress\/wp-content\/uploads\/2016\/08\/Actualit\u00e9s-Ligne-bas-01-300x15.png 300w\" sizes=\"auto, (max-width: 768px) 100vw, 768px\" \/>Pour tout renseignement en relation avec la Distribution Digitale, cliquez sur le lien ci-dessous :<\/p>\n<p style=\"text-align: justify;\"><a href=\"mailto:contact@ac-mastering.fr?subject=Distribution Digitale - Demande de renseignements\"><img loading=\"lazy\" decoding=\"async\" class=\"aligncenter wp-image-1119 size-full\" src=\"https:\/\/www.ac-mastering.fr\/WordPress\/wp-content\/uploads\/2016\/12\/email-e1483513061915.png\" alt=\"\" width=\"50\" height=\"50\" data-id=\"1119\" \/><\/a><\/p>\n","protected":false},"excerpt":{"rendered":"<p>Vous souhaitez diffuser\/distribuer vos enregistrements sur des plateformes de streaming ou t\u00e9l\u00e9chargement ou sur votre propre site web, le studio ACM peut r\u00e9aliser la conversion et la normalisation de vos fichiers selon les sites et formats souhait\u00e9s. La majorit\u00e9 des&hellip; <\/p>\n","protected":false},"author":1,"featured_media":0,"parent":970,"menu_order":4,"comment_status":"closed","ping_status":"closed","template":"","meta":{"footnotes":""},"class_list":["post-990","page","type-page","status-publish","hentry"],"_links":{"self":[{"href":"https:\/\/www.ac-mastering.fr\/WordPress\/wp-json\/wp\/v2\/pages\/990","targetHints":{"allow":["GET"]}}],"collection":[{"href":"https:\/\/www.ac-mastering.fr\/WordPress\/wp-json\/wp\/v2\/pages"}],"about":[{"href":"https:\/\/www.ac-mastering.fr\/WordPress\/wp-json\/wp\/v2\/types\/page"}],"author":[{"embeddable":true,"href":"https:\/\/www.ac-mastering.fr\/WordPress\/wp-json\/wp\/v2\/users\/1"}],"replies":[{"embeddable":true,"href":"https:\/\/www.ac-mastering.fr\/WordPress\/wp-json\/wp\/v2\/comments?post=990"}],"version-history":[{"count":24,"href":"https:\/\/www.ac-mastering.fr\/WordPress\/wp-json\/wp\/v2\/pages\/990\/revisions"}],"predecessor-version":[{"id":5046,"href":"https:\/\/www.ac-mastering.fr\/WordPress\/wp-json\/wp\/v2\/pages\/990\/revisions\/5046"}],"up":[{"embeddable":true,"href":"https:\/\/www.ac-mastering.fr\/WordPress\/wp-json\/wp\/v2\/pages\/970"}],"wp:attachment":[{"href":"https:\/\/www.ac-mastering.fr\/WordPress\/wp-json\/wp\/v2\/media?parent=990"}],"curies":[{"name":"wp","href":"https:\/\/api.w.org\/{rel}","templated":true}]}}