{"id":994,"date":"2016-12-24T14:43:31","date_gmt":"2016-12-24T14:43:31","guid":{"rendered":"http:\/\/ac-mastering.fr\/WordPress\/?page_id=994"},"modified":"2026-02-12T16:14:03","modified_gmt":"2026-02-12T16:14:03","slug":"autres-supports","status":"publish","type":"page","link":"https:\/\/www.ac-mastering.fr\/WordPress\/production-distribution\/autres-supports\/","title":{"rendered":"Autres Supports"},"content":{"rendered":"<p style=\"text-align: justify;\">Le studio ACM vous propose de reproduire ou concevoir d&rsquo;autres supports de communication pour accompagner votre campagne promotionnelle ou toute autre manifestation.<\/p>\n<h4><strong>\u00a01. Supports num\u00e9riques<\/strong><\/h4>\n<p>cl\u00e9s USB,<br \/>\ndisques durs, disques durs amovibles<br \/>\ncartes m\u00e9moires (tous formats)<\/p>\n<h4><strong>\u00a02. Objets promotionnels, Goodies<\/strong><\/h4>\n<p style=\"text-align: justify;\">Pour valoriser votre op\u00e9ration marketing ou promotionnelle, de nombreux objets peuvent \u00eatre imprim\u00e9s avec le visuel de votre choix :<br \/>\nmugg<br \/>\nTee-Shirt<br \/>\ncasquette<br \/>\nverre<br \/>\nblouson, coupe-vent<br \/>\npackaging promo<br \/>\netc.<\/p>\n<p>Vous souhaitez r\u00e9aliser &amp; distribuer un objet promotionnel, n&rsquo;h\u00e9sitez pas \u00e0 nous contacter <a href=\"https:\/\/ac-mastering.fr\/WordPress\/contact\/\" target=\"_blank\" rel=\"noopener noreferrer\">ici<\/a><\/p>\n","protected":false},"excerpt":{"rendered":"<p>Le studio ACM vous propose de reproduire ou concevoir d&rsquo;autres supports de communication pour accompagner votre campagne promotionnelle ou toute autre manifestation. \u00a01. Supports num\u00e9riques cl\u00e9s USB, disques durs, disques durs amovibles cartes m\u00e9moires (tous formats) \u00a02. Objets promotionnels, Goodies&hellip; <\/p>\n","protected":false},"author":1,"featured_media":0,"parent":970,"menu_order":3,"comment_status":"closed","ping_status":"closed","template":"","meta":{"footnotes":""},"class_list":["post-994","page","type-page","status-publish","hentry"],"_links":{"self":[{"href":"https:\/\/www.ac-mastering.fr\/WordPress\/wp-json\/wp\/v2\/pages\/994","targetHints":{"allow":["GET"]}}],"collection":[{"href":"https:\/\/www.ac-mastering.fr\/WordPress\/wp-json\/wp\/v2\/pages"}],"about":[{"href":"https:\/\/www.ac-mastering.fr\/WordPress\/wp-json\/wp\/v2\/types\/page"}],"author":[{"embeddable":true,"href":"https:\/\/www.ac-mastering.fr\/WordPress\/wp-json\/wp\/v2\/users\/1"}],"replies":[{"embeddable":true,"href":"https:\/\/www.ac-mastering.fr\/WordPress\/wp-json\/wp\/v2\/comments?post=994"}],"version-history":[{"count":14,"href":"https:\/\/www.ac-mastering.fr\/WordPress\/wp-json\/wp\/v2\/pages\/994\/revisions"}],"predecessor-version":[{"id":5040,"href":"https:\/\/www.ac-mastering.fr\/WordPress\/wp-json\/wp\/v2\/pages\/994\/revisions\/5040"}],"up":[{"embeddable":true,"href":"https:\/\/www.ac-mastering.fr\/WordPress\/wp-json\/wp\/v2\/pages\/970"}],"wp:attachment":[{"href":"https:\/\/www.ac-mastering.fr\/WordPress\/wp-json\/wp\/v2\/media?parent=994"}],"curies":[{"name":"wp","href":"https:\/\/api.w.org\/{rel}","templated":true}]}}